{"id":6833,"date":"2024-07-10T13:50:59","date_gmt":"2024-07-10T13:50:59","guid":{"rendered":"https:\/\/sportclubhausamwildkogel.eu\/?page_id=6833"},"modified":"2024-07-10T14:29:57","modified_gmt":"2024-07-10T14:29:57","slug":"maintenance","status":"publish","type":"page","link":"https:\/\/sportclubhausamwildkogel.eu\/en\/maintenance\/","title":{"rendered":"Maintenance"},"content":{"rendered":"<div data-elementor-type=\"wp-page\" data-elementor-id=\"6833\" class=\"elementor elementor-6833\" data-elementor-post-type=\"page\">\n\t\t\t\t\t\t<section class=\"elementor-section elementor-top-section elementor-element elementor-element-c99c837 elementor-section-full_width elementor-section-height-min-height elementor-section-height-default elementor-section-items-middle\" data-id=\"c99c837\" data-element_type=\"section\" data-e-type=\"section\" data-settings=\"{&quot;background_background&quot;:&quot;classic&quot;}\">\n\t\t\t\t\t\t<div class=\"elementor-container elementor-column-gap-default\">\n\t\t\t\t\t<div class=\"elementor-column elementor-col-100 elementor-top-column elementor-element elementor-element-fbf9921\" data-id=\"fbf9921\" data-element_type=\"column\" data-e-type=\"column\">\n\t\t\t<div class=\"elementor-widget-wrap elementor-element-populated\">\n\t\t\t\t\t\t<div class=\"elementor-element elementor-element-aabb317 elementor-widget elementor-widget-spacer\" data-id=\"aabb317\" data-element_type=\"widget\" data-e-type=\"widget\" data-widget_type=\"spacer.default\">\n\t\t\t\t<div class=\"elementor-widget-container\">\n\t\t\t\t\t\t\t<div class=\"elementor-spacer\">\n\t\t\t<div class=\"elementor-spacer-inner\"><\/div>\n\t\t<\/div>\n\t\t\t\t\t\t<\/div>\n\t\t\t\t<\/div>\n\t\t\t\t\t<\/div>\n\t\t<\/div>\n\t\t\t\t\t<\/div>\n\t\t<\/section>\n\t\t\t\t<section class=\"elementor-section elementor-top-section elementor-element elementor-element-d5f654a elementor-section-boxed elementor-section-height-default elementor-section-height-default\" data-id=\"d5f654a\" data-element_type=\"section\" data-e-type=\"section\" data-settings=\"{&quot;background_background&quot;:&quot;classic&quot;}\">\n\t\t\t\t\t\t<div class=\"elementor-container elementor-column-gap-default\">\n\t\t\t\t\t<div class=\"elementor-column elementor-col-100 elementor-top-column elementor-element elementor-element-81b43c9\" data-id=\"81b43c9\" data-element_type=\"column\" data-e-type=\"column\">\n\t\t\t<div class=\"elementor-widget-wrap elementor-element-populated\">\n\t\t\t\t\t\t<div class=\"elementor-element elementor-element-2ebee26 elementor-align-center elementor-widget elementor-widget-lottie\" data-id=\"2ebee26\" data-element_type=\"widget\" data-e-type=\"widget\" data-settings=\"{&quot;source_json&quot;:{&quot;url&quot;:&quot;https:\\\/\\\/sportclubhausamwildkogel.eu\\\/wp-content\\\/uploads\\\/2024\\\/07\\\/Animation-1720620680766.json&quot;,&quot;id&quot;:6845,&quot;size&quot;:&quot;&quot;,&quot;alt&quot;:&quot;&quot;,&quot;source&quot;:&quot;library&quot;},&quot;loop&quot;:&quot;yes&quot;,&quot;source&quot;:&quot;media_file&quot;,&quot;caption_source&quot;:&quot;none&quot;,&quot;link_to&quot;:&quot;none&quot;,&quot;trigger&quot;:&quot;arriving_to_viewport&quot;,&quot;viewport&quot;:{&quot;unit&quot;:&quot;%&quot;,&quot;size&quot;:&quot;&quot;,&quot;sizes&quot;:{&quot;start&quot;:0,&quot;end&quot;:100}},&quot;play_speed&quot;:{&quot;unit&quot;:&quot;px&quot;,&quot;size&quot;:1,&quot;sizes&quot;:[]},&quot;start_point&quot;:{&quot;unit&quot;:&quot;%&quot;,&quot;size&quot;:0,&quot;sizes&quot;:[]},&quot;end_point&quot;:{&quot;unit&quot;:&quot;%&quot;,&quot;size&quot;:100,&quot;sizes&quot;:[]},&quot;renderer&quot;:&quot;svg&quot;}\" data-widget_type=\"lottie.default\">\n\t\t\t\t<div class=\"elementor-widget-container\">\n\t\t\t\t\t<div class=\"e-lottie__container\"><div class=\"e-lottie__animation\"><\/div><\/div>\t\t\t\t<\/div>\n\t\t\t\t<\/div>\n\t\t\t\t<div class=\"elementor-element elementor-element-bd99117 elementor-widget elementor-widget-heading\" data-id=\"bd99117\" data-element_type=\"widget\" data-e-type=\"widget\" data-widget_type=\"heading.default\">\n\t\t\t\t<div class=\"elementor-widget-container\">\n\t\t\t\t\t<h2 class=\"elementor-heading-title elementor-size-default\">Dear Visitor!<\/h2>\t\t\t\t<\/div>\n\t\t\t\t<\/div>\n\t\t\t\t<div class=\"elementor-element elementor-element-120f15d elementor-widget elementor-widget-text-editor\" data-id=\"120f15d\" data-element_type=\"widget\" data-e-type=\"widget\" data-widget_type=\"text-editor.default\">\n\t\t\t\t<div class=\"elementor-widget-container\">\n\t\t\t\t\t\t\t\t\t<p>Our website is currently under maintenance to provide you with an even better service.<\/p><p>Please come back later to discover our innovations!<\/p><p>If you have any questions, please visit <a href=\"https:\/\/www.facebook.com\/ludwighausneukirchen\"><strong>our facebook page<\/strong><\/a>, or contact us by e-mail at the following address: <strong><a href=\"mailto:ludwighausaustria@gmail.com\">ludwighausaustria@gmail.com<\/a>.<\/strong><\/p><p>Thank you for your patience and understanding!<\/p><p>Best regards,<br \/>Ludwighaus Team<\/p>\t\t\t\t\t\t\t\t<\/div>\n\t\t\t\t<\/div>\n\t\t\t\t<div class=\"elementor-element elementor-element-e229d79 elementor-hidden-mobile elementor-widget elementor-widget-spacer\" data-id=\"e229d79\" data-element_type=\"widget\" data-e-type=\"widget\" data-widget_type=\"spacer.default\">\n\t\t\t\t<div class=\"elementor-widget-container\">\n\t\t\t\t\t\t\t<div class=\"elementor-spacer\">\n\t\t\t<div class=\"elementor-spacer-inner\"><\/div>\n\t\t<\/div>\n\t\t\t\t\t\t<\/div>\n\t\t\t\t<\/div>\n\t\t\t\t\t<\/div>\n\t\t<\/div>\n\t\t\t\t\t<\/div>\n\t\t<\/section>\n\t\t\t\t<\/div>","protected":false},"excerpt":{"rendered":"<p>Dear Visitor! Our website is currently under maintenance to provide you with an even better service. Please come back later to discover our new features! If you have any questions, please visit our Facebook page or contact us by e-mail at ludwighausaustria@gmail.com. Thank you for your patience and understanding! Best regards,Ludwighaus Team<\/p>","protected":false},"author":1,"featured_media":0,"parent":0,"menu_order":0,"comment_status":"closed","ping_status":"closed","template":"elementor_header_footer","meta":{"site-sidebar-layout":"no-sidebar","site-content-layout":"page-builder","ast-site-content-layout":"default","site-content-style":"default","site-sidebar-style":"default","ast-global-header-display":"","ast-banner-title-visibility":"","ast-main-header-display":"","ast-hfb-above-header-display":"","ast-hfb-below-header-display":"","ast-hfb-mobile-header-display":"","site-post-title":"disabled","ast-breadcrumbs-content":"","ast-featured-img":"disabled","footer-sml-layout":"","ast-disable-related-posts":"","theme-transparent-header-meta":"","adv-header-id-meta":"","stick-header-meta":"","header-above-stick-meta":"","header-main-stick-meta":"","header-below-stick-meta":"","astra-migrate-meta-layouts":"default","ast-page-background-enabled":"default","ast-page-background-meta":{"desktop":{"background-color":"var(--ast-global-color-4)","background-image":"","background-repeat":"repeat","background-position":"center center","background-size":"auto","background-attachment":"scroll","background-type":"","background-media":"","overlay-type":"","overlay-color":"","overlay-opacity":"","overlay-gradient":""},"tablet":{"background-color":"","background-image":"","background-repeat":"repeat","background-position":"center center","background-size":"auto","background-attachment":"scroll","background-type":"","background-media":"","overlay-type":"","overlay-color":"","overlay-opacity":"","overlay-gradient":""},"mobile":{"background-color":"","background-image":"","background-repeat":"repeat","background-position":"center center","background-size":"auto","background-attachment":"scroll","background-type":"","background-media":"","overlay-type":"","overlay-color":"","overlay-opacity":"","overlay-gradient":""}},"ast-content-background-meta":{"desktop":{"background-color":"var(--ast-global-color-5)","background-image":"","background-repeat":"repeat","background-position":"center center","background-size":"auto","background-attachment":"scroll","background-type":"","background-media":"","overlay-type":"","overlay-color":"","overlay-opacity":"","overlay-gradient":""},"tablet":{"background-color":"var(--ast-global-color-5)","background-image":"","background-repeat":"repeat","background-position":"center center","background-size":"auto","background-attachment":"scroll","background-type":"","background-media":"","overlay-type":"","overlay-color":"","overlay-opacity":"","overlay-gradient":""},"mobile":{"background-color":"var(--ast-global-color-5)","background-image":"","background-repeat":"repeat","background-position":"center center","background-size":"auto","background-attachment":"scroll","background-type":"","background-media":"","overlay-type":"","overlay-color":"","overlay-opacity":"","overlay-gradient":""}},"footnotes":""},"class_list":["post-6833","page","type-page","status-publish","hentry"],"yoast_head":"<!-- This site is optimized with the Yoast SEO Premium plugin v25.6 (Yoast SEO v27.4) - https:\/\/yoast.com\/product\/yoast-seo-premium-wordpress\/ -->\n<title>Maintenance - sportclubhausamwildkogel<\/title>\n<meta name=\"robots\" content=\"index, follow, max-snippet:-1, max-image-preview:large, max-video-preview:-1\" \/>\n<link rel=\"canonical\" href=\"https:\/\/sportclubhausamwildkogel.eu\/en\/maintenance\/\" \/>\n<meta property=\"og:locale\" content=\"en_GB\" \/>\n<meta property=\"og:type\" content=\"article\" \/>\n<meta property=\"og:title\" content=\"Maintenance\" \/>\n<meta property=\"og:description\" content=\"Kedves L\u00e1togat\u00f3nk! Weboldalunk jelenleg karbantart\u00e1s alatt \u00e1ll, hogy m\u00e9g jobb szolg\u00e1ltat\u00e1st ny\u00fajthassunk \u00d6nnek. K\u00e9rj\u00fck, t\u00e9rjen vissza k\u00e9s\u0151bb, \u00e9s fedezze fel az \u00faj\u00edt\u00e1sainkat! Ha b\u00e1rmilyen k\u00e9rd\u00e9se mer\u00fclne fel, l\u00e1togasson el facebook oldalunkra, vagy vegye fel vel\u00fcnk a kapcsolatot az al\u00e1bbi e-mail c\u00edmen: ludwighausaustria@gmail.com. K\u00f6sz\u00f6nj\u00fck t\u00fcrelm\u00e9t \u00e9s meg\u00e9rt\u00e9s\u00e9t! \u00dcdv\u00f6zlettel,Ludwighaus Csapata\" \/>\n<meta property=\"og:url\" content=\"https:\/\/sportclubhausamwildkogel.eu\/en\/maintenance\/\" \/>\n<meta property=\"og:site_name\" content=\"sportclubhausamwildkogel\" \/>\n<meta property=\"article:modified_time\" content=\"2024-07-10T14:29:57+00:00\" \/>\n<meta name=\"twitter:card\" content=\"summary_large_image\" \/>\n<meta name=\"twitter:label1\" content=\"Estimated reading time\" \/>\n\t<meta name=\"twitter:data1\" content=\"1 minute\" \/>\n<script type=\"application\/ld+json\" class=\"yoast-schema-graph\">{\"@context\":\"https:\\\/\\\/schema.org\",\"@graph\":[{\"@type\":\"WebPage\",\"@id\":\"https:\\\/\\\/sportclubhausamwildkogel.eu\\\/maintenance\\\/\",\"url\":\"https:\\\/\\\/sportclubhausamwildkogel.eu\\\/maintenance\\\/\",\"name\":\"Maintenance - sportclubhausamwildkogel\",\"isPartOf\":{\"@id\":\"https:\\\/\\\/sportclubhausamwildkogel.eu\\\/#website\"},\"datePublished\":\"2024-07-10T13:50:59+00:00\",\"dateModified\":\"2024-07-10T14:29:57+00:00\",\"breadcrumb\":{\"@id\":\"https:\\\/\\\/sportclubhausamwildkogel.eu\\\/maintenance\\\/#breadcrumb\"},\"inLanguage\":\"en-GB\",\"potentialAction\":[{\"@type\":\"ReadAction\",\"target\":[\"https:\\\/\\\/sportclubhausamwildkogel.eu\\\/maintenance\\\/\"]}]},{\"@type\":\"BreadcrumbList\",\"@id\":\"https:\\\/\\\/sportclubhausamwildkogel.eu\\\/maintenance\\\/#breadcrumb\",\"itemListElement\":[{\"@type\":\"ListItem\",\"position\":1,\"name\":\"Home\",\"item\":\"https:\\\/\\\/sportclubhausamwildkogel.eu\\\/\"},{\"@type\":\"ListItem\",\"position\":2,\"name\":\"Maintenance\"}]},{\"@type\":\"WebSite\",\"@id\":\"https:\\\/\\\/sportclubhausamwildkogel.eu\\\/#website\",\"url\":\"https:\\\/\\\/sportclubhausamwildkogel.eu\\\/\",\"name\":\"sportclubhausamwildkogel\",\"description\":\"\",\"potentialAction\":[{\"@type\":\"SearchAction\",\"target\":{\"@type\":\"EntryPoint\",\"urlTemplate\":\"https:\\\/\\\/sportclubhausamwildkogel.eu\\\/?s={search_term_string}\"},\"query-input\":{\"@type\":\"PropertyValueSpecification\",\"valueRequired\":true,\"valueName\":\"search_term_string\"}}],\"inLanguage\":\"en-GB\"}]}<\/script>\n<!-- \/ Yoast SEO Premium plugin. -->","yoast_head_json":{"title":"Maintenance - sportclubhausamwildkogel","robots":{"index":"index","follow":"follow","max-snippet":"max-snippet:-1","max-image-preview":"max-image-preview:large","max-video-preview":"max-video-preview:-1"},"canonical":"https:\/\/sportclubhausamwildkogel.eu\/en\/maintenance\/","og_locale":"en_GB","og_type":"article","og_title":"Maintenance","og_description":"Kedves L\u00e1togat\u00f3nk! Weboldalunk jelenleg karbantart\u00e1s alatt \u00e1ll, hogy m\u00e9g jobb szolg\u00e1ltat\u00e1st ny\u00fajthassunk \u00d6nnek. K\u00e9rj\u00fck, t\u00e9rjen vissza k\u00e9s\u0151bb, \u00e9s fedezze fel az \u00faj\u00edt\u00e1sainkat! Ha b\u00e1rmilyen k\u00e9rd\u00e9se mer\u00fclne fel, l\u00e1togasson el facebook oldalunkra, vagy vegye fel vel\u00fcnk a kapcsolatot az al\u00e1bbi e-mail c\u00edmen: ludwighausaustria@gmail.com. K\u00f6sz\u00f6nj\u00fck t\u00fcrelm\u00e9t \u00e9s meg\u00e9rt\u00e9s\u00e9t! \u00dcdv\u00f6zlettel,Ludwighaus Csapata","og_url":"https:\/\/sportclubhausamwildkogel.eu\/en\/maintenance\/","og_site_name":"sportclubhausamwildkogel","article_modified_time":"2024-07-10T14:29:57+00:00","twitter_card":"summary_large_image","twitter_misc":{"Estimated reading time":"1 minute"},"schema":{"@context":"https:\/\/schema.org","@graph":[{"@type":"WebPage","@id":"https:\/\/sportclubhausamwildkogel.eu\/maintenance\/","url":"https:\/\/sportclubhausamwildkogel.eu\/maintenance\/","name":"Maintenance - sportclubhausamwildkogel","isPartOf":{"@id":"https:\/\/sportclubhausamwildkogel.eu\/#website"},"datePublished":"2024-07-10T13:50:59+00:00","dateModified":"2024-07-10T14:29:57+00:00","breadcrumb":{"@id":"https:\/\/sportclubhausamwildkogel.eu\/maintenance\/#breadcrumb"},"inLanguage":"en-GB","potentialAction":[{"@type":"ReadAction","target":["https:\/\/sportclubhausamwildkogel.eu\/maintenance\/"]}]},{"@type":"BreadcrumbList","@id":"https:\/\/sportclubhausamwildkogel.eu\/maintenance\/#breadcrumb","itemListElement":[{"@type":"ListItem","position":1,"name":"Home","item":"https:\/\/sportclubhausamwildkogel.eu\/"},{"@type":"ListItem","position":2,"name":"Maintenance"}]},{"@type":"WebSite","@id":"https:\/\/sportclubhausamwildkogel.eu\/#website","url":"https:\/\/sportclubhausamwildkogel.eu\/","name":"sportclubhausamwildkogel","description":"","potentialAction":[{"@type":"SearchAction","target":{"@type":"EntryPoint","urlTemplate":"https:\/\/sportclubhausamwildkogel.eu\/?s={search_term_string}"},"query-input":{"@type":"PropertyValueSpecification","valueRequired":true,"valueName":"search_term_string"}}],"inLanguage":"en-GB"}]}},"_links":{"self":[{"href":"https:\/\/sportclubhausamwildkogel.eu\/en\/wp-json\/wp\/v2\/pages\/6833","targetHints":{"allow":["GET"]}}],"collection":[{"href":"https:\/\/sportclubhausamwildkogel.eu\/en\/wp-json\/wp\/v2\/pages"}],"about":[{"href":"https:\/\/sportclubhausamwildkogel.eu\/en\/wp-json\/wp\/v2\/types\/page"}],"author":[{"embeddable":true,"href":"https:\/\/sportclubhausamwildkogel.eu\/en\/wp-json\/wp\/v2\/users\/1"}],"replies":[{"embeddable":true,"href":"https:\/\/sportclubhausamwildkogel.eu\/en\/wp-json\/wp\/v2\/comments?post=6833"}],"version-history":[{"count":46,"href":"https:\/\/sportclubhausamwildkogel.eu\/en\/wp-json\/wp\/v2\/pages\/6833\/revisions"}],"predecessor-version":[{"id":6884,"href":"https:\/\/sportclubhausamwildkogel.eu\/en\/wp-json\/wp\/v2\/pages\/6833\/revisions\/6884"}],"wp:attachment":[{"href":"https:\/\/sportclubhausamwildkogel.eu\/en\/wp-json\/wp\/v2\/media?parent=6833"}],"curies":[{"name":"wp","href":"https:\/\/api.w.org\/{rel}","templated":true}]}}