{"id":6019,"date":"2023-04-05T15:30:46","date_gmt":"2023-04-05T15:30:46","guid":{"rendered":"https:\/\/sportclubhausamwildkogel.eu\/?page_id=6019"},"modified":"2023-10-16T18:32:52","modified_gmt":"2023-10-16T18:32:52","slug":"thankyoup-d","status":"publish","type":"page","link":"https:\/\/sportclubhausamwildkogel.eu\/en\/checkin\/thankyoup-d\/","title":{"rendered":"Thank You Page - English"},"content":{"rendered":"<div data-elementor-type=\"wp-page\" data-elementor-id=\"6019\" class=\"elementor elementor-6019\" data-elementor-post-type=\"page\">\n\t\t\t\t\t\t<section class=\"elementor-section elementor-top-section elementor-element elementor-element-3dd5384 elementor-section-height-min-height elementor-section-boxed elementor-section-height-default elementor-section-items-middle\" data-id=\"3dd5384\" data-element_type=\"section\" data-e-type=\"section\" data-settings=\"{&quot;background_background&quot;:&quot;classic&quot;}\">\n\t\t\t\t\t\t<div class=\"elementor-container elementor-column-gap-default\">\n\t\t\t\t\t<div class=\"elementor-column elementor-col-100 elementor-top-column elementor-element elementor-element-9e5e6f5\" data-id=\"9e5e6f5\" data-element_type=\"column\" data-e-type=\"column\">\n\t\t\t<div class=\"elementor-widget-wrap elementor-element-populated\">\n\t\t\t\t\t\t<div class=\"elementor-element elementor-element-63259a5 elementor-widget elementor-widget-spacer\" data-id=\"63259a5\" data-element_type=\"widget\" data-e-type=\"widget\" data-widget_type=\"spacer.default\">\n\t\t\t\t<div class=\"elementor-widget-container\">\n\t\t\t\t\t\t\t<div class=\"elementor-spacer\">\n\t\t\t<div class=\"elementor-spacer-inner\"><\/div>\n\t\t<\/div>\n\t\t\t\t\t\t<\/div>\n\t\t\t\t<\/div>\n\t\t\t\t<div class=\"elementor-element elementor-element-43adc75 elementor-widget elementor-widget-image\" data-id=\"43adc75\" data-element_type=\"widget\" data-e-type=\"widget\" data-widget_type=\"image.default\">\n\t\t\t\t<div class=\"elementor-widget-container\">\n\t\t\t\t\t\t\t\t\t\t\t\t\t\t\t<img fetchpriority=\"high\" decoding=\"async\" width=\"768\" height=\"256\" src=\"https:\/\/sportclubhausamwildkogel.eu\/wp-content\/uploads\/2022\/02\/Logo-1500x500-1-768x256.png\" class=\"attachment-medium_large size-medium_large wp-image-242\" alt=\"\" srcset=\"https:\/\/sportclubhausamwildkogel.eu\/wp-content\/uploads\/2022\/02\/Logo-1500x500-1-768x256.png 768w, https:\/\/sportclubhausamwildkogel.eu\/wp-content\/uploads\/2022\/02\/Logo-1500x500-1-300x100.png 300w, https:\/\/sportclubhausamwildkogel.eu\/wp-content\/uploads\/2022\/02\/Logo-1500x500-1-1024x341.png 1024w, https:\/\/sportclubhausamwildkogel.eu\/wp-content\/uploads\/2022\/02\/Logo-1500x500-1.png 1500w\" sizes=\"(max-width: 768px) 100vw, 768px\" \/>\t\t\t\t\t\t\t\t\t\t\t\t\t\t\t<\/div>\n\t\t\t\t<\/div>\n\t\t\t\t<div class=\"elementor-element elementor-element-3997624 elementor-widget elementor-widget-spacer\" data-id=\"3997624\" data-element_type=\"widget\" data-e-type=\"widget\" data-widget_type=\"spacer.default\">\n\t\t\t\t<div class=\"elementor-widget-container\">\n\t\t\t\t\t\t\t<div class=\"elementor-spacer\">\n\t\t\t<div class=\"elementor-spacer-inner\"><\/div>\n\t\t<\/div>\n\t\t\t\t\t\t<\/div>\n\t\t\t\t<\/div>\n\t\t\t\t<section class=\"elementor-section elementor-inner-section elementor-element elementor-element-6ea6764 elementor-section-full_width elementor-section-height-default elementor-section-height-default\" data-id=\"6ea6764\" data-element_type=\"section\" data-e-type=\"section\" data-settings=\"{&quot;background_background&quot;:&quot;classic&quot;}\">\n\t\t\t\t\t\t<div class=\"elementor-container elementor-column-gap-default\">\n\t\t\t\t\t<div class=\"elementor-column elementor-col-100 elementor-inner-column elementor-element elementor-element-5dcd4b1\" data-id=\"5dcd4b1\" data-element_type=\"column\" data-e-type=\"column\">\n\t\t\t<div class=\"elementor-widget-wrap elementor-element-populated\">\n\t\t\t\t\t\t<div class=\"elementor-element elementor-element-dc0c769 elementor-widget elementor-widget-spacer\" data-id=\"dc0c769\" data-element_type=\"widget\" data-e-type=\"widget\" data-widget_type=\"spacer.default\">\n\t\t\t\t<div class=\"elementor-widget-container\">\n\t\t\t\t\t\t\t<div class=\"elementor-spacer\">\n\t\t\t<div class=\"elementor-spacer-inner\"><\/div>\n\t\t<\/div>\n\t\t\t\t\t\t<\/div>\n\t\t\t\t<\/div>\n\t\t\t\t<div class=\"elementor-element elementor-element-ef8302b elementor-widget elementor-widget-text-editor\" data-id=\"ef8302b\" data-element_type=\"widget\" data-e-type=\"widget\" data-widget_type=\"text-editor.default\">\n\t\t\t\t<div class=\"elementor-widget-container\">\n\t\t\t\t\t\t\t\t\t<p>We would like to thank you for choosing our accommodation and for contributing to the development of our accommodation by filling in the form below.<\/p><p>We will shortly send you a confirmation email to the email address you have provided, together with the WIFI code to make your stay with us even more enjoyable.<\/p><p><strong>IMPORTANT<\/strong>: If you cannot find the email, please check your promotions or SPAM folder.<\/p><p>Thank you for your stay with us and you can close this page!<\/p><p>Yours sincerely:<br \/>Ludwighaus team.<\/p>\t\t\t\t\t\t\t\t<\/div>\n\t\t\t\t<\/div>\n\t\t\t\t\t<\/div>\n\t\t<\/div>\n\t\t\t\t\t<\/div>\n\t\t<\/section>\n\t\t\t\t<div class=\"elementor-element elementor-element-e433590 elementor-widget elementor-widget-spacer\" data-id=\"e433590\" data-element_type=\"widget\" data-e-type=\"widget\" data-widget_type=\"spacer.default\">\n\t\t\t\t<div class=\"elementor-widget-container\">\n\t\t\t\t\t\t\t<div class=\"elementor-spacer\">\n\t\t\t<div class=\"elementor-spacer-inner\"><\/div>\n\t\t<\/div>\n\t\t\t\t\t\t<\/div>\n\t\t\t\t<\/div>\n\t\t\t\t\t<\/div>\n\t\t<\/div>\n\t\t\t\t\t<\/div>\n\t\t<\/section>\n\t\t\t\t<\/div>","protected":false},"excerpt":{"rendered":"<p>Wir m\u00f6chten Ihnen daf\u00fcr danken, dass Sie sich f\u00fcr unsere Unterkunft entschieden haben und zur Entwicklung unserer Unterkunft beitragen, indem Sie das Formular ausf\u00fcllen. Wir werden Ihnen in K\u00fcrze eine Best\u00e4tigungs-E-Mail an die von Ihnen angegebene E-Mail-Adresse senden, zusammen mit dem WIFI-Code, um Ihren Aufenthalt bei uns noch angenehmer zu gestalten. WICHTIG: Wenn Sie die [&hellip;]<\/p>\n","protected":false},"author":1,"featured_media":0,"parent":5786,"menu_order":0,"comment_status":"closed","ping_status":"closed","template":"elementor_canvas","meta":{"site-sidebar-layout":"no-sidebar","site-content-layout":"page-builder","ast-site-content-layout":"default","site-content-style":"default","site-sidebar-style":"default","ast-global-header-display":"","ast-banner-title-visibility":"","ast-main-header-display":"","ast-hfb-above-header-display":"","ast-hfb-below-header-display":"","ast-hfb-mobile-header-display":"","site-post-title":"disabled","ast-breadcrumbs-content":"","ast-featured-img":"disabled","footer-sml-layout":"","ast-disable-related-posts":"","theme-transparent-header-meta":"","adv-header-id-meta":"","stick-header-meta":"","header-above-stick-meta":"","header-main-stick-meta":"","header-below-stick-meta":"","astra-migrate-meta-layouts":"default","ast-page-background-enabled":"default","ast-page-background-meta":{"desktop":{"background-color":"var(--ast-global-color-4)","background-image":"","background-repeat":"repeat","background-position":"center center","background-size":"auto","background-attachment":"scroll","background-type":"","background-media":"","overlay-type":"","overlay-color":"","overlay-opacity":"","overlay-gradient":""},"tablet":{"background-color":"","background-image":"","background-repeat":"repeat","background-position":"center center","background-size":"auto","background-attachment":"scroll","background-type":"","background-media":"","overlay-type":"","overlay-color":"","overlay-opacity":"","overlay-gradient":""},"mobile":{"background-color":"","background-image":"","background-repeat":"repeat","background-position":"center center","background-size":"auto","background-attachment":"scroll","background-type":"","background-media":"","overlay-type":"","overlay-color":"","overlay-opacity":"","overlay-gradient":""}},"ast-content-background-meta":{"desktop":{"background-color":"var(--ast-global-color-5)","background-image":"","background-repeat":"repeat","background-position":"center center","background-size":"auto","background-attachment":"scroll","background-type":"","background-media":"","overlay-type":"","overlay-color":"","overlay-opacity":"","overlay-gradient":""},"tablet":{"background-color":"var(--ast-global-color-5)","background-image":"","background-repeat":"repeat","background-position":"center center","background-size":"auto","background-attachment":"scroll","background-type":"","background-media":"","overlay-type":"","overlay-color":"","overlay-opacity":"","overlay-gradient":""},"mobile":{"background-color":"var(--ast-global-color-5)","background-image":"","background-repeat":"repeat","background-position":"center center","background-size":"auto","background-attachment":"scroll","background-type":"","background-media":"","overlay-type":"","overlay-color":"","overlay-opacity":"","overlay-gradient":""}},"footnotes":""},"class_list":["post-6019","page","type-page","status-publish","hentry"],"yoast_head":"<!-- This site is optimized with the Yoast SEO Premium plugin v25.6 (Yoast SEO v27.4) - https:\/\/yoast.com\/product\/yoast-seo-premium-wordpress\/ -->\n<title>Thank You Page - German - sportclubhausamwildkogel<\/title>\n<meta name=\"robots\" content=\"noindex, nofollow\" \/>\n<meta property=\"og:locale\" content=\"en_GB\" \/>\n<meta property=\"og:type\" content=\"article\" \/>\n<meta property=\"og:title\" content=\"Thank You Page - German\" \/>\n<meta property=\"og:description\" content=\"Wir m\u00f6chten Ihnen daf\u00fcr danken, dass Sie sich f\u00fcr unsere Unterkunft entschieden haben und zur Entwicklung unserer Unterkunft beitragen, indem Sie das Formular ausf\u00fcllen. Wir werden Ihnen in K\u00fcrze eine Best\u00e4tigungs-E-Mail an die von Ihnen angegebene E-Mail-Adresse senden, zusammen mit dem WIFI-Code, um Ihren Aufenthalt bei uns noch angenehmer zu gestalten. WICHTIG: Wenn Sie die [&hellip;]\" \/>\n<meta property=\"og:url\" content=\"https:\/\/sportclubhausamwildkogel.eu\/en\/checkin\/thankyoup-d\/\" \/>\n<meta property=\"og:site_name\" content=\"sportclubhausamwildkogel\" \/>\n<meta property=\"article:modified_time\" content=\"2023-10-16T18:32:52+00:00\" \/>\n<meta property=\"og:image\" content=\"https:\/\/sportclubhausamwildkogel.eu\/wp-content\/uploads\/2022\/02\/Logo-1500x500-1-768x256.png\" \/>\n<meta name=\"twitter:card\" content=\"summary_large_image\" \/>\n<meta name=\"twitter:label1\" content=\"Estimated reading time\" \/>\n\t<meta name=\"twitter:data1\" content=\"1 minute\" \/>\n<script type=\"application\/ld+json\" class=\"yoast-schema-graph\">{\"@context\":\"https:\\\/\\\/schema.org\",\"@graph\":[{\"@type\":\"WebPage\",\"@id\":\"https:\\\/\\\/sportclubhausamwildkogel.eu\\\/checkin\\\/thankyoup-d\\\/\",\"url\":\"https:\\\/\\\/sportclubhausamwildkogel.eu\\\/checkin\\\/thankyoup-d\\\/\",\"name\":\"Thank You Page - German - sportclubhausamwildkogel\",\"isPartOf\":{\"@id\":\"https:\\\/\\\/sportclubhausamwildkogel.eu\\\/#website\"},\"primaryImageOfPage\":{\"@id\":\"https:\\\/\\\/sportclubhausamwildkogel.eu\\\/checkin\\\/thankyoup-d\\\/#primaryimage\"},\"image\":{\"@id\":\"https:\\\/\\\/sportclubhausamwildkogel.eu\\\/checkin\\\/thankyoup-d\\\/#primaryimage\"},\"thumbnailUrl\":\"https:\\\/\\\/sportclubhausamwildkogel.eu\\\/wp-content\\\/uploads\\\/2022\\\/02\\\/Logo-1500x500-1-768x256.png\",\"datePublished\":\"2023-04-05T15:30:46+00:00\",\"dateModified\":\"2023-10-16T18:32:52+00:00\",\"breadcrumb\":{\"@id\":\"https:\\\/\\\/sportclubhausamwildkogel.eu\\\/checkin\\\/thankyoup-d\\\/#breadcrumb\"},\"inLanguage\":\"en-GB\",\"potentialAction\":[{\"@type\":\"ReadAction\",\"target\":[\"https:\\\/\\\/sportclubhausamwildkogel.eu\\\/checkin\\\/thankyoup-d\\\/\"]}]},{\"@type\":\"ImageObject\",\"inLanguage\":\"en-GB\",\"@id\":\"https:\\\/\\\/sportclubhausamwildkogel.eu\\\/checkin\\\/thankyoup-d\\\/#primaryimage\",\"url\":\"https:\\\/\\\/sportclubhausamwildkogel.eu\\\/wp-content\\\/uploads\\\/2022\\\/02\\\/Logo-1500x500-1-768x256.png\",\"contentUrl\":\"https:\\\/\\\/sportclubhausamwildkogel.eu\\\/wp-content\\\/uploads\\\/2022\\\/02\\\/Logo-1500x500-1-768x256.png\"},{\"@type\":\"BreadcrumbList\",\"@id\":\"https:\\\/\\\/sportclubhausamwildkogel.eu\\\/checkin\\\/thankyoup-d\\\/#breadcrumb\",\"itemListElement\":[{\"@type\":\"ListItem\",\"position\":1,\"name\":\"Home\",\"item\":\"https:\\\/\\\/sportclubhausamwildkogel.eu\\\/\"},{\"@type\":\"ListItem\",\"position\":2,\"name\":\"Check-In k\u00f6zponti oldal\",\"item\":\"https:\\\/\\\/sportclubhausamwildkogel.eu\\\/checkin\\\/\"},{\"@type\":\"ListItem\",\"position\":3,\"name\":\"Thank You Page &#8211; German\"}]},{\"@type\":\"WebSite\",\"@id\":\"https:\\\/\\\/sportclubhausamwildkogel.eu\\\/#website\",\"url\":\"https:\\\/\\\/sportclubhausamwildkogel.eu\\\/\",\"name\":\"sportclubhausamwildkogel\",\"description\":\"\",\"potentialAction\":[{\"@type\":\"SearchAction\",\"target\":{\"@type\":\"EntryPoint\",\"urlTemplate\":\"https:\\\/\\\/sportclubhausamwildkogel.eu\\\/?s={search_term_string}\"},\"query-input\":{\"@type\":\"PropertyValueSpecification\",\"valueRequired\":true,\"valueName\":\"search_term_string\"}}],\"inLanguage\":\"en-GB\"}]}<\/script>\n<!-- \/ Yoast SEO Premium plugin. -->","yoast_head_json":{"title":"Thank You Page - English - sportclubhausamwildkogel","robots":{"index":"noindex","follow":"nofollow"},"og_locale":"en_GB","og_type":"article","og_title":"Thank You Page - German","og_description":"Wir m\u00f6chten Ihnen daf\u00fcr danken, dass Sie sich f\u00fcr unsere Unterkunft entschieden haben und zur Entwicklung unserer Unterkunft beitragen, indem Sie das Formular ausf\u00fcllen. Wir werden Ihnen in K\u00fcrze eine Best\u00e4tigungs-E-Mail an die von Ihnen angegebene E-Mail-Adresse senden, zusammen mit dem WIFI-Code, um Ihren Aufenthalt bei uns noch angenehmer zu gestalten. WICHTIG: Wenn Sie die [&hellip;]","og_url":"https:\/\/sportclubhausamwildkogel.eu\/en\/checkin\/thankyoup-d\/","og_site_name":"sportclubhausamwildkogel","article_modified_time":"2023-10-16T18:32:52+00:00","og_image":[{"url":"https:\/\/sportclubhausamwildkogel.eu\/wp-content\/uploads\/2022\/02\/Logo-1500x500-1-768x256.png","type":"","width":"","height":""}],"twitter_card":"summary_large_image","twitter_misc":{"Estimated reading time":"1 minute"},"schema":{"@context":"https:\/\/schema.org","@graph":[{"@type":"WebPage","@id":"https:\/\/sportclubhausamwildkogel.eu\/checkin\/thankyoup-d\/","url":"https:\/\/sportclubhausamwildkogel.eu\/checkin\/thankyoup-d\/","name":"Thank You Page - English - sportclubhausamwildkogel","isPartOf":{"@id":"https:\/\/sportclubhausamwildkogel.eu\/#website"},"primaryImageOfPage":{"@id":"https:\/\/sportclubhausamwildkogel.eu\/checkin\/thankyoup-d\/#primaryimage"},"image":{"@id":"https:\/\/sportclubhausamwildkogel.eu\/checkin\/thankyoup-d\/#primaryimage"},"thumbnailUrl":"https:\/\/sportclubhausamwildkogel.eu\/wp-content\/uploads\/2022\/02\/Logo-1500x500-1-768x256.png","datePublished":"2023-04-05T15:30:46+00:00","dateModified":"2023-10-16T18:32:52+00:00","breadcrumb":{"@id":"https:\/\/sportclubhausamwildkogel.eu\/checkin\/thankyoup-d\/#breadcrumb"},"inLanguage":"en-GB","potentialAction":[{"@type":"ReadAction","target":["https:\/\/sportclubhausamwildkogel.eu\/checkin\/thankyoup-d\/"]}]},{"@type":"ImageObject","inLanguage":"en-GB","@id":"https:\/\/sportclubhausamwildkogel.eu\/checkin\/thankyoup-d\/#primaryimage","url":"https:\/\/sportclubhausamwildkogel.eu\/wp-content\/uploads\/2022\/02\/Logo-1500x500-1-768x256.png","contentUrl":"https:\/\/sportclubhausamwildkogel.eu\/wp-content\/uploads\/2022\/02\/Logo-1500x500-1-768x256.png"},{"@type":"BreadcrumbList","@id":"https:\/\/sportclubhausamwildkogel.eu\/checkin\/thankyoup-d\/#breadcrumb","itemListElement":[{"@type":"ListItem","position":1,"name":"Home","item":"https:\/\/sportclubhausamwildkogel.eu\/"},{"@type":"ListItem","position":2,"name":"Check-In k\u00f6zponti oldal","item":"https:\/\/sportclubhausamwildkogel.eu\/checkin\/"},{"@type":"ListItem","position":3,"name":"Thank You Page &#8211; German"}]},{"@type":"WebSite","@id":"https:\/\/sportclubhausamwildkogel.eu\/#website","url":"https:\/\/sportclubhausamwildkogel.eu\/","name":"sportclubhausamwildkogel","description":"","potentialAction":[{"@type":"SearchAction","target":{"@type":"EntryPoint","urlTemplate":"https:\/\/sportclubhausamwildkogel.eu\/?s={search_term_string}"},"query-input":{"@type":"PropertyValueSpecification","valueRequired":true,"valueName":"search_term_string"}}],"inLanguage":"en-GB"}]}},"_links":{"self":[{"href":"https:\/\/sportclubhausamwildkogel.eu\/en\/wp-json\/wp\/v2\/pages\/6019","targetHints":{"allow":["GET"]}}],"collection":[{"href":"https:\/\/sportclubhausamwildkogel.eu\/en\/wp-json\/wp\/v2\/pages"}],"about":[{"href":"https:\/\/sportclubhausamwildkogel.eu\/en\/wp-json\/wp\/v2\/types\/page"}],"author":[{"embeddable":true,"href":"https:\/\/sportclubhausamwildkogel.eu\/en\/wp-json\/wp\/v2\/users\/1"}],"replies":[{"embeddable":true,"href":"https:\/\/sportclubhausamwildkogel.eu\/en\/wp-json\/wp\/v2\/comments?post=6019"}],"version-history":[{"count":11,"href":"https:\/\/sportclubhausamwildkogel.eu\/en\/wp-json\/wp\/v2\/pages\/6019\/revisions"}],"predecessor-version":[{"id":6539,"href":"https:\/\/sportclubhausamwildkogel.eu\/en\/wp-json\/wp\/v2\/pages\/6019\/revisions\/6539"}],"up":[{"embeddable":true,"href":"https:\/\/sportclubhausamwildkogel.eu\/en\/wp-json\/wp\/v2\/pages\/5786"}],"wp:attachment":[{"href":"https:\/\/sportclubhausamwildkogel.eu\/en\/wp-json\/wp\/v2\/media?parent=6019"}],"curies":[{"name":"wp","href":"https:\/\/api.w.org\/{rel}","templated":true}]}}