{"id":5992,"date":"2023-04-05T15:03:52","date_gmt":"2023-04-05T15:03:52","guid":{"rendered":"https:\/\/sportclubhausamwildkogel.eu\/?page_id=5992"},"modified":"2023-10-16T18:33:36","modified_gmt":"2023-10-16T18:33:36","slug":"typage-hu","status":"publish","type":"page","link":"https:\/\/sportclubhausamwildkogel.eu\/de\/checkin\/typage-hu\/","title":{"rendered":"Dankeseite - Englisch"},"content":{"rendered":"<div data-elementor-type=\"wp-page\" data-elementor-id=\"5992\" class=\"elementor elementor-5992\" data-elementor-post-type=\"page\">\n\t\t\t\t\t\t<section class=\"elementor-section elementor-top-section elementor-element elementor-element-a74f824 elementor-section-height-min-height elementor-section-boxed elementor-section-height-default elementor-section-items-middle\" data-id=\"a74f824\" data-element_type=\"section\" data-e-type=\"section\" data-settings=\"{&quot;background_background&quot;:&quot;classic&quot;}\">\n\t\t\t\t\t\t<div class=\"elementor-container elementor-column-gap-default\">\n\t\t\t\t\t<div class=\"elementor-column elementor-col-100 elementor-top-column elementor-element elementor-element-8fce3f6\" data-id=\"8fce3f6\" data-element_type=\"column\" data-e-type=\"column\">\n\t\t\t<div class=\"elementor-widget-wrap elementor-element-populated\">\n\t\t\t\t\t\t<div class=\"elementor-element elementor-element-c1942c0 elementor-widget elementor-widget-spacer\" data-id=\"c1942c0\" data-element_type=\"widget\" data-e-type=\"widget\" data-widget_type=\"spacer.default\">\n\t\t\t\t<div class=\"elementor-widget-container\">\n\t\t\t\t\t\t\t<div class=\"elementor-spacer\">\n\t\t\t<div class=\"elementor-spacer-inner\"><\/div>\n\t\t<\/div>\n\t\t\t\t\t\t<\/div>\n\t\t\t\t<\/div>\n\t\t\t\t<div class=\"elementor-element elementor-element-5e0fd15 elementor-widget elementor-widget-image\" data-id=\"5e0fd15\" data-element_type=\"widget\" data-e-type=\"widget\" data-widget_type=\"image.default\">\n\t\t\t\t<div class=\"elementor-widget-container\">\n\t\t\t\t\t\t\t\t\t\t\t\t\t\t\t<img fetchpriority=\"high\" decoding=\"async\" width=\"768\" height=\"256\" src=\"https:\/\/sportclubhausamwildkogel.eu\/wp-content\/uploads\/2022\/02\/Logo-1500x500-1-768x256.png\" class=\"attachment-medium_large size-medium_large wp-image-242\" alt=\"\" srcset=\"https:\/\/sportclubhausamwildkogel.eu\/wp-content\/uploads\/2022\/02\/Logo-1500x500-1-768x256.png 768w, https:\/\/sportclubhausamwildkogel.eu\/wp-content\/uploads\/2022\/02\/Logo-1500x500-1-300x100.png 300w, https:\/\/sportclubhausamwildkogel.eu\/wp-content\/uploads\/2022\/02\/Logo-1500x500-1-1024x341.png 1024w, https:\/\/sportclubhausamwildkogel.eu\/wp-content\/uploads\/2022\/02\/Logo-1500x500-1.png 1500w\" sizes=\"(max-width: 768px) 100vw, 768px\" \/>\t\t\t\t\t\t\t\t\t\t\t\t\t\t\t<\/div>\n\t\t\t\t<\/div>\n\t\t\t\t<div class=\"elementor-element elementor-element-3d4054b elementor-widget elementor-widget-spacer\" data-id=\"3d4054b\" data-element_type=\"widget\" data-e-type=\"widget\" data-widget_type=\"spacer.default\">\n\t\t\t\t<div class=\"elementor-widget-container\">\n\t\t\t\t\t\t\t<div class=\"elementor-spacer\">\n\t\t\t<div class=\"elementor-spacer-inner\"><\/div>\n\t\t<\/div>\n\t\t\t\t\t\t<\/div>\n\t\t\t\t<\/div>\n\t\t\t\t<section class=\"elementor-section elementor-inner-section elementor-element elementor-element-f471ead elementor-section-full_width elementor-section-height-default elementor-section-height-default\" data-id=\"f471ead\" data-element_type=\"section\" data-e-type=\"section\" data-settings=\"{&quot;background_background&quot;:&quot;classic&quot;}\">\n\t\t\t\t\t\t<div class=\"elementor-container elementor-column-gap-default\">\n\t\t\t\t\t<div class=\"elementor-column elementor-col-100 elementor-inner-column elementor-element elementor-element-d4da540\" data-id=\"d4da540\" data-element_type=\"column\" data-e-type=\"column\">\n\t\t\t<div class=\"elementor-widget-wrap elementor-element-populated\">\n\t\t\t\t\t\t<div class=\"elementor-element elementor-element-1954606 elementor-widget elementor-widget-spacer\" data-id=\"1954606\" data-element_type=\"widget\" data-e-type=\"widget\" data-widget_type=\"spacer.default\">\n\t\t\t\t<div class=\"elementor-widget-container\">\n\t\t\t\t\t\t\t<div class=\"elementor-spacer\">\n\t\t\t<div class=\"elementor-spacer-inner\"><\/div>\n\t\t<\/div>\n\t\t\t\t\t\t<\/div>\n\t\t\t\t<\/div>\n\t\t\t\t<div class=\"elementor-element elementor-element-9438ef8 elementor-widget elementor-widget-text-editor\" data-id=\"9438ef8\" data-element_type=\"widget\" data-e-type=\"widget\" data-widget_type=\"text-editor.default\">\n\t\t\t\t<div class=\"elementor-widget-container\">\n\t\t\t\t\t\t\t\t\t<p><span style=\"font-size: 18px; font-style: inherit; font-weight: inherit; color: #1d1d1f;\">Wir m\u00f6chten uns bei Ihnen bedanken, dass Sie sich f\u00fcr unsere Unterkunft entschieden haben und durch das Ausf\u00fcllen des Formulars zur Entwicklung unserer Unterkunft beigetragen haben.<\/span><\/p><p>Wir werden Ihnen in K\u00fcrze eine Best\u00e4tigungs-E-Mail an die von Ihnen angegebene E-Mail-Adresse senden, zusammen mit dem WIFI-Code, um Ihren Aufenthalt bei uns noch angenehmer zu gestalten.<\/p><p><b>WICHTIG<\/b>Wenn Sie die E-Mail nicht finden k\u00f6nnen, sehen Sie in Ihrem Werbe- oder SPAM-Ordner nach.<\/p><p>Vielen Dank, dass Sie Ihre Zeit mit uns verbringen, und Sie k\u00f6nnen diese Seite gerne schlie\u00dfen!<\/p><p>Mit freundlichen Gr\u00fc\u00dfen:<br \/>Ludwighaus-Team<\/p>\t\t\t\t\t\t\t\t<\/div>\n\t\t\t\t<\/div>\n\t\t\t\t\t<\/div>\n\t\t<\/div>\n\t\t\t\t\t<\/div>\n\t\t<\/section>\n\t\t\t\t<div class=\"elementor-element elementor-element-601e9a2 elementor-widget elementor-widget-spacer\" data-id=\"601e9a2\" data-element_type=\"widget\" data-e-type=\"widget\" data-widget_type=\"spacer.default\">\n\t\t\t\t<div class=\"elementor-widget-container\">\n\t\t\t\t\t\t\t<div class=\"elementor-spacer\">\n\t\t\t<div class=\"elementor-spacer-inner\"><\/div>\n\t\t<\/div>\n\t\t\t\t\t\t<\/div>\n\t\t\t\t<\/div>\n\t\t\t\t\t<\/div>\n\t\t<\/div>\n\t\t\t\t\t<\/div>\n\t\t<\/section>\n\t\t\t\t<\/div>","protected":false},"excerpt":{"rendered":"<p>Szeretn\u00e9nk megk\u00f6sz\u00f6nni \u00d6nnek, hogy sz\u00e1ll\u00e1sunkat v\u00e1lasztotta, \u00e9s az \u00e1ltalunk biztos\u00edtott \u0171rlap kit\u00f6lt\u00e9s\u00e9vel hozz\u00e1j\u00e1rult sz\u00e1ll\u00e1shely\u00fcnk fejleszt\u00e9s\u00e9hez. Hamarosan elk\u00fcldj\u00fck \u00d6nnek a visszaigazol\u00f3 emailt az \u00d6n \u00e1ltal megadott e-mail c\u00edmre a WIFI k\u00f3ddal egy\u00fctt, hogy m\u00e9g kellemesebb legyen a pihen\u00e9se n\u00e1lunk. FONTOS: Ha nem tal\u00e1lja az emailt, akkor n\u00e9zze meg a Prom\u00f3ci\u00f3k, vagy a SPAM mapp\u00e1ban. K\u00f6sz\u00f6nj\u00fck, hogy [&hellip;]<\/p>\n","protected":false},"author":1,"featured_media":0,"parent":5786,"menu_order":0,"comment_status":"closed","ping_status":"closed","template":"elementor_canvas","meta":{"site-sidebar-layout":"no-sidebar","site-content-layout":"page-builder","ast-site-content-layout":"default","site-content-style":"default","site-sidebar-style":"default","ast-global-header-display":"","ast-banner-title-visibility":"","ast-main-header-display":"","ast-hfb-above-header-display":"","ast-hfb-below-header-display":"","ast-hfb-mobile-header-display":"","site-post-title":"disabled","ast-breadcrumbs-content":"","ast-featured-img":"disabled","footer-sml-layout":"","ast-disable-related-posts":"","theme-transparent-header-meta":"","adv-header-id-meta":"","stick-header-meta":"","header-above-stick-meta":"","header-main-stick-meta":"","header-below-stick-meta":"","astra-migrate-meta-layouts":"default","ast-page-background-enabled":"default","ast-page-background-meta":{"desktop":{"background-color":"var(--ast-global-color-4)","background-image":"","background-repeat":"repeat","background-position":"center center","background-size":"auto","background-attachment":"scroll","background-type":"","background-media":"","overlay-type":"","overlay-color":"","overlay-opacity":"","overlay-gradient":""},"tablet":{"background-color":"","background-image":"","background-repeat":"repeat","background-position":"center center","background-size":"auto","background-attachment":"scroll","background-type":"","background-media":"","overlay-type":"","overlay-color":"","overlay-opacity":"","overlay-gradient":""},"mobile":{"background-color":"","background-image":"","background-repeat":"repeat","background-position":"center center","background-size":"auto","background-attachment":"scroll","background-type":"","background-media":"","overlay-type":"","overlay-color":"","overlay-opacity":"","overlay-gradient":""}},"ast-content-background-meta":{"desktop":{"background-color":"var(--ast-global-color-5)","background-image":"","background-repeat":"repeat","background-position":"center center","background-size":"auto","background-attachment":"scroll","background-type":"","background-media":"","overlay-type":"","overlay-color":"","overlay-opacity":"","overlay-gradient":""},"tablet":{"background-color":"var(--ast-global-color-5)","background-image":"","background-repeat":"repeat","background-position":"center center","background-size":"auto","background-attachment":"scroll","background-type":"","background-media":"","overlay-type":"","overlay-color":"","overlay-opacity":"","overlay-gradient":""},"mobile":{"background-color":"var(--ast-global-color-5)","background-image":"","background-repeat":"repeat","background-position":"center center","background-size":"auto","background-attachment":"scroll","background-type":"","background-media":"","overlay-type":"","overlay-color":"","overlay-opacity":"","overlay-gradient":""}},"footnotes":""},"class_list":["post-5992","page","type-page","status-publish","hentry"],"yoast_head":"<!-- This site is optimized with the Yoast SEO Premium plugin v25.6 (Yoast SEO v27.4) - https:\/\/yoast.com\/product\/yoast-seo-premium-wordpress\/ -->\n<title>Thank you page - Magyar - sportclubhausamwildkogel<\/title>\n<meta name=\"robots\" content=\"noindex, nofollow\" \/>\n<meta property=\"og:locale\" content=\"de_DE\" \/>\n<meta property=\"og:type\" content=\"article\" \/>\n<meta property=\"og:title\" content=\"Thank you page - Magyar\" \/>\n<meta property=\"og:description\" content=\"Szeretn\u00e9nk megk\u00f6sz\u00f6nni \u00d6nnek, hogy sz\u00e1ll\u00e1sunkat v\u00e1lasztotta, \u00e9s az \u00e1ltalunk biztos\u00edtott \u0171rlap kit\u00f6lt\u00e9s\u00e9vel hozz\u00e1j\u00e1rult sz\u00e1ll\u00e1shely\u00fcnk fejleszt\u00e9s\u00e9hez. Hamarosan elk\u00fcldj\u00fck \u00d6nnek a visszaigazol\u00f3 emailt az \u00d6n \u00e1ltal megadott e-mail c\u00edmre a WIFI k\u00f3ddal egy\u00fctt, hogy m\u00e9g kellemesebb legyen a pihen\u00e9se n\u00e1lunk. FONTOS: Ha nem tal\u00e1lja az emailt, akkor n\u00e9zze meg a Prom\u00f3ci\u00f3k, vagy a SPAM mapp\u00e1ban. K\u00f6sz\u00f6nj\u00fck, hogy [&hellip;]\" \/>\n<meta property=\"og:url\" content=\"https:\/\/sportclubhausamwildkogel.eu\/de\/checkin\/typage-hu\/\" \/>\n<meta property=\"og:site_name\" content=\"sportclubhausamwildkogel\" \/>\n<meta property=\"article:modified_time\" content=\"2023-10-16T18:33:36+00:00\" \/>\n<meta property=\"og:image\" content=\"https:\/\/sportclubhausamwildkogel.eu\/wp-content\/uploads\/2022\/02\/Logo-1500x500-1-768x256.png\" \/>\n<meta name=\"twitter:card\" content=\"summary_large_image\" \/>\n<meta name=\"twitter:label1\" content=\"Gesch\u00e4tzte Lesezeit\" \/>\n\t<meta name=\"twitter:data1\" content=\"1\u00a0Minute\" \/>\n<script type=\"application\/ld+json\" class=\"yoast-schema-graph\">{\"@context\":\"https:\\\/\\\/schema.org\",\"@graph\":[{\"@type\":\"WebPage\",\"@id\":\"https:\\\/\\\/sportclubhausamwildkogel.eu\\\/checkin\\\/typage-hu\\\/\",\"url\":\"https:\\\/\\\/sportclubhausamwildkogel.eu\\\/checkin\\\/typage-hu\\\/\",\"name\":\"Thank you page - Magyar - sportclubhausamwildkogel\",\"isPartOf\":{\"@id\":\"https:\\\/\\\/sportclubhausamwildkogel.eu\\\/#website\"},\"primaryImageOfPage\":{\"@id\":\"https:\\\/\\\/sportclubhausamwildkogel.eu\\\/checkin\\\/typage-hu\\\/#primaryimage\"},\"image\":{\"@id\":\"https:\\\/\\\/sportclubhausamwildkogel.eu\\\/checkin\\\/typage-hu\\\/#primaryimage\"},\"thumbnailUrl\":\"https:\\\/\\\/sportclubhausamwildkogel.eu\\\/wp-content\\\/uploads\\\/2022\\\/02\\\/Logo-1500x500-1-768x256.png\",\"datePublished\":\"2023-04-05T15:03:52+00:00\",\"dateModified\":\"2023-10-16T18:33:36+00:00\",\"breadcrumb\":{\"@id\":\"https:\\\/\\\/sportclubhausamwildkogel.eu\\\/checkin\\\/typage-hu\\\/#breadcrumb\"},\"inLanguage\":\"de\",\"potentialAction\":[{\"@type\":\"ReadAction\",\"target\":[\"https:\\\/\\\/sportclubhausamwildkogel.eu\\\/checkin\\\/typage-hu\\\/\"]}]},{\"@type\":\"ImageObject\",\"inLanguage\":\"de\",\"@id\":\"https:\\\/\\\/sportclubhausamwildkogel.eu\\\/checkin\\\/typage-hu\\\/#primaryimage\",\"url\":\"https:\\\/\\\/sportclubhausamwildkogel.eu\\\/wp-content\\\/uploads\\\/2022\\\/02\\\/Logo-1500x500-1-768x256.png\",\"contentUrl\":\"https:\\\/\\\/sportclubhausamwildkogel.eu\\\/wp-content\\\/uploads\\\/2022\\\/02\\\/Logo-1500x500-1-768x256.png\"},{\"@type\":\"BreadcrumbList\",\"@id\":\"https:\\\/\\\/sportclubhausamwildkogel.eu\\\/checkin\\\/typage-hu\\\/#breadcrumb\",\"itemListElement\":[{\"@type\":\"ListItem\",\"position\":1,\"name\":\"Home\",\"item\":\"https:\\\/\\\/sportclubhausamwildkogel.eu\\\/\"},{\"@type\":\"ListItem\",\"position\":2,\"name\":\"Check-In k\u00f6zponti oldal\",\"item\":\"https:\\\/\\\/sportclubhausamwildkogel.eu\\\/checkin\\\/\"},{\"@type\":\"ListItem\",\"position\":3,\"name\":\"Thank you page &#8211; Magyar\"}]},{\"@type\":\"WebSite\",\"@id\":\"https:\\\/\\\/sportclubhausamwildkogel.eu\\\/#website\",\"url\":\"https:\\\/\\\/sportclubhausamwildkogel.eu\\\/\",\"name\":\"sportclubhausamwildkogel\",\"description\":\"\",\"potentialAction\":[{\"@type\":\"SearchAction\",\"target\":{\"@type\":\"EntryPoint\",\"urlTemplate\":\"https:\\\/\\\/sportclubhausamwildkogel.eu\\\/?s={search_term_string}\"},\"query-input\":{\"@type\":\"PropertyValueSpecification\",\"valueRequired\":true,\"valueName\":\"search_term_string\"}}],\"inLanguage\":\"de\"}]}<\/script>\n<!-- \/ Yoast SEO Premium plugin. -->","yoast_head_json":{"title":"Dankeseite - Englisch - sportclubhausamwildkogel","robots":{"index":"noindex","follow":"nofollow"},"og_locale":"de_DE","og_type":"article","og_title":"Thank you page - Magyar","og_description":"Szeretn\u00e9nk megk\u00f6sz\u00f6nni \u00d6nnek, hogy sz\u00e1ll\u00e1sunkat v\u00e1lasztotta, \u00e9s az \u00e1ltalunk biztos\u00edtott \u0171rlap kit\u00f6lt\u00e9s\u00e9vel hozz\u00e1j\u00e1rult sz\u00e1ll\u00e1shely\u00fcnk fejleszt\u00e9s\u00e9hez. Hamarosan elk\u00fcldj\u00fck \u00d6nnek a visszaigazol\u00f3 emailt az \u00d6n \u00e1ltal megadott e-mail c\u00edmre a WIFI k\u00f3ddal egy\u00fctt, hogy m\u00e9g kellemesebb legyen a pihen\u00e9se n\u00e1lunk. FONTOS: Ha nem tal\u00e1lja az emailt, akkor n\u00e9zze meg a Prom\u00f3ci\u00f3k, vagy a SPAM mapp\u00e1ban. K\u00f6sz\u00f6nj\u00fck, hogy [&hellip;]","og_url":"https:\/\/sportclubhausamwildkogel.eu\/de\/checkin\/typage-hu\/","og_site_name":"sportclubhausamwildkogel","article_modified_time":"2023-10-16T18:33:36+00:00","og_image":[{"url":"https:\/\/sportclubhausamwildkogel.eu\/wp-content\/uploads\/2022\/02\/Logo-1500x500-1-768x256.png","type":"","width":"","height":""}],"twitter_card":"summary_large_image","twitter_misc":{"Gesch\u00e4tzte Lesezeit":"1\u00a0Minute"},"schema":{"@context":"https:\/\/schema.org","@graph":[{"@type":"WebPage","@id":"https:\/\/sportclubhausamwildkogel.eu\/checkin\/typage-hu\/","url":"https:\/\/sportclubhausamwildkogel.eu\/checkin\/typage-hu\/","name":"Dankeseite - Englisch - sportclubhausamwildkogel","isPartOf":{"@id":"https:\/\/sportclubhausamwildkogel.eu\/#website"},"primaryImageOfPage":{"@id":"https:\/\/sportclubhausamwildkogel.eu\/checkin\/typage-hu\/#primaryimage"},"image":{"@id":"https:\/\/sportclubhausamwildkogel.eu\/checkin\/typage-hu\/#primaryimage"},"thumbnailUrl":"https:\/\/sportclubhausamwildkogel.eu\/wp-content\/uploads\/2022\/02\/Logo-1500x500-1-768x256.png","datePublished":"2023-04-05T15:03:52+00:00","dateModified":"2023-10-16T18:33:36+00:00","breadcrumb":{"@id":"https:\/\/sportclubhausamwildkogel.eu\/checkin\/typage-hu\/#breadcrumb"},"inLanguage":"de","potentialAction":[{"@type":"ReadAction","target":["https:\/\/sportclubhausamwildkogel.eu\/checkin\/typage-hu\/"]}]},{"@type":"ImageObject","inLanguage":"de","@id":"https:\/\/sportclubhausamwildkogel.eu\/checkin\/typage-hu\/#primaryimage","url":"https:\/\/sportclubhausamwildkogel.eu\/wp-content\/uploads\/2022\/02\/Logo-1500x500-1-768x256.png","contentUrl":"https:\/\/sportclubhausamwildkogel.eu\/wp-content\/uploads\/2022\/02\/Logo-1500x500-1-768x256.png"},{"@type":"BreadcrumbList","@id":"https:\/\/sportclubhausamwildkogel.eu\/checkin\/typage-hu\/#breadcrumb","itemListElement":[{"@type":"ListItem","position":1,"name":"Home","item":"https:\/\/sportclubhausamwildkogel.eu\/"},{"@type":"ListItem","position":2,"name":"Check-In k\u00f6zponti oldal","item":"https:\/\/sportclubhausamwildkogel.eu\/checkin\/"},{"@type":"ListItem","position":3,"name":"Thank you page &#8211; Magyar"}]},{"@type":"WebSite","@id":"https:\/\/sportclubhausamwildkogel.eu\/#website","url":"https:\/\/sportclubhausamwildkogel.eu\/","name":"sportclubhausamwildkogel","description":"","potentialAction":[{"@type":"SearchAction","target":{"@type":"EntryPoint","urlTemplate":"https:\/\/sportclubhausamwildkogel.eu\/?s={search_term_string}"},"query-input":{"@type":"PropertyValueSpecification","valueRequired":true,"valueName":"search_term_string"}}],"inLanguage":"de"}]}},"_links":{"self":[{"href":"https:\/\/sportclubhausamwildkogel.eu\/de\/wp-json\/wp\/v2\/pages\/5992","targetHints":{"allow":["GET"]}}],"collection":[{"href":"https:\/\/sportclubhausamwildkogel.eu\/de\/wp-json\/wp\/v2\/pages"}],"about":[{"href":"https:\/\/sportclubhausamwildkogel.eu\/de\/wp-json\/wp\/v2\/types\/page"}],"author":[{"embeddable":true,"href":"https:\/\/sportclubhausamwildkogel.eu\/de\/wp-json\/wp\/v2\/users\/1"}],"replies":[{"embeddable":true,"href":"https:\/\/sportclubhausamwildkogel.eu\/de\/wp-json\/wp\/v2\/comments?post=5992"}],"version-history":[{"count":134,"href":"https:\/\/sportclubhausamwildkogel.eu\/de\/wp-json\/wp\/v2\/pages\/5992\/revisions"}],"predecessor-version":[{"id":6542,"href":"https:\/\/sportclubhausamwildkogel.eu\/de\/wp-json\/wp\/v2\/pages\/5992\/revisions\/6542"}],"up":[{"embeddable":true,"href":"https:\/\/sportclubhausamwildkogel.eu\/de\/wp-json\/wp\/v2\/pages\/5786"}],"wp:attachment":[{"href":"https:\/\/sportclubhausamwildkogel.eu\/de\/wp-json\/wp\/v2\/media?parent=5992"}],"curies":[{"name":"wp","href":"https:\/\/api.w.org\/{rel}","templated":true}]}}