{"id":5929,"date":"2023-04-03T17:32:30","date_gmt":"2023-04-03T17:32:30","guid":{"rendered":"https:\/\/sportclubhausamwildkogel.eu\/?page_id=5929"},"modified":"2023-10-16T18:30:53","modified_gmt":"2023-10-16T18:30:53","slug":"d","status":"publish","type":"page","link":"https:\/\/sportclubhausamwildkogel.eu\/de\/checkin\/d\/","title":{"rendered":"Check-In-Formular - Englisch"},"content":{"rendered":"<div data-elementor-type=\"wp-page\" data-elementor-id=\"5929\" class=\"elementor elementor-5929\" data-elementor-post-type=\"page\">\n\t\t\t\t\t\t<section class=\"elementor-section elementor-top-section elementor-element elementor-element-548cbdb elementor-section-boxed elementor-section-height-default elementor-section-height-default\" data-id=\"548cbdb\" data-element_type=\"section\" data-e-type=\"section\" data-settings=\"{&quot;background_background&quot;:&quot;classic&quot;}\">\n\t\t\t\t\t\t<div class=\"elementor-container elementor-column-gap-default\">\n\t\t\t\t\t<div class=\"elementor-column elementor-col-100 elementor-top-column elementor-element elementor-element-51fb18d\" data-id=\"51fb18d\" data-element_type=\"column\" data-e-type=\"column\">\n\t\t\t<div class=\"elementor-widget-wrap elementor-element-populated\">\n\t\t\t\t\t\t<div class=\"elementor-element elementor-element-e47585e elementor-widget elementor-widget-spacer\" data-id=\"e47585e\" data-element_type=\"widget\" data-e-type=\"widget\" data-widget_type=\"spacer.default\">\n\t\t\t\t<div class=\"elementor-widget-container\">\n\t\t\t\t\t\t\t<div class=\"elementor-spacer\">\n\t\t\t<div class=\"elementor-spacer-inner\"><\/div>\n\t\t<\/div>\n\t\t\t\t\t\t<\/div>\n\t\t\t\t<\/div>\n\t\t\t\t<div class=\"elementor-element elementor-element-dbd6033 elementor-widget elementor-widget-image\" data-id=\"dbd6033\" data-element_type=\"widget\" data-e-type=\"widget\" data-widget_type=\"image.default\">\n\t\t\t\t<div class=\"elementor-widget-container\">\n\t\t\t\t\t\t\t\t\t\t\t\t\t\t\t<img fetchpriority=\"high\" decoding=\"async\" width=\"768\" height=\"256\" src=\"https:\/\/sportclubhausamwildkogel.eu\/wp-content\/uploads\/2022\/04\/Ludwighaus-fekete-logo-768x256.png\" class=\"attachment-medium_large size-medium_large wp-image-791\" alt=\"\" srcset=\"https:\/\/sportclubhausamwildkogel.eu\/wp-content\/uploads\/2022\/04\/Ludwighaus-fekete-logo-768x256.png 768w, https:\/\/sportclubhausamwildkogel.eu\/wp-content\/uploads\/2022\/04\/Ludwighaus-fekete-logo-300x100.png 300w, https:\/\/sportclubhausamwildkogel.eu\/wp-content\/uploads\/2022\/04\/Ludwighaus-fekete-logo-1024x341.png 1024w, https:\/\/sportclubhausamwildkogel.eu\/wp-content\/uploads\/2022\/04\/Ludwighaus-fekete-logo.png 1500w\" sizes=\"(max-width: 768px) 100vw, 768px\" \/>\t\t\t\t\t\t\t\t\t\t\t\t\t\t\t<\/div>\n\t\t\t\t<\/div>\n\t\t\t\t<div class=\"elementor-element elementor-element-c9507d2 elementor-widget elementor-widget-spacer\" data-id=\"c9507d2\" data-element_type=\"widget\" data-e-type=\"widget\" data-widget_type=\"spacer.default\">\n\t\t\t\t<div class=\"elementor-widget-container\">\n\t\t\t\t\t\t\t<div class=\"elementor-spacer\">\n\t\t\t<div class=\"elementor-spacer-inner\"><\/div>\n\t\t<\/div>\n\t\t\t\t\t\t<\/div>\n\t\t\t\t<\/div>\n\t\t\t\t<div class=\"elementor-element elementor-element-7e4dc0a elementor-widget elementor-widget-text-editor\" data-id=\"7e4dc0a\" data-element_type=\"widget\" data-e-type=\"widget\" data-widget_type=\"text-editor.default\">\n\t\t\t\t<div class=\"elementor-widget-container\">\n\t\t\t\t\t\t\t\t\t<h3><strong>Lieber Gast!<br \/><br \/><\/strong><\/h3><p>Bitte beachten Sie, dass alle Personen, die \u00fcber 18 Jahre alt sind, das untenstehende Anmeldeformular ausf\u00fcllen m\u00fcssen, um in unserer Unterkunft zu \u00fcbernachten!<\/p><p>Es ist wichtig zu beachten, dass nach dem Ausf\u00fcllen des Formulars eine Best\u00e4tigungs-E-Mail an die angegebene E-Mail-Adresse geschickt wird, die das Passwort f\u00fcr den kostenlosen WIFI-Zugang enth\u00e4lt.<\/p><p>Wir danken Ihnen f\u00fcr Ihre Buchung und w\u00fcnschen Ihnen einen angenehmen Aufenthalt bei uns!<\/p><p>Mit freundlichen Gr\u00fc\u00dfen:<br \/>Ludwighaus-Team<\/p>\t\t\t\t\t\t\t\t<\/div>\n\t\t\t\t<\/div>\n\t\t\t\t<div class=\"elementor-element elementor-element-49bf2b5 elementor-widget elementor-widget-html\" data-id=\"49bf2b5\" data-element_type=\"widget\" data-e-type=\"widget\" data-widget_type=\"html.default\">\n\t\t\t\t<div class=\"elementor-widget-container\">\n\t\t\t\t\t<div id=\"mmform270747\" class=\"mmform\" style=\"position: relative; padding-bottom: 300px; height: 0; overflow: hidden; max-width: 100%;\"><\/div>\n<script type=\"text\/javascript\">\nvar uniqueId = 2707471680784200233,\n\tlistId = 136656,\n\tformId = 270747,\n\tiwidth=420,\n\tmmDomain='salesautopilot.s3.amazonaws.com',\n\tsecondMMDomain='sw.marketingszoftverek.hu',\n\tspancont=false,\n\tsecure='https:' == (document.location.protocol)?true:false;\n<\/script>\n<script type=\"text\/javascript\" src=\"https:\/\/d1ursyhqs5x9h1.cloudfront.net\/sw\/scripts\/mm-embed-iframe-1.15.min.js\"><\/script>\t\t\t\t<\/div>\n\t\t\t\t<\/div>\n\t\t\t\t<div class=\"elementor-element elementor-element-fa0bb0d elementor-widget elementor-widget-spacer\" data-id=\"fa0bb0d\" data-element_type=\"widget\" data-e-type=\"widget\" data-widget_type=\"spacer.default\">\n\t\t\t\t<div class=\"elementor-widget-container\">\n\t\t\t\t\t\t\t<div class=\"elementor-spacer\">\n\t\t\t<div class=\"elementor-spacer-inner\"><\/div>\n\t\t<\/div>\n\t\t\t\t\t\t<\/div>\n\t\t\t\t<\/div>\n\t\t\t\t\t<\/div>\n\t\t<\/div>\n\t\t\t\t\t<\/div>\n\t\t<\/section>\n\t\t\t\t<\/div>","protected":false},"excerpt":{"rendered":"<p>Lieber Gast! Wir m\u00f6chten Sie darauf hinweisen, dass alle Personen \u00fcber 18 Jahre das untenstehende Anmeldeformular ausf\u00fcllen m\u00fcssen, um in unserer Unterkunft zu \u00fcbernachten! Es ist wichtig zu beachten, dass nach dem Ausf\u00fcllen des Formulars eine Best\u00e4tigungs-E-Mail an die angegebene E-Mail-Adresse gesendet wird, die das Passwort f\u00fcr den kostenlosen WIFI-Zugang enthalten wird. Wir danken Ihnen [&hellip;]<\/p>\n","protected":false},"author":1,"featured_media":0,"parent":5786,"menu_order":0,"comment_status":"closed","ping_status":"closed","template":"elementor_canvas","meta":{"site-sidebar-layout":"no-sidebar","site-content-layout":"page-builder","ast-site-content-layout":"default","site-content-style":"default","site-sidebar-style":"default","ast-global-header-display":"","ast-banner-title-visibility":"","ast-main-header-display":"","ast-hfb-above-header-display":"","ast-hfb-below-header-display":"","ast-hfb-mobile-header-display":"","site-post-title":"disabled","ast-breadcrumbs-content":"","ast-featured-img":"disabled","footer-sml-layout":"","ast-disable-related-posts":"","theme-transparent-header-meta":"","adv-header-id-meta":"","stick-header-meta":"","header-above-stick-meta":"","header-main-stick-meta":"","header-below-stick-meta":"","astra-migrate-meta-layouts":"default","ast-page-background-enabled":"default","ast-page-background-meta":{"desktop":{"background-color":"var(--ast-global-color-4)","background-image":"","background-repeat":"repeat","background-position":"center center","background-size":"auto","background-attachment":"scroll","background-type":"","background-media":"","overlay-type":"","overlay-color":"","overlay-opacity":"","overlay-gradient":""},"tablet":{"background-color":"","background-image":"","background-repeat":"repeat","background-position":"center center","background-size":"auto","background-attachment":"scroll","background-type":"","background-media":"","overlay-type":"","overlay-color":"","overlay-opacity":"","overlay-gradient":""},"mobile":{"background-color":"","background-image":"","background-repeat":"repeat","background-position":"center center","background-size":"auto","background-attachment":"scroll","background-type":"","background-media":"","overlay-type":"","overlay-color":"","overlay-opacity":"","overlay-gradient":""}},"ast-content-background-meta":{"desktop":{"background-color":"var(--ast-global-color-5)","background-image":"","background-repeat":"repeat","background-position":"center center","background-size":"auto","background-attachment":"scroll","background-type":"","background-media":"","overlay-type":"","overlay-color":"","overlay-opacity":"","overlay-gradient":""},"tablet":{"background-color":"var(--ast-global-color-5)","background-image":"","background-repeat":"repeat","background-position":"center center","background-size":"auto","background-attachment":"scroll","background-type":"","background-media":"","overlay-type":"","overlay-color":"","overlay-opacity":"","overlay-gradient":""},"mobile":{"background-color":"var(--ast-global-color-5)","background-image":"","background-repeat":"repeat","background-position":"center center","background-size":"auto","background-attachment":"scroll","background-type":"","background-media":"","overlay-type":"","overlay-color":"","overlay-opacity":"","overlay-gradient":""}},"footnotes":""},"class_list":["post-5929","page","type-page","status-publish","hentry"],"yoast_head":"<!-- This site is optimized with the Yoast SEO Premium plugin v25.6 (Yoast SEO v27.4) - https:\/\/yoast.com\/product\/yoast-seo-premium-wordpress\/ -->\n<title>Check-In form - German - sportclubhausamwildkogel<\/title>\n<meta name=\"robots\" content=\"noindex, nofollow\" \/>\n<meta property=\"og:locale\" content=\"de_DE\" \/>\n<meta property=\"og:type\" content=\"article\" \/>\n<meta property=\"og:title\" content=\"Check-In form - German\" \/>\n<meta property=\"og:description\" content=\"Lieber Gast! Wir m\u00f6chten Sie darauf hinweisen, dass alle Personen \u00fcber 18 Jahre das untenstehende Anmeldeformular ausf\u00fcllen m\u00fcssen, um in unserer Unterkunft zu \u00fcbernachten! Es ist wichtig zu beachten, dass nach dem Ausf\u00fcllen des Formulars eine Best\u00e4tigungs-E-Mail an die angegebene E-Mail-Adresse gesendet wird, die das Passwort f\u00fcr den kostenlosen WIFI-Zugang enthalten wird. Wir danken Ihnen [&hellip;]\" \/>\n<meta property=\"og:url\" content=\"https:\/\/sportclubhausamwildkogel.eu\/de\/checkin\/d\/\" \/>\n<meta property=\"og:site_name\" content=\"sportclubhausamwildkogel\" \/>\n<meta property=\"article:modified_time\" content=\"2023-10-16T18:30:53+00:00\" \/>\n<meta property=\"og:image\" content=\"https:\/\/sportclubhausamwildkogel.eu\/wp-content\/uploads\/2022\/04\/Ludwighaus-fekete-logo-768x256.png\" \/>\n<meta name=\"twitter:card\" content=\"summary_large_image\" \/>\n<meta name=\"twitter:label1\" content=\"Gesch\u00e4tzte Lesezeit\" \/>\n\t<meta name=\"twitter:data1\" content=\"1\u00a0Minute\" \/>\n<script type=\"application\/ld+json\" class=\"yoast-schema-graph\">{\"@context\":\"https:\\\/\\\/schema.org\",\"@graph\":[{\"@type\":\"WebPage\",\"@id\":\"https:\\\/\\\/sportclubhausamwildkogel.eu\\\/checkin\\\/d\\\/\",\"url\":\"https:\\\/\\\/sportclubhausamwildkogel.eu\\\/checkin\\\/d\\\/\",\"name\":\"Check-In form - German - sportclubhausamwildkogel\",\"isPartOf\":{\"@id\":\"https:\\\/\\\/sportclubhausamwildkogel.eu\\\/#website\"},\"primaryImageOfPage\":{\"@id\":\"https:\\\/\\\/sportclubhausamwildkogel.eu\\\/checkin\\\/d\\\/#primaryimage\"},\"image\":{\"@id\":\"https:\\\/\\\/sportclubhausamwildkogel.eu\\\/checkin\\\/d\\\/#primaryimage\"},\"thumbnailUrl\":\"https:\\\/\\\/sportclubhausamwildkogel.eu\\\/wp-content\\\/uploads\\\/2022\\\/04\\\/Ludwighaus-fekete-logo-768x256.png\",\"datePublished\":\"2023-04-03T17:32:30+00:00\",\"dateModified\":\"2023-10-16T18:30:53+00:00\",\"breadcrumb\":{\"@id\":\"https:\\\/\\\/sportclubhausamwildkogel.eu\\\/checkin\\\/d\\\/#breadcrumb\"},\"inLanguage\":\"de\",\"potentialAction\":[{\"@type\":\"ReadAction\",\"target\":[\"https:\\\/\\\/sportclubhausamwildkogel.eu\\\/checkin\\\/d\\\/\"]}]},{\"@type\":\"ImageObject\",\"inLanguage\":\"de\",\"@id\":\"https:\\\/\\\/sportclubhausamwildkogel.eu\\\/checkin\\\/d\\\/#primaryimage\",\"url\":\"https:\\\/\\\/sportclubhausamwildkogel.eu\\\/wp-content\\\/uploads\\\/2022\\\/04\\\/Ludwighaus-fekete-logo-768x256.png\",\"contentUrl\":\"https:\\\/\\\/sportclubhausamwildkogel.eu\\\/wp-content\\\/uploads\\\/2022\\\/04\\\/Ludwighaus-fekete-logo-768x256.png\"},{\"@type\":\"BreadcrumbList\",\"@id\":\"https:\\\/\\\/sportclubhausamwildkogel.eu\\\/checkin\\\/d\\\/#breadcrumb\",\"itemListElement\":[{\"@type\":\"ListItem\",\"position\":1,\"name\":\"Home\",\"item\":\"https:\\\/\\\/sportclubhausamwildkogel.eu\\\/\"},{\"@type\":\"ListItem\",\"position\":2,\"name\":\"Check-In k\u00f6zponti oldal\",\"item\":\"https:\\\/\\\/sportclubhausamwildkogel.eu\\\/checkin\\\/\"},{\"@type\":\"ListItem\",\"position\":3,\"name\":\"Check-In form &#8211; German\"}]},{\"@type\":\"WebSite\",\"@id\":\"https:\\\/\\\/sportclubhausamwildkogel.eu\\\/#website\",\"url\":\"https:\\\/\\\/sportclubhausamwildkogel.eu\\\/\",\"name\":\"sportclubhausamwildkogel\",\"description\":\"\",\"potentialAction\":[{\"@type\":\"SearchAction\",\"target\":{\"@type\":\"EntryPoint\",\"urlTemplate\":\"https:\\\/\\\/sportclubhausamwildkogel.eu\\\/?s={search_term_string}\"},\"query-input\":{\"@type\":\"PropertyValueSpecification\",\"valueRequired\":true,\"valueName\":\"search_term_string\"}}],\"inLanguage\":\"de\"}]}<\/script>\n<!-- \/ Yoast SEO Premium plugin. -->","yoast_head_json":{"title":"Check-In Formular - Englisch - sportclubhausamwildkogel","robots":{"index":"noindex","follow":"nofollow"},"og_locale":"de_DE","og_type":"article","og_title":"Check-In form - German","og_description":"Lieber Gast! Wir m\u00f6chten Sie darauf hinweisen, dass alle Personen \u00fcber 18 Jahre das untenstehende Anmeldeformular ausf\u00fcllen m\u00fcssen, um in unserer Unterkunft zu \u00fcbernachten! Es ist wichtig zu beachten, dass nach dem Ausf\u00fcllen des Formulars eine Best\u00e4tigungs-E-Mail an die angegebene E-Mail-Adresse gesendet wird, die das Passwort f\u00fcr den kostenlosen WIFI-Zugang enthalten wird. Wir danken Ihnen [&hellip;]","og_url":"https:\/\/sportclubhausamwildkogel.eu\/de\/checkin\/d\/","og_site_name":"sportclubhausamwildkogel","article_modified_time":"2023-10-16T18:30:53+00:00","og_image":[{"url":"https:\/\/sportclubhausamwildkogel.eu\/wp-content\/uploads\/2022\/04\/Ludwighaus-fekete-logo-768x256.png","type":"","width":"","height":""}],"twitter_card":"summary_large_image","twitter_misc":{"Gesch\u00e4tzte Lesezeit":"1\u00a0Minute"},"schema":{"@context":"https:\/\/schema.org","@graph":[{"@type":"WebPage","@id":"https:\/\/sportclubhausamwildkogel.eu\/checkin\/d\/","url":"https:\/\/sportclubhausamwildkogel.eu\/checkin\/d\/","name":"Check-In Formular - Englisch - sportclubhausamwildkogel","isPartOf":{"@id":"https:\/\/sportclubhausamwildkogel.eu\/#website"},"primaryImageOfPage":{"@id":"https:\/\/sportclubhausamwildkogel.eu\/checkin\/d\/#primaryimage"},"image":{"@id":"https:\/\/sportclubhausamwildkogel.eu\/checkin\/d\/#primaryimage"},"thumbnailUrl":"https:\/\/sportclubhausamwildkogel.eu\/wp-content\/uploads\/2022\/04\/Ludwighaus-fekete-logo-768x256.png","datePublished":"2023-04-03T17:32:30+00:00","dateModified":"2023-10-16T18:30:53+00:00","breadcrumb":{"@id":"https:\/\/sportclubhausamwildkogel.eu\/checkin\/d\/#breadcrumb"},"inLanguage":"de","potentialAction":[{"@type":"ReadAction","target":["https:\/\/sportclubhausamwildkogel.eu\/checkin\/d\/"]}]},{"@type":"ImageObject","inLanguage":"de","@id":"https:\/\/sportclubhausamwildkogel.eu\/checkin\/d\/#primaryimage","url":"https:\/\/sportclubhausamwildkogel.eu\/wp-content\/uploads\/2022\/04\/Ludwighaus-fekete-logo-768x256.png","contentUrl":"https:\/\/sportclubhausamwildkogel.eu\/wp-content\/uploads\/2022\/04\/Ludwighaus-fekete-logo-768x256.png"},{"@type":"BreadcrumbList","@id":"https:\/\/sportclubhausamwildkogel.eu\/checkin\/d\/#breadcrumb","itemListElement":[{"@type":"ListItem","position":1,"name":"Home","item":"https:\/\/sportclubhausamwildkogel.eu\/"},{"@type":"ListItem","position":2,"name":"Check-In k\u00f6zponti oldal","item":"https:\/\/sportclubhausamwildkogel.eu\/checkin\/"},{"@type":"ListItem","position":3,"name":"Check-In form &#8211; German"}]},{"@type":"WebSite","@id":"https:\/\/sportclubhausamwildkogel.eu\/#website","url":"https:\/\/sportclubhausamwildkogel.eu\/","name":"sportclubhausamwildkogel","description":"","potentialAction":[{"@type":"SearchAction","target":{"@type":"EntryPoint","urlTemplate":"https:\/\/sportclubhausamwildkogel.eu\/?s={search_term_string}"},"query-input":{"@type":"PropertyValueSpecification","valueRequired":true,"valueName":"search_term_string"}}],"inLanguage":"de"}]}},"_links":{"self":[{"href":"https:\/\/sportclubhausamwildkogel.eu\/de\/wp-json\/wp\/v2\/pages\/5929","targetHints":{"allow":["GET"]}}],"collection":[{"href":"https:\/\/sportclubhausamwildkogel.eu\/de\/wp-json\/wp\/v2\/pages"}],"about":[{"href":"https:\/\/sportclubhausamwildkogel.eu\/de\/wp-json\/wp\/v2\/types\/page"}],"author":[{"embeddable":true,"href":"https:\/\/sportclubhausamwildkogel.eu\/de\/wp-json\/wp\/v2\/users\/1"}],"replies":[{"embeddable":true,"href":"https:\/\/sportclubhausamwildkogel.eu\/de\/wp-json\/wp\/v2\/comments?post=5929"}],"version-history":[{"count":28,"href":"https:\/\/sportclubhausamwildkogel.eu\/de\/wp-json\/wp\/v2\/pages\/5929\/revisions"}],"predecessor-version":[{"id":6530,"href":"https:\/\/sportclubhausamwildkogel.eu\/de\/wp-json\/wp\/v2\/pages\/5929\/revisions\/6530"}],"up":[{"embeddable":true,"href":"https:\/\/sportclubhausamwildkogel.eu\/de\/wp-json\/wp\/v2\/pages\/5786"}],"wp:attachment":[{"href":"https:\/\/sportclubhausamwildkogel.eu\/de\/wp-json\/wp\/v2\/media?parent=5929"}],"curies":[{"name":"wp","href":"https:\/\/api.w.org\/{rel}","templated":true}]}}