{"id":3874,"date":"2022-08-14T14:41:21","date_gmt":"2022-08-14T14:41:21","guid":{"rendered":"https:\/\/sportclubhausamwildkogel.eu\/?page_id=3874"},"modified":"2023-10-16T21:50:31","modified_gmt":"2023-10-16T21:50:31","slug":"rules","status":"publish","type":"page","link":"https:\/\/sportclubhausamwildkogel.eu\/de\/rules\/","title":{"rendered":"Regeln"},"content":{"rendered":"<div data-elementor-type=\"wp-page\" data-elementor-id=\"3874\" class=\"elementor elementor-3874\" data-elementor-post-type=\"page\">\n\t\t\t\t\t\t<section class=\"elementor-section elementor-top-section elementor-element elementor-element-17e8c29 elementor-section-boxed elementor-section-height-default elementor-section-height-default\" data-id=\"17e8c29\" data-element_type=\"section\" data-e-type=\"section\">\n\t\t\t\t\t\t<div class=\"elementor-container elementor-column-gap-default\">\n\t\t\t\t\t<div class=\"elementor-column elementor-col-100 elementor-top-column elementor-element elementor-element-a85181e\" data-id=\"a85181e\" data-element_type=\"column\" data-e-type=\"column\">\n\t\t\t<div class=\"elementor-widget-wrap\">\n\t\t\t\t\t\t\t<\/div>\n\t\t<\/div>\n\t\t\t\t\t<\/div>\n\t\t<\/section>\n\t\t\t\t<section class=\"elementor-section elementor-top-section elementor-element elementor-element-182deca elementor-section-full_width elementor-section-content-middle elementor-section-height-full elementor-section-height-default elementor-section-items-middle\" data-id=\"182deca\" data-element_type=\"section\" data-e-type=\"section\" data-settings=\"{&quot;background_background&quot;:&quot;classic&quot;}\">\n\t\t\t\t\t\t\t<div class=\"elementor-background-overlay\"><\/div>\n\t\t\t\t\t\t\t<div class=\"elementor-container elementor-column-gap-no\">\n\t\t\t\t\t<div class=\"elementor-column elementor-col-100 elementor-top-column elementor-element elementor-element-7cb4ef1\" data-id=\"7cb4ef1\" data-element_type=\"column\" data-e-type=\"column\">\n\t\t\t<div class=\"elementor-widget-wrap\">\n\t\t\t\t\t\t\t<\/div>\n\t\t<\/div>\n\t\t\t\t\t<\/div>\n\t\t<\/section>\n\t\t\t\t<section class=\"elementor-section elementor-top-section elementor-element elementor-element-d359ac3 elementor-section-boxed elementor-section-height-default elementor-section-height-default\" data-id=\"d359ac3\" data-element_type=\"section\" data-e-type=\"section\" data-settings=\"{&quot;background_background&quot;:&quot;classic&quot;}\">\n\t\t\t\t\t\t<div class=\"elementor-container elementor-column-gap-default\">\n\t\t\t\t\t<div class=\"elementor-column elementor-col-100 elementor-top-column elementor-element elementor-element-11bf1cf\" data-id=\"11bf1cf\" data-element_type=\"column\" data-e-type=\"column\" data-settings=\"{&quot;background_background&quot;:&quot;classic&quot;}\">\n\t\t\t<div class=\"elementor-widget-wrap elementor-element-populated\">\n\t\t\t\t\t\t<div class=\"elementor-element elementor-element-59c8553 elementor-widget elementor-widget-heading\" data-id=\"59c8553\" data-element_type=\"widget\" data-e-type=\"widget\" data-widget_type=\"heading.default\">\n\t\t\t\t<div class=\"elementor-widget-container\">\n\t\t\t\t\t<h2 class=\"elementor-heading-title elementor-size-default\">Hausordnung<\/h2>\t\t\t\t<\/div>\n\t\t\t\t<\/div>\n\t\t\t\t<div class=\"elementor-element elementor-element-c6bc17a elementor-widget elementor-widget-text-editor\" data-id=\"c6bc17a\" data-element_type=\"widget\" data-e-type=\"widget\" data-widget_type=\"text-editor.default\">\n\t\t\t\t<div class=\"elementor-widget-container\">\n\t\t\t\t\t\t\t\t\t<p>Bitte respektieren Sie die Hausordnung, damit alle einen angenehmen und ungest\u00f6rten Aufenthalt haben!<\/p>\t\t\t\t\t\t\t\t<\/div>\n\t\t\t\t<\/div>\n\t\t\t\t\t<\/div>\n\t\t<\/div>\n\t\t\t\t\t<\/div>\n\t\t<\/section>\n\t\t\t\t<section class=\"elementor-section elementor-top-section elementor-element elementor-element-809a8a2 elementor-section-boxed elementor-section-height-default elementor-section-height-default\" data-id=\"809a8a2\" data-element_type=\"section\" data-e-type=\"section\">\n\t\t\t\t\t\t<div class=\"elementor-container elementor-column-gap-default\">\n\t\t\t\t\t<div class=\"elementor-column elementor-col-100 elementor-top-column elementor-element elementor-element-b78351b\" data-id=\"b78351b\" data-element_type=\"column\" data-e-type=\"column\">\n\t\t\t<div class=\"elementor-widget-wrap elementor-element-populated\">\n\t\t\t\t\t\t<div class=\"elementor-element elementor-element-de15155 elementor-widget-divider--view-line elementor-widget elementor-widget-divider\" data-id=\"de15155\" data-element_type=\"widget\" data-e-type=\"widget\" data-widget_type=\"divider.default\">\n\t\t\t\t<div class=\"elementor-widget-container\">\n\t\t\t\t\t\t\t<div class=\"elementor-divider\">\n\t\t\t<span class=\"elementor-divider-separator\">\n\t\t\t\t\t\t<\/span>\n\t\t<\/div>\n\t\t\t\t\t\t<\/div>\n\t\t\t\t<\/div>\n\t\t\t\t\t<\/div>\n\t\t<\/div>\n\t\t\t\t\t<\/div>\n\t\t<\/section>\n\t\t\t\t<section class=\"elementor-section elementor-top-section elementor-element elementor-element-3349ffc elementor-section-boxed elementor-section-height-default elementor-section-height-default\" data-id=\"3349ffc\" data-element_type=\"section\" data-e-type=\"section\">\n\t\t\t\t\t\t<div class=\"elementor-container elementor-column-gap-default\">\n\t\t\t\t\t<div class=\"elementor-column elementor-col-100 elementor-top-column elementor-element elementor-element-6c98bb1\" data-id=\"6c98bb1\" data-element_type=\"column\" data-e-type=\"column\">\n\t\t\t<div class=\"elementor-widget-wrap elementor-element-populated\">\n\t\t\t\t\t\t<div class=\"elementor-element elementor-element-8694d0d elementor-widget elementor-widget-spacer\" data-id=\"8694d0d\" data-element_type=\"widget\" data-e-type=\"widget\" data-widget_type=\"spacer.default\">\n\t\t\t\t<div class=\"elementor-widget-container\">\n\t\t\t\t\t\t\t<div class=\"elementor-spacer\">\n\t\t\t<div class=\"elementor-spacer-inner\"><\/div>\n\t\t<\/div>\n\t\t\t\t\t\t<\/div>\n\t\t\t\t<\/div>\n\t\t\t\t<div class=\"elementor-element elementor-element-bbc453a elementor-widget elementor-widget-heading\" data-id=\"bbc453a\" data-element_type=\"widget\" data-e-type=\"widget\" data-widget_type=\"heading.default\">\n\t\t\t\t<div class=\"elementor-widget-container\">\n\t\t\t\t\t<h2 class=\"elementor-heading-title elementor-size-default\">W\u00e4hlen Sie Ihre bevorzugte Sprache, um die Richtlinie herunterzuladen<\/h2>\t\t\t\t<\/div>\n\t\t\t\t<\/div>\n\t\t\t\t<div class=\"elementor-element elementor-element-420c1e7 elementor-widget elementor-widget-spacer\" data-id=\"420c1e7\" data-element_type=\"widget\" data-e-type=\"widget\" data-widget_type=\"spacer.default\">\n\t\t\t\t<div class=\"elementor-widget-container\">\n\t\t\t\t\t\t\t<div class=\"elementor-spacer\">\n\t\t\t<div class=\"elementor-spacer-inner\"><\/div>\n\t\t<\/div>\n\t\t\t\t\t\t<\/div>\n\t\t\t\t<\/div>\n\t\t\t\t<section class=\"elementor-section elementor-inner-section elementor-element elementor-element-b38ea86 elementor-section-boxed elementor-section-height-default elementor-section-height-default\" data-id=\"b38ea86\" data-element_type=\"section\" data-e-type=\"section\">\n\t\t\t\t\t\t<div class=\"elementor-container elementor-column-gap-default\">\n\t\t\t\t\t<div class=\"elementor-column elementor-col-33 elementor-inner-column elementor-element elementor-element-8cc59a5\" data-id=\"8cc59a5\" data-element_type=\"column\" data-e-type=\"column\">\n\t\t\t<div class=\"elementor-widget-wrap elementor-element-populated\">\n\t\t\t\t\t\t<div class=\"elementor-element elementor-element-3e3f913 elementor-align-center elementor-widget elementor-widget-button\" data-id=\"3e3f913\" data-element_type=\"widget\" data-e-type=\"widget\" data-widget_type=\"button.default\">\n\t\t\t\t<div class=\"elementor-widget-container\">\n\t\t\t\t\t\t\t\t\t<div class=\"elementor-button-wrapper\">\n\t\t\t\t\t<a class=\"elementor-button elementor-button-link elementor-size-xl elementor-animation-shrink\" href=\"https:\/\/sportclubhausamwildkogel.eu\/wp-content\/uploads\/2023\/09\/Ludwighaus-Hazirend-Magyar.pdf\">\n\t\t\t\t\t\t<span class=\"elementor-button-content-wrapper\">\n\t\t\t\t\t\t\t\t\t<span class=\"elementor-button-text\">\ud83c\udded\ud83c\uddfa Englisch<\/span>\n\t\t\t\t\t<\/span>\n\t\t\t\t\t<\/a>\n\t\t\t\t<\/div>\n\t\t\t\t\t\t\t\t<\/div>\n\t\t\t\t<\/div>\n\t\t\t\t<div class=\"elementor-element elementor-element-abaeca2 elementor-hidden-desktop elementor-widget elementor-widget-spacer\" data-id=\"abaeca2\" data-element_type=\"widget\" data-e-type=\"widget\" data-widget_type=\"spacer.default\">\n\t\t\t\t<div class=\"elementor-widget-container\">\n\t\t\t\t\t\t\t<div class=\"elementor-spacer\">\n\t\t\t<div class=\"elementor-spacer-inner\"><\/div>\n\t\t<\/div>\n\t\t\t\t\t\t<\/div>\n\t\t\t\t<\/div>\n\t\t\t\t\t<\/div>\n\t\t<\/div>\n\t\t\t\t<div class=\"elementor-column elementor-col-33 elementor-inner-column elementor-element elementor-element-963fc79\" data-id=\"963fc79\" data-element_type=\"column\" data-e-type=\"column\">\n\t\t\t<div class=\"elementor-widget-wrap elementor-element-populated\">\n\t\t\t\t\t\t<div class=\"elementor-element elementor-element-565e2e4 elementor-align-center elementor-mobile-align-center elementor-widget elementor-widget-button\" data-id=\"565e2e4\" data-element_type=\"widget\" data-e-type=\"widget\" data-widget_type=\"button.default\">\n\t\t\t\t<div class=\"elementor-widget-container\">\n\t\t\t\t\t\t\t\t\t<div class=\"elementor-button-wrapper\">\n\t\t\t\t\t<a class=\"elementor-button elementor-button-link elementor-size-xl elementor-animation-shrink\" href=\"https:\/\/sportclubhausamwildkogel.eu\/wp-content\/uploads\/2023\/09\/Ludwighaus-Hazirend-Angol.pdf\">\n\t\t\t\t\t\t<span class=\"elementor-button-content-wrapper\">\n\t\t\t\t\t\t\t\t\t<span class=\"elementor-button-text\">\ud83c\uddec\ud83c\udde7 Englisch<\/span>\n\t\t\t\t\t<\/span>\n\t\t\t\t\t<\/a>\n\t\t\t\t<\/div>\n\t\t\t\t\t\t\t\t<\/div>\n\t\t\t\t<\/div>\n\t\t\t\t<div class=\"elementor-element elementor-element-1799f02 elementor-hidden-desktop elementor-widget elementor-widget-spacer\" data-id=\"1799f02\" data-element_type=\"widget\" data-e-type=\"widget\" data-widget_type=\"spacer.default\">\n\t\t\t\t<div class=\"elementor-widget-container\">\n\t\t\t\t\t\t\t<div class=\"elementor-spacer\">\n\t\t\t<div class=\"elementor-spacer-inner\"><\/div>\n\t\t<\/div>\n\t\t\t\t\t\t<\/div>\n\t\t\t\t<\/div>\n\t\t\t\t\t<\/div>\n\t\t<\/div>\n\t\t\t\t<div class=\"elementor-column elementor-col-33 elementor-inner-column elementor-element elementor-element-b9518a3\" data-id=\"b9518a3\" data-element_type=\"column\" data-e-type=\"column\">\n\t\t\t<div class=\"elementor-widget-wrap elementor-element-populated\">\n\t\t\t\t\t\t<div class=\"elementor-element elementor-element-3477176 elementor-align-center elementor-widget elementor-widget-button\" data-id=\"3477176\" data-element_type=\"widget\" data-e-type=\"widget\" data-widget_type=\"button.default\">\n\t\t\t\t<div class=\"elementor-widget-container\">\n\t\t\t\t\t\t\t\t\t<div class=\"elementor-button-wrapper\">\n\t\t\t\t\t<a class=\"elementor-button elementor-button-link elementor-size-xl elementor-animation-shrink\" href=\"https:\/\/sportclubhausamwildkogel.eu\/wp-content\/uploads\/2023\/09\/Ludwighaus-Hazirend-Nemet.pdf\">\n\t\t\t\t\t\t<span class=\"elementor-button-content-wrapper\">\n\t\t\t\t\t\t\t\t\t<span class=\"elementor-button-text\">\ud83c\udde9\ud83c\uddea Deutsch<\/span>\n\t\t\t\t\t<\/span>\n\t\t\t\t\t<\/a>\n\t\t\t\t<\/div>\n\t\t\t\t\t\t\t\t<\/div>\n\t\t\t\t<\/div>\n\t\t\t\t\t<\/div>\n\t\t<\/div>\n\t\t\t\t\t<\/div>\n\t\t<\/section>\n\t\t\t\t<div class=\"elementor-element elementor-element-19ad02a elementor-hidden-desktop elementor-widget elementor-widget-spacer\" data-id=\"19ad02a\" data-element_type=\"widget\" data-e-type=\"widget\" data-widget_type=\"spacer.default\">\n\t\t\t\t<div class=\"elementor-widget-container\">\n\t\t\t\t\t\t\t<div class=\"elementor-spacer\">\n\t\t\t<div class=\"elementor-spacer-inner\"><\/div>\n\t\t<\/div>\n\t\t\t\t\t\t<\/div>\n\t\t\t\t<\/div>\n\t\t\t\t<div class=\"elementor-element elementor-element-bfd893a elementor-widget elementor-widget-spacer\" data-id=\"bfd893a\" data-element_type=\"widget\" data-e-type=\"widget\" data-widget_type=\"spacer.default\">\n\t\t\t\t<div class=\"elementor-widget-container\">\n\t\t\t\t\t\t\t<div class=\"elementor-spacer\">\n\t\t\t<div class=\"elementor-spacer-inner\"><\/div>\n\t\t<\/div>\n\t\t\t\t\t\t<\/div>\n\t\t\t\t<\/div>\n\t\t\t\t\t<\/div>\n\t\t<\/div>\n\t\t\t\t\t<\/div>\n\t\t<\/section>\n\t\t\t\t<\/div>","protected":false},"excerpt":{"rendered":"<p>Hausordnung Bitte halten Sie sich an die Hausordnung, damit alle einen angenehmen Aufenthalt haben und ungest\u00f6rt genie\u00dfen k\u00f6nnen. Um die Hausordnung herunterzuladen, w\u00e4hlen Sie bitte Ihre bevorzugte Sprache \ud83c\udded\ud83c\uddfa Englisch \ud83c\uddec\ud83c\udde7 \ud83c\udde9\ud83c\uddea Deutsch \ud83c\udded\ud83c\uddfa Englisch \ud83c\uddec\ud83c\udde7 Deutsch<\/p>","protected":false},"author":1,"featured_media":0,"parent":0,"menu_order":0,"comment_status":"closed","ping_status":"closed","template":"","meta":{"site-sidebar-layout":"no-sidebar","site-content-layout":"page-builder","ast-site-content-layout":"default","site-content-style":"default","site-sidebar-style":"default","ast-global-header-display":"","ast-banner-title-visibility":"","ast-main-header-display":"","ast-hfb-above-header-display":"","ast-hfb-below-header-display":"","ast-hfb-mobile-header-display":"","site-post-title":"disabled","ast-breadcrumbs-content":"","ast-featured-img":"disabled","footer-sml-layout":"","ast-disable-related-posts":"","theme-transparent-header-meta":"","adv-header-id-meta":"","stick-header-meta":"","header-above-stick-meta":"","header-main-stick-meta":"","header-below-stick-meta":"","astra-migrate-meta-layouts":"default","ast-page-background-enabled":"default","ast-page-background-meta":{"desktop":{"background-color":"var(--ast-global-color-4)","background-image":"","background-repeat":"repeat","background-position":"center center","background-size":"auto","background-attachment":"scroll","background-type":"","background-media":"","overlay-type":"","overlay-color":"","overlay-opacity":"","overlay-gradient":""},"tablet":{"background-color":"","background-image":"","background-repeat":"repeat","background-position":"center center","background-size":"auto","background-attachment":"scroll","background-type":"","background-media":"","overlay-type":"","overlay-color":"","overlay-opacity":"","overlay-gradient":""},"mobile":{"background-color":"","background-image":"","background-repeat":"repeat","background-position":"center center","background-size":"auto","background-attachment":"scroll","background-type":"","background-media":"","overlay-type":"","overlay-color":"","overlay-opacity":"","overlay-gradient":""}},"ast-content-background-meta":{"desktop":{"background-color":"var(--ast-global-color-5)","background-image":"","background-repeat":"repeat","background-position":"center center","background-size":"auto","background-attachment":"scroll","background-type":"","background-media":"","overlay-type":"","overlay-color":"","overlay-opacity":"","overlay-gradient":""},"tablet":{"background-color":"var(--ast-global-color-5)","background-image":"","background-repeat":"repeat","background-position":"center center","background-size":"auto","background-attachment":"scroll","background-type":"","background-media":"","overlay-type":"","overlay-color":"","overlay-opacity":"","overlay-gradient":""},"mobile":{"background-color":"var(--ast-global-color-5)","background-image":"","background-repeat":"repeat","background-position":"center center","background-size":"auto","background-attachment":"scroll","background-type":"","background-media":"","overlay-type":"","overlay-color":"","overlay-opacity":"","overlay-gradient":""}},"footnotes":""},"class_list":["post-3874","page","type-page","status-publish","hentry"],"yoast_head":"<!-- This site is optimized with the Yoast SEO Premium plugin v25.6 (Yoast SEO v27.4) - https:\/\/yoast.com\/product\/yoast-seo-premium-wordpress\/ -->\n<title>rules - sportclubhausamwildkogel<\/title>\n<meta name=\"robots\" content=\"noindex, nofollow\" \/>\n<meta property=\"og:locale\" content=\"de_DE\" \/>\n<meta property=\"og:type\" content=\"article\" \/>\n<meta property=\"og:title\" content=\"rules\" \/>\n<meta property=\"og:description\" content=\"H\u00e1zirend K\u00e9rj\u00fck, hogy a h\u00e1zirendet tarts\u00e1k be annak \u00e9rdek\u00e9ben, hogy mindenki kellemesen \u00e9rezze mag\u00e1t \u00e9s zavartalanul \u00e9lvezhesse a tart\u00f3zkod\u00e1st! A h\u00e1zirend let\u00f6lt\u00e9s\u00e9hez v\u00e1lassza ki a prefer\u00e1lt nyelvet \ud83c\udded\ud83c\uddfa Magyar \ud83c\uddec\ud83c\udde7 English \ud83c\udde9\ud83c\uddea German\" \/>\n<meta property=\"og:url\" content=\"https:\/\/sportclubhausamwildkogel.eu\/de\/rules\/\" \/>\n<meta property=\"og:site_name\" content=\"sportclubhausamwildkogel\" \/>\n<meta property=\"article:modified_time\" content=\"2023-10-16T21:50:31+00:00\" \/>\n<meta name=\"twitter:card\" content=\"summary_large_image\" \/>\n<meta name=\"twitter:label1\" content=\"Gesch\u00e4tzte Lesezeit\" \/>\n\t<meta name=\"twitter:data1\" content=\"1\u00a0Minute\" \/>\n<script type=\"application\/ld+json\" class=\"yoast-schema-graph\">{\"@context\":\"https:\\\/\\\/schema.org\",\"@graph\":[{\"@type\":\"WebPage\",\"@id\":\"https:\\\/\\\/sportclubhausamwildkogel.eu\\\/rules\\\/\",\"url\":\"https:\\\/\\\/sportclubhausamwildkogel.eu\\\/rules\\\/\",\"name\":\"rules - sportclubhausamwildkogel\",\"isPartOf\":{\"@id\":\"https:\\\/\\\/sportclubhausamwildkogel.eu\\\/#website\"},\"datePublished\":\"2022-08-14T14:41:21+00:00\",\"dateModified\":\"2023-10-16T21:50:31+00:00\",\"breadcrumb\":{\"@id\":\"https:\\\/\\\/sportclubhausamwildkogel.eu\\\/rules\\\/#breadcrumb\"},\"inLanguage\":\"de\",\"potentialAction\":[{\"@type\":\"ReadAction\",\"target\":[\"https:\\\/\\\/sportclubhausamwildkogel.eu\\\/rules\\\/\"]}]},{\"@type\":\"BreadcrumbList\",\"@id\":\"https:\\\/\\\/sportclubhausamwildkogel.eu\\\/rules\\\/#breadcrumb\",\"itemListElement\":[{\"@type\":\"ListItem\",\"position\":1,\"name\":\"Home\",\"item\":\"https:\\\/\\\/sportclubhausamwildkogel.eu\\\/\"},{\"@type\":\"ListItem\",\"position\":2,\"name\":\"rules\"}]},{\"@type\":\"WebSite\",\"@id\":\"https:\\\/\\\/sportclubhausamwildkogel.eu\\\/#website\",\"url\":\"https:\\\/\\\/sportclubhausamwildkogel.eu\\\/\",\"name\":\"sportclubhausamwildkogel\",\"description\":\"\",\"potentialAction\":[{\"@type\":\"SearchAction\",\"target\":{\"@type\":\"EntryPoint\",\"urlTemplate\":\"https:\\\/\\\/sportclubhausamwildkogel.eu\\\/?s={search_term_string}\"},\"query-input\":{\"@type\":\"PropertyValueSpecification\",\"valueRequired\":true,\"valueName\":\"search_term_string\"}}],\"inLanguage\":\"de\"}]}<\/script>\n<!-- \/ Yoast SEO Premium plugin. -->","yoast_head_json":{"title":"regeln - sportclubhausamwildkogel","robots":{"index":"noindex","follow":"nofollow"},"og_locale":"de_DE","og_type":"article","og_title":"rules","og_description":"H\u00e1zirend K\u00e9rj\u00fck, hogy a h\u00e1zirendet tarts\u00e1k be annak \u00e9rdek\u00e9ben, hogy mindenki kellemesen \u00e9rezze mag\u00e1t \u00e9s zavartalanul \u00e9lvezhesse a tart\u00f3zkod\u00e1st! A h\u00e1zirend let\u00f6lt\u00e9s\u00e9hez v\u00e1lassza ki a prefer\u00e1lt nyelvet \ud83c\udded\ud83c\uddfa Magyar \ud83c\uddec\ud83c\udde7 English \ud83c\udde9\ud83c\uddea German","og_url":"https:\/\/sportclubhausamwildkogel.eu\/de\/rules\/","og_site_name":"sportclubhausamwildkogel","article_modified_time":"2023-10-16T21:50:31+00:00","twitter_card":"summary_large_image","twitter_misc":{"Gesch\u00e4tzte Lesezeit":"1\u00a0Minute"},"schema":{"@context":"https:\/\/schema.org","@graph":[{"@type":"WebPage","@id":"https:\/\/sportclubhausamwildkogel.eu\/rules\/","url":"https:\/\/sportclubhausamwildkogel.eu\/rules\/","name":"regeln - sportclubhausamwildkogel","isPartOf":{"@id":"https:\/\/sportclubhausamwildkogel.eu\/#website"},"datePublished":"2022-08-14T14:41:21+00:00","dateModified":"2023-10-16T21:50:31+00:00","breadcrumb":{"@id":"https:\/\/sportclubhausamwildkogel.eu\/rules\/#breadcrumb"},"inLanguage":"de","potentialAction":[{"@type":"ReadAction","target":["https:\/\/sportclubhausamwildkogel.eu\/rules\/"]}]},{"@type":"BreadcrumbList","@id":"https:\/\/sportclubhausamwildkogel.eu\/rules\/#breadcrumb","itemListElement":[{"@type":"ListItem","position":1,"name":"Home","item":"https:\/\/sportclubhausamwildkogel.eu\/"},{"@type":"ListItem","position":2,"name":"rules"}]},{"@type":"WebSite","@id":"https:\/\/sportclubhausamwildkogel.eu\/#website","url":"https:\/\/sportclubhausamwildkogel.eu\/","name":"sportclubhausamwildkogel","description":"","potentialAction":[{"@type":"SearchAction","target":{"@type":"EntryPoint","urlTemplate":"https:\/\/sportclubhausamwildkogel.eu\/?s={search_term_string}"},"query-input":{"@type":"PropertyValueSpecification","valueRequired":true,"valueName":"search_term_string"}}],"inLanguage":"de"}]}},"_links":{"self":[{"href":"https:\/\/sportclubhausamwildkogel.eu\/de\/wp-json\/wp\/v2\/pages\/3874","targetHints":{"allow":["GET"]}}],"collection":[{"href":"https:\/\/sportclubhausamwildkogel.eu\/de\/wp-json\/wp\/v2\/pages"}],"about":[{"href":"https:\/\/sportclubhausamwildkogel.eu\/de\/wp-json\/wp\/v2\/types\/page"}],"author":[{"embeddable":true,"href":"https:\/\/sportclubhausamwildkogel.eu\/de\/wp-json\/wp\/v2\/users\/1"}],"replies":[{"embeddable":true,"href":"https:\/\/sportclubhausamwildkogel.eu\/de\/wp-json\/wp\/v2\/comments?post=3874"}],"version-history":[{"count":40,"href":"https:\/\/sportclubhausamwildkogel.eu\/de\/wp-json\/wp\/v2\/pages\/3874\/revisions"}],"predecessor-version":[{"id":6676,"href":"https:\/\/sportclubhausamwildkogel.eu\/de\/wp-json\/wp\/v2\/pages\/3874\/revisions\/6676"}],"wp:attachment":[{"href":"https:\/\/sportclubhausamwildkogel.eu\/de\/wp-json\/wp\/v2\/media?parent=3874"}],"curies":[{"name":"wp","href":"https:\/\/api.w.org\/{rel}","templated":true}]}}