{"id":6012,"date":"2023-04-05T15:21:04","date_gmt":"2023-04-05T15:21:04","guid":{"rendered":"https:\/\/sportclubhausamwildkogel.eu\/?page_id=6012"},"modified":"2023-10-16T18:32:35","modified_gmt":"2023-10-16T18:32:35","slug":"thankyoup-eng","status":"publish","type":"page","link":"https:\/\/sportclubhausamwildkogel.eu\/cs\/checkin\/thankyoup-eng\/","title":{"rendered":"Str\u00e1nka s pod\u011bkov\u00e1n\u00edm - anglicky"},"content":{"rendered":"<div data-elementor-type=\"wp-page\" data-elementor-id=\"6012\" class=\"elementor elementor-6012\" data-elementor-post-type=\"page\">\n\t\t\t\t\t\t<section class=\"elementor-section elementor-top-section elementor-element elementor-element-cf0457e elementor-section-height-min-height elementor-section-boxed elementor-section-height-default elementor-section-items-middle\" data-id=\"cf0457e\" data-element_type=\"section\" data-e-type=\"section\" data-settings=\"{&quot;background_background&quot;:&quot;classic&quot;}\">\n\t\t\t\t\t\t<div class=\"elementor-container elementor-column-gap-default\">\n\t\t\t\t\t<div class=\"elementor-column elementor-col-100 elementor-top-column elementor-element elementor-element-bfb9de4\" data-id=\"bfb9de4\" data-element_type=\"column\" data-e-type=\"column\">\n\t\t\t<div class=\"elementor-widget-wrap elementor-element-populated\">\n\t\t\t\t\t\t<div class=\"elementor-element elementor-element-fd268d6 elementor-widget elementor-widget-spacer\" data-id=\"fd268d6\" data-element_type=\"widget\" data-e-type=\"widget\" data-widget_type=\"spacer.default\">\n\t\t\t\t<div class=\"elementor-widget-container\">\n\t\t\t\t\t\t\t<div class=\"elementor-spacer\">\n\t\t\t<div class=\"elementor-spacer-inner\"><\/div>\n\t\t<\/div>\n\t\t\t\t\t\t<\/div>\n\t\t\t\t<\/div>\n\t\t\t\t<div class=\"elementor-element elementor-element-1f88faf elementor-widget elementor-widget-image\" data-id=\"1f88faf\" data-element_type=\"widget\" data-e-type=\"widget\" data-widget_type=\"image.default\">\n\t\t\t\t<div class=\"elementor-widget-container\">\n\t\t\t\t\t\t\t\t\t\t\t\t\t\t\t<img fetchpriority=\"high\" decoding=\"async\" width=\"768\" height=\"256\" src=\"https:\/\/sportclubhausamwildkogel.eu\/wp-content\/uploads\/2022\/02\/Logo-1500x500-1-768x256.png\" class=\"attachment-medium_large size-medium_large wp-image-242\" alt=\"\" srcset=\"https:\/\/sportclubhausamwildkogel.eu\/wp-content\/uploads\/2022\/02\/Logo-1500x500-1-768x256.png 768w, https:\/\/sportclubhausamwildkogel.eu\/wp-content\/uploads\/2022\/02\/Logo-1500x500-1-300x100.png 300w, https:\/\/sportclubhausamwildkogel.eu\/wp-content\/uploads\/2022\/02\/Logo-1500x500-1-1024x341.png 1024w, https:\/\/sportclubhausamwildkogel.eu\/wp-content\/uploads\/2022\/02\/Logo-1500x500-1.png 1500w\" sizes=\"(max-width: 768px) 100vw, 768px\" \/>\t\t\t\t\t\t\t\t\t\t\t\t\t\t\t<\/div>\n\t\t\t\t<\/div>\n\t\t\t\t<div class=\"elementor-element elementor-element-189e484 elementor-widget elementor-widget-spacer\" data-id=\"189e484\" data-element_type=\"widget\" data-e-type=\"widget\" data-widget_type=\"spacer.default\">\n\t\t\t\t<div class=\"elementor-widget-container\">\n\t\t\t\t\t\t\t<div class=\"elementor-spacer\">\n\t\t\t<div class=\"elementor-spacer-inner\"><\/div>\n\t\t<\/div>\n\t\t\t\t\t\t<\/div>\n\t\t\t\t<\/div>\n\t\t\t\t<section class=\"elementor-section elementor-inner-section elementor-element elementor-element-b1f9116 elementor-section-full_width elementor-section-height-default elementor-section-height-default\" data-id=\"b1f9116\" data-element_type=\"section\" data-e-type=\"section\" data-settings=\"{&quot;background_background&quot;:&quot;classic&quot;}\">\n\t\t\t\t\t\t<div class=\"elementor-container elementor-column-gap-default\">\n\t\t\t\t\t<div class=\"elementor-column elementor-col-100 elementor-inner-column elementor-element elementor-element-fabe1df\" data-id=\"fabe1df\" data-element_type=\"column\" data-e-type=\"column\">\n\t\t\t<div class=\"elementor-widget-wrap elementor-element-populated\">\n\t\t\t\t\t\t<div class=\"elementor-element elementor-element-8dcd1d9 elementor-widget elementor-widget-spacer\" data-id=\"8dcd1d9\" data-element_type=\"widget\" data-e-type=\"widget\" data-widget_type=\"spacer.default\">\n\t\t\t\t<div class=\"elementor-widget-container\">\n\t\t\t\t\t\t\t<div class=\"elementor-spacer\">\n\t\t\t<div class=\"elementor-spacer-inner\"><\/div>\n\t\t<\/div>\n\t\t\t\t\t\t<\/div>\n\t\t\t\t<\/div>\n\t\t\t\t<div class=\"elementor-element elementor-element-877b2c5 elementor-widget elementor-widget-text-editor\" data-id=\"877b2c5\" data-element_type=\"widget\" data-e-type=\"widget\" data-widget_type=\"text-editor.default\">\n\t\t\t\t<div class=\"elementor-widget-container\">\n\t\t\t\t\t\t\t\t\t<p>R\u00e1di bychom v\u00e1m pod\u011bkovali, \u017ee jste si vybrali na\u0161e ubytov\u00e1n\u00ed a \u017ee jste vypln\u011bn\u00edm formul\u00e1\u0159e p\u0159isp\u011bli k rozvoji na\u0161eho ubytov\u00e1n\u00ed.<\/p><p>Na v\u00e1mi zadanou e-mailovou adresu v\u00e1m brzy za\u0161leme potvrzovac\u00ed e-mail spolu s k\u00f3dem WIFI, aby byl v\u00e1\u0161 pobyt u n\u00e1s je\u0161t\u011b p\u0159\u00edjemn\u011bj\u0161\u00ed.<\/p><p><strong>D\u016eLE\u017dIT\u00c9<\/strong>: Pokud e-mail nem\u016f\u017eete naj\u00edt, zkontrolujte slo\u017eku Promotions nebo SPAM.<\/p><p>D\u011bkujeme, \u017ee jste s n\u00e1mi str\u00e1vili sv\u016fj voln\u00fd \u010das, a tuto str\u00e1nku m\u016f\u017eete zav\u0159\u00edt!<\/p><p>S pozdravem:<br \/>T\u00fdm Ludwighaus<\/p>\t\t\t\t\t\t\t\t<\/div>\n\t\t\t\t<\/div>\n\t\t\t\t\t<\/div>\n\t\t<\/div>\n\t\t\t\t\t<\/div>\n\t\t<\/section>\n\t\t\t\t<div class=\"elementor-element elementor-element-323967e elementor-widget elementor-widget-spacer\" data-id=\"323967e\" data-element_type=\"widget\" data-e-type=\"widget\" data-widget_type=\"spacer.default\">\n\t\t\t\t<div class=\"elementor-widget-container\">\n\t\t\t\t\t\t\t<div class=\"elementor-spacer\">\n\t\t\t<div class=\"elementor-spacer-inner\"><\/div>\n\t\t<\/div>\n\t\t\t\t\t\t<\/div>\n\t\t\t\t<\/div>\n\t\t\t\t\t<\/div>\n\t\t<\/div>\n\t\t\t\t\t<\/div>\n\t\t<\/section>\n\t\t\t\t<\/div>","protected":false},"excerpt":{"rendered":"<p>We would like to thank you for choosing our accommodation and for contributing to the development of our accommodation by filling in the form provided. We will soon send you a confirmation e-mail to the e-mail address you provided, together with the WIFI code to make your stay with us even more pleasant. IMPORTANT: If [&hellip;]<\/p>\n","protected":false},"author":1,"featured_media":0,"parent":5786,"menu_order":0,"comment_status":"closed","ping_status":"closed","template":"elementor_canvas","meta":{"site-sidebar-layout":"no-sidebar","site-content-layout":"page-builder","ast-site-content-layout":"default","site-content-style":"default","site-sidebar-style":"default","ast-global-header-display":"","ast-banner-title-visibility":"","ast-main-header-display":"","ast-hfb-above-header-display":"","ast-hfb-below-header-display":"","ast-hfb-mobile-header-display":"","site-post-title":"disabled","ast-breadcrumbs-content":"","ast-featured-img":"disabled","footer-sml-layout":"","ast-disable-related-posts":"","theme-transparent-header-meta":"","adv-header-id-meta":"","stick-header-meta":"","header-above-stick-meta":"","header-main-stick-meta":"","header-below-stick-meta":"","astra-migrate-meta-layouts":"default","ast-page-background-enabled":"default","ast-page-background-meta":{"desktop":{"background-color":"var(--ast-global-color-4)","background-image":"","background-repeat":"repeat","background-position":"center center","background-size":"auto","background-attachment":"scroll","background-type":"","background-media":"","overlay-type":"","overlay-color":"","overlay-opacity":"","overlay-gradient":""},"tablet":{"background-color":"","background-image":"","background-repeat":"repeat","background-position":"center center","background-size":"auto","background-attachment":"scroll","background-type":"","background-media":"","overlay-type":"","overlay-color":"","overlay-opacity":"","overlay-gradient":""},"mobile":{"background-color":"","background-image":"","background-repeat":"repeat","background-position":"center center","background-size":"auto","background-attachment":"scroll","background-type":"","background-media":"","overlay-type":"","overlay-color":"","overlay-opacity":"","overlay-gradient":""}},"ast-content-background-meta":{"desktop":{"background-color":"var(--ast-global-color-5)","background-image":"","background-repeat":"repeat","background-position":"center center","background-size":"auto","background-attachment":"scroll","background-type":"","background-media":"","overlay-type":"","overlay-color":"","overlay-opacity":"","overlay-gradient":""},"tablet":{"background-color":"var(--ast-global-color-5)","background-image":"","background-repeat":"repeat","background-position":"center center","background-size":"auto","background-attachment":"scroll","background-type":"","background-media":"","overlay-type":"","overlay-color":"","overlay-opacity":"","overlay-gradient":""},"mobile":{"background-color":"var(--ast-global-color-5)","background-image":"","background-repeat":"repeat","background-position":"center center","background-size":"auto","background-attachment":"scroll","background-type":"","background-media":"","overlay-type":"","overlay-color":"","overlay-opacity":"","overlay-gradient":""}},"footnotes":""},"class_list":["post-6012","page","type-page","status-publish","hentry"],"yoast_head":"<!-- This site is optimized with the Yoast SEO Premium plugin v25.6 (Yoast SEO v27.4) - https:\/\/yoast.com\/product\/yoast-seo-premium-wordpress\/ -->\n<title>Thank You Page - English - sportclubhausamwildkogel<\/title>\n<meta name=\"robots\" content=\"noindex, nofollow\" \/>\n<meta property=\"og:locale\" content=\"cs_CZ\" \/>\n<meta property=\"og:type\" content=\"article\" \/>\n<meta property=\"og:title\" content=\"Thank You Page - English\" \/>\n<meta property=\"og:description\" content=\"We would like to thank you for choosing our accommodation and for contributing to the development of our accommodation by filling in the form provided. We will soon send you a confirmation e-mail to the e-mail address you provided, together with the WIFI code to make your stay with us even more pleasant. IMPORTANT: If [&hellip;]\" \/>\n<meta property=\"og:url\" content=\"https:\/\/sportclubhausamwildkogel.eu\/cs\/checkin\/thankyoup-eng\/\" \/>\n<meta property=\"og:site_name\" content=\"sportclubhausamwildkogel\" \/>\n<meta property=\"article:modified_time\" content=\"2023-10-16T18:32:35+00:00\" \/>\n<meta property=\"og:image\" content=\"https:\/\/sportclubhausamwildkogel.eu\/wp-content\/uploads\/2022\/02\/Logo-1500x500-1-768x256.png\" \/>\n<meta name=\"twitter:card\" content=\"summary_large_image\" \/>\n<meta name=\"twitter:label1\" content=\"Odhadovan\u00e1 doba \u010dten\u00ed\" \/>\n\t<meta name=\"twitter:data1\" content=\"1 minuta\" \/>\n<script type=\"application\/ld+json\" class=\"yoast-schema-graph\">{\"@context\":\"https:\\\/\\\/schema.org\",\"@graph\":[{\"@type\":\"WebPage\",\"@id\":\"https:\\\/\\\/sportclubhausamwildkogel.eu\\\/checkin\\\/thankyoup-eng\\\/\",\"url\":\"https:\\\/\\\/sportclubhausamwildkogel.eu\\\/checkin\\\/thankyoup-eng\\\/\",\"name\":\"Thank You Page - English - sportclubhausamwildkogel\",\"isPartOf\":{\"@id\":\"https:\\\/\\\/sportclubhausamwildkogel.eu\\\/#website\"},\"primaryImageOfPage\":{\"@id\":\"https:\\\/\\\/sportclubhausamwildkogel.eu\\\/checkin\\\/thankyoup-eng\\\/#primaryimage\"},\"image\":{\"@id\":\"https:\\\/\\\/sportclubhausamwildkogel.eu\\\/checkin\\\/thankyoup-eng\\\/#primaryimage\"},\"thumbnailUrl\":\"https:\\\/\\\/sportclubhausamwildkogel.eu\\\/wp-content\\\/uploads\\\/2022\\\/02\\\/Logo-1500x500-1-768x256.png\",\"datePublished\":\"2023-04-05T15:21:04+00:00\",\"dateModified\":\"2023-10-16T18:32:35+00:00\",\"breadcrumb\":{\"@id\":\"https:\\\/\\\/sportclubhausamwildkogel.eu\\\/checkin\\\/thankyoup-eng\\\/#breadcrumb\"},\"inLanguage\":\"cs\",\"potentialAction\":[{\"@type\":\"ReadAction\",\"target\":[\"https:\\\/\\\/sportclubhausamwildkogel.eu\\\/checkin\\\/thankyoup-eng\\\/\"]}]},{\"@type\":\"ImageObject\",\"inLanguage\":\"cs\",\"@id\":\"https:\\\/\\\/sportclubhausamwildkogel.eu\\\/checkin\\\/thankyoup-eng\\\/#primaryimage\",\"url\":\"https:\\\/\\\/sportclubhausamwildkogel.eu\\\/wp-content\\\/uploads\\\/2022\\\/02\\\/Logo-1500x500-1-768x256.png\",\"contentUrl\":\"https:\\\/\\\/sportclubhausamwildkogel.eu\\\/wp-content\\\/uploads\\\/2022\\\/02\\\/Logo-1500x500-1-768x256.png\"},{\"@type\":\"BreadcrumbList\",\"@id\":\"https:\\\/\\\/sportclubhausamwildkogel.eu\\\/checkin\\\/thankyoup-eng\\\/#breadcrumb\",\"itemListElement\":[{\"@type\":\"ListItem\",\"position\":1,\"name\":\"Home\",\"item\":\"https:\\\/\\\/sportclubhausamwildkogel.eu\\\/\"},{\"@type\":\"ListItem\",\"position\":2,\"name\":\"Check-In k\u00f6zponti oldal\",\"item\":\"https:\\\/\\\/sportclubhausamwildkogel.eu\\\/checkin\\\/\"},{\"@type\":\"ListItem\",\"position\":3,\"name\":\"Thank You Page &#8211; English\"}]},{\"@type\":\"WebSite\",\"@id\":\"https:\\\/\\\/sportclubhausamwildkogel.eu\\\/#website\",\"url\":\"https:\\\/\\\/sportclubhausamwildkogel.eu\\\/\",\"name\":\"sportclubhausamwildkogel\",\"description\":\"\",\"potentialAction\":[{\"@type\":\"SearchAction\",\"target\":{\"@type\":\"EntryPoint\",\"urlTemplate\":\"https:\\\/\\\/sportclubhausamwildkogel.eu\\\/?s={search_term_string}\"},\"query-input\":{\"@type\":\"PropertyValueSpecification\",\"valueRequired\":true,\"valueName\":\"search_term_string\"}}],\"inLanguage\":\"cs\"}]}<\/script>\n<!-- \/ Yoast SEO Premium plugin. -->","yoast_head_json":{"title":"Pod\u011bkov\u00e1n\u00ed - anglicky - sportclubhausamwildkogel","robots":{"index":"noindex","follow":"nofollow"},"og_locale":"cs_CZ","og_type":"article","og_title":"Thank You Page - English","og_description":"We would like to thank you for choosing our accommodation and for contributing to the development of our accommodation by filling in the form provided. We will soon send you a confirmation e-mail to the e-mail address you provided, together with the WIFI code to make your stay with us even more pleasant. IMPORTANT: If [&hellip;]","og_url":"https:\/\/sportclubhausamwildkogel.eu\/cs\/checkin\/thankyoup-eng\/","og_site_name":"sportclubhausamwildkogel","article_modified_time":"2023-10-16T18:32:35+00:00","og_image":[{"url":"https:\/\/sportclubhausamwildkogel.eu\/wp-content\/uploads\/2022\/02\/Logo-1500x500-1-768x256.png","type":"","width":"","height":""}],"twitter_card":"summary_large_image","twitter_misc":{"Odhadovan\u00e1 doba \u010dten\u00ed":"1 minuta"},"schema":{"@context":"https:\/\/schema.org","@graph":[{"@type":"WebPage","@id":"https:\/\/sportclubhausamwildkogel.eu\/checkin\/thankyoup-eng\/","url":"https:\/\/sportclubhausamwildkogel.eu\/checkin\/thankyoup-eng\/","name":"Pod\u011bkov\u00e1n\u00ed - anglicky - sportclubhausamwildkogel","isPartOf":{"@id":"https:\/\/sportclubhausamwildkogel.eu\/#website"},"primaryImageOfPage":{"@id":"https:\/\/sportclubhausamwildkogel.eu\/checkin\/thankyoup-eng\/#primaryimage"},"image":{"@id":"https:\/\/sportclubhausamwildkogel.eu\/checkin\/thankyoup-eng\/#primaryimage"},"thumbnailUrl":"https:\/\/sportclubhausamwildkogel.eu\/wp-content\/uploads\/2022\/02\/Logo-1500x500-1-768x256.png","datePublished":"2023-04-05T15:21:04+00:00","dateModified":"2023-10-16T18:32:35+00:00","breadcrumb":{"@id":"https:\/\/sportclubhausamwildkogel.eu\/checkin\/thankyoup-eng\/#breadcrumb"},"inLanguage":"cs","potentialAction":[{"@type":"ReadAction","target":["https:\/\/sportclubhausamwildkogel.eu\/checkin\/thankyoup-eng\/"]}]},{"@type":"ImageObject","inLanguage":"cs","@id":"https:\/\/sportclubhausamwildkogel.eu\/checkin\/thankyoup-eng\/#primaryimage","url":"https:\/\/sportclubhausamwildkogel.eu\/wp-content\/uploads\/2022\/02\/Logo-1500x500-1-768x256.png","contentUrl":"https:\/\/sportclubhausamwildkogel.eu\/wp-content\/uploads\/2022\/02\/Logo-1500x500-1-768x256.png"},{"@type":"BreadcrumbList","@id":"https:\/\/sportclubhausamwildkogel.eu\/checkin\/thankyoup-eng\/#breadcrumb","itemListElement":[{"@type":"ListItem","position":1,"name":"Home","item":"https:\/\/sportclubhausamwildkogel.eu\/"},{"@type":"ListItem","position":2,"name":"Check-In k\u00f6zponti oldal","item":"https:\/\/sportclubhausamwildkogel.eu\/checkin\/"},{"@type":"ListItem","position":3,"name":"Thank You Page &#8211; English"}]},{"@type":"WebSite","@id":"https:\/\/sportclubhausamwildkogel.eu\/#website","url":"https:\/\/sportclubhausamwildkogel.eu\/","name":"sportclubhausamwildkogel","description":"","potentialAction":[{"@type":"SearchAction","target":{"@type":"EntryPoint","urlTemplate":"https:\/\/sportclubhausamwildkogel.eu\/?s={search_term_string}"},"query-input":{"@type":"PropertyValueSpecification","valueRequired":true,"valueName":"search_term_string"}}],"inLanguage":"cs"}]}},"_links":{"self":[{"href":"https:\/\/sportclubhausamwildkogel.eu\/cs\/wp-json\/wp\/v2\/pages\/6012","targetHints":{"allow":["GET"]}}],"collection":[{"href":"https:\/\/sportclubhausamwildkogel.eu\/cs\/wp-json\/wp\/v2\/pages"}],"about":[{"href":"https:\/\/sportclubhausamwildkogel.eu\/cs\/wp-json\/wp\/v2\/types\/page"}],"author":[{"embeddable":true,"href":"https:\/\/sportclubhausamwildkogel.eu\/cs\/wp-json\/wp\/v2\/users\/1"}],"replies":[{"embeddable":true,"href":"https:\/\/sportclubhausamwildkogel.eu\/cs\/wp-json\/wp\/v2\/comments?post=6012"}],"version-history":[{"count":11,"href":"https:\/\/sportclubhausamwildkogel.eu\/cs\/wp-json\/wp\/v2\/pages\/6012\/revisions"}],"predecessor-version":[{"id":6536,"href":"https:\/\/sportclubhausamwildkogel.eu\/cs\/wp-json\/wp\/v2\/pages\/6012\/revisions\/6536"}],"up":[{"embeddable":true,"href":"https:\/\/sportclubhausamwildkogel.eu\/cs\/wp-json\/wp\/v2\/pages\/5786"}],"wp:attachment":[{"href":"https:\/\/sportclubhausamwildkogel.eu\/cs\/wp-json\/wp\/v2\/media?parent=6012"}],"curies":[{"name":"wp","href":"https:\/\/api.w.org\/{rel}","templated":true}]}}