{"id":5888,"date":"2023-04-03T13:39:39","date_gmt":"2023-04-03T13:39:39","guid":{"rendered":"https:\/\/sportclubhausamwildkogel.eu\/?page_id=5888"},"modified":"2023-10-16T18:25:34","modified_gmt":"2023-10-16T18:25:34","slug":"hu","status":"publish","type":"page","link":"https:\/\/sportclubhausamwildkogel.eu\/cs\/checkin\/hu\/","title":{"rendered":"P\u0159ihla\u0161ovac\u00ed formul\u00e1\u0159 - anglicky"},"content":{"rendered":"<div data-elementor-type=\"wp-page\" data-elementor-id=\"5888\" class=\"elementor elementor-5888\" data-elementor-post-type=\"page\">\n\t\t\t\t\t\t<section class=\"elementor-section elementor-top-section elementor-element elementor-element-8b840a8 elementor-section-boxed elementor-section-height-default elementor-section-height-default\" data-id=\"8b840a8\" data-element_type=\"section\" data-e-type=\"section\" data-settings=\"{&quot;background_background&quot;:&quot;classic&quot;}\">\n\t\t\t\t\t\t<div class=\"elementor-container elementor-column-gap-default\">\n\t\t\t\t\t<div class=\"elementor-column elementor-col-100 elementor-top-column elementor-element elementor-element-584ac95\" data-id=\"584ac95\" data-element_type=\"column\" data-e-type=\"column\">\n\t\t\t<div class=\"elementor-widget-wrap elementor-element-populated\">\n\t\t\t\t\t\t<div class=\"elementor-element elementor-element-df0c065 elementor-widget elementor-widget-spacer\" data-id=\"df0c065\" data-element_type=\"widget\" data-e-type=\"widget\" data-widget_type=\"spacer.default\">\n\t\t\t\t<div class=\"elementor-widget-container\">\n\t\t\t\t\t\t\t<div class=\"elementor-spacer\">\n\t\t\t<div class=\"elementor-spacer-inner\"><\/div>\n\t\t<\/div>\n\t\t\t\t\t\t<\/div>\n\t\t\t\t<\/div>\n\t\t\t\t<div class=\"elementor-element elementor-element-eb68c4a elementor-widget elementor-widget-image\" data-id=\"eb68c4a\" data-element_type=\"widget\" data-e-type=\"widget\" data-widget_type=\"image.default\">\n\t\t\t\t<div class=\"elementor-widget-container\">\n\t\t\t\t\t\t\t\t\t\t\t\t\t\t\t<img fetchpriority=\"high\" decoding=\"async\" width=\"768\" height=\"256\" src=\"https:\/\/sportclubhausamwildkogel.eu\/wp-content\/uploads\/2022\/04\/Ludwighaus-fekete-logo-768x256.png\" class=\"attachment-medium_large size-medium_large wp-image-791\" alt=\"\" srcset=\"https:\/\/sportclubhausamwildkogel.eu\/wp-content\/uploads\/2022\/04\/Ludwighaus-fekete-logo-768x256.png 768w, https:\/\/sportclubhausamwildkogel.eu\/wp-content\/uploads\/2022\/04\/Ludwighaus-fekete-logo-300x100.png 300w, https:\/\/sportclubhausamwildkogel.eu\/wp-content\/uploads\/2022\/04\/Ludwighaus-fekete-logo-1024x341.png 1024w, https:\/\/sportclubhausamwildkogel.eu\/wp-content\/uploads\/2022\/04\/Ludwighaus-fekete-logo.png 1500w\" sizes=\"(max-width: 768px) 100vw, 768px\" \/>\t\t\t\t\t\t\t\t\t\t\t\t\t\t\t<\/div>\n\t\t\t\t<\/div>\n\t\t\t\t<div class=\"elementor-element elementor-element-554fba0 elementor-widget elementor-widget-spacer\" data-id=\"554fba0\" data-element_type=\"widget\" data-e-type=\"widget\" data-widget_type=\"spacer.default\">\n\t\t\t\t<div class=\"elementor-widget-container\">\n\t\t\t\t\t\t\t<div class=\"elementor-spacer\">\n\t\t\t<div class=\"elementor-spacer-inner\"><\/div>\n\t\t<\/div>\n\t\t\t\t\t\t<\/div>\n\t\t\t\t<\/div>\n\t\t\t\t<div class=\"elementor-element elementor-element-cfc6105 elementor-widget elementor-widget-text-editor\" data-id=\"cfc6105\" data-element_type=\"widget\" data-e-type=\"widget\" data-widget_type=\"text-editor.default\">\n\t\t\t\t<div class=\"elementor-widget-container\">\n\t\t\t\t\t\t\t\t\t<h3>Mil\u00fd hoste!<br \/><br \/><\/h3><p>Vezm\u011bte pros\u00edm na v\u011bdom\u00ed, \u017ee v\u0161echny osoby star\u0161\u00ed 18 let mus\u00ed pro pobyt v na\u0161em ubytovac\u00edm za\u0159\u00edzen\u00ed <span style=\"text-decoration: underline;\"><strong>povinn\u00e9<\/strong><\/span> vypl\u0148te n\u00e1\u0161 registra\u010dn\u00ed formul\u00e1\u0159 n\u00ed\u017ee!<\/p><p>Je d\u016fle\u017eit\u00e9 si uv\u011bdomit, \u017ee po vypln\u011bn\u00ed formul\u00e1\u0159e v\u00e1m bude na zadanou e-mailovou adresu zasl\u00e1n potvrzovac\u00ed e-mail s heslem pro bezplatn\u00e9 pou\u017e\u00edv\u00e1n\u00ed WIFI.<\/p><p>D\u011bkujeme v\u00e1m za rezervaci pobytu u n\u00e1s a douf\u00e1me, \u017ee se v\u00e1m u n\u00e1s bude l\u00edbit!<\/p><p>S pozdravem:<br \/>T\u00fdm Ludwighaus<\/p>\t\t\t\t\t\t\t\t<\/div>\n\t\t\t\t<\/div>\n\t\t\t\t<div class=\"elementor-element elementor-element-53f38e4 elementor-widget elementor-widget-html\" data-id=\"53f38e4\" data-element_type=\"widget\" data-e-type=\"widget\" data-widget_type=\"html.default\">\n\t\t\t\t<div class=\"elementor-widget-container\">\n\t\t\t\t\t<div id=\"mmform270573\" class=\"mmform\" style=\"position: relative; padding-bottom: 300px; height: 0; overflow: hidden; max-width: 100%;\"><\/div>\n<script type=\"text\/javascript\">\nvar uniqueId = 2705731680780436434,\n\tlistId = 136656,\n\tformId = 270573,\n\tiwidth=420,\n\tmmDomain='salesautopilot.s3.amazonaws.com',\n\tsecondMMDomain='sw.marketingszoftverek.hu',\n\tspancont=false,\n\tsecure='https:' == (document.location.protocol)?true:false;\n<\/script>\n<script type=\"text\/javascript\" src=\"https:\/\/d1ursyhqs5x9h1.cloudfront.net\/sw\/scripts\/mm-embed-iframe-1.15.min.js\"><\/script>\t\t\t\t<\/div>\n\t\t\t\t<\/div>\n\t\t\t\t<div class=\"elementor-element elementor-element-5adf241 elementor-widget elementor-widget-spacer\" data-id=\"5adf241\" data-element_type=\"widget\" data-e-type=\"widget\" data-widget_type=\"spacer.default\">\n\t\t\t\t<div class=\"elementor-widget-container\">\n\t\t\t\t\t\t\t<div class=\"elementor-spacer\">\n\t\t\t<div class=\"elementor-spacer-inner\"><\/div>\n\t\t<\/div>\n\t\t\t\t\t\t<\/div>\n\t\t\t\t<\/div>\n\t\t\t\t\t<\/div>\n\t\t<\/div>\n\t\t\t\t\t<\/div>\n\t\t<\/section>\n\t\t\t\t<\/div>","protected":false},"excerpt":{"rendered":"<p>Kedves Vend\u00e9g\u00fcnk! Szeretn\u00e9nk felh\u00edvni figyelm\u00e9t, hogy a sz\u00e1ll\u00e1sunkon val\u00f3 tart\u00f3zkod\u00e1shoz minden 18 \u00e9v f\u00f6l\u00f6tti szem\u00e9lynek k\u00f6telez\u0151 kit\u00f6ltenie a lentebb tal\u00e1lhat\u00f3 bejelentkez\u00e9si \u0171rlapunkat! Fontos tudni, hogy az \u0171rlap kit\u00f6lt\u00e9se ut\u00e1n\u00a0a megadott email c\u00edmre k\u00fcld\u00fcnk egy visszaigazol\u00f3 emailt, ami tartalmazza a WIFI ingyenes haszn\u00e1lat\u00e1hoz sz\u00fcks\u00e9ges jelsz\u00f3t. K\u00f6sz\u00f6nj\u00fck, hogy n\u00e1lunk foglalt sz\u00e1ll\u00e1st, \u00e9s rem\u00e9lj\u00fck, hogy kellemesen fogj\u00e1k elt\u00f6lteni [&hellip;]<\/p>\n","protected":false},"author":1,"featured_media":0,"parent":5786,"menu_order":0,"comment_status":"closed","ping_status":"closed","template":"elementor_canvas","meta":{"site-sidebar-layout":"no-sidebar","site-content-layout":"page-builder","ast-site-content-layout":"default","site-content-style":"default","site-sidebar-style":"default","ast-global-header-display":"","ast-banner-title-visibility":"","ast-main-header-display":"","ast-hfb-above-header-display":"","ast-hfb-below-header-display":"","ast-hfb-mobile-header-display":"","site-post-title":"disabled","ast-breadcrumbs-content":"","ast-featured-img":"disabled","footer-sml-layout":"","ast-disable-related-posts":"","theme-transparent-header-meta":"","adv-header-id-meta":"","stick-header-meta":"","header-above-stick-meta":"","header-main-stick-meta":"","header-below-stick-meta":"","astra-migrate-meta-layouts":"default","ast-page-background-enabled":"default","ast-page-background-meta":{"desktop":{"background-color":"var(--ast-global-color-4)","background-image":"","background-repeat":"repeat","background-position":"center center","background-size":"auto","background-attachment":"scroll","background-type":"","background-media":"","overlay-type":"","overlay-color":"","overlay-opacity":"","overlay-gradient":""},"tablet":{"background-color":"","background-image":"","background-repeat":"repeat","background-position":"center center","background-size":"auto","background-attachment":"scroll","background-type":"","background-media":"","overlay-type":"","overlay-color":"","overlay-opacity":"","overlay-gradient":""},"mobile":{"background-color":"","background-image":"","background-repeat":"repeat","background-position":"center center","background-size":"auto","background-attachment":"scroll","background-type":"","background-media":"","overlay-type":"","overlay-color":"","overlay-opacity":"","overlay-gradient":""}},"ast-content-background-meta":{"desktop":{"background-color":"var(--ast-global-color-5)","background-image":"","background-repeat":"repeat","background-position":"center center","background-size":"auto","background-attachment":"scroll","background-type":"","background-media":"","overlay-type":"","overlay-color":"","overlay-opacity":"","overlay-gradient":""},"tablet":{"background-color":"var(--ast-global-color-5)","background-image":"","background-repeat":"repeat","background-position":"center center","background-size":"auto","background-attachment":"scroll","background-type":"","background-media":"","overlay-type":"","overlay-color":"","overlay-opacity":"","overlay-gradient":""},"mobile":{"background-color":"var(--ast-global-color-5)","background-image":"","background-repeat":"repeat","background-position":"center center","background-size":"auto","background-attachment":"scroll","background-type":"","background-media":"","overlay-type":"","overlay-color":"","overlay-opacity":"","overlay-gradient":""}},"footnotes":""},"class_list":["post-5888","page","type-page","status-publish","hentry"],"yoast_head":"<!-- This site is optimized with the Yoast SEO Premium plugin v25.6 (Yoast SEO v27.4) - https:\/\/yoast.com\/product\/yoast-seo-premium-wordpress\/ -->\n<title>Check-In form - Magyar - sportclubhausamwildkogel<\/title>\n<meta name=\"robots\" content=\"noindex, nofollow\" \/>\n<meta property=\"og:locale\" content=\"cs_CZ\" \/>\n<meta property=\"og:type\" content=\"article\" \/>\n<meta property=\"og:title\" content=\"Check-In form - Magyar\" \/>\n<meta property=\"og:description\" content=\"Kedves Vend\u00e9g\u00fcnk! Szeretn\u00e9nk felh\u00edvni figyelm\u00e9t, hogy a sz\u00e1ll\u00e1sunkon val\u00f3 tart\u00f3zkod\u00e1shoz minden 18 \u00e9v f\u00f6l\u00f6tti szem\u00e9lynek k\u00f6telez\u0151 kit\u00f6ltenie a lentebb tal\u00e1lhat\u00f3 bejelentkez\u00e9si \u0171rlapunkat! Fontos tudni, hogy az \u0171rlap kit\u00f6lt\u00e9se ut\u00e1n\u00a0a megadott email c\u00edmre k\u00fcld\u00fcnk egy visszaigazol\u00f3 emailt, ami tartalmazza a WIFI ingyenes haszn\u00e1lat\u00e1hoz sz\u00fcks\u00e9ges jelsz\u00f3t. K\u00f6sz\u00f6nj\u00fck, hogy n\u00e1lunk foglalt sz\u00e1ll\u00e1st, \u00e9s rem\u00e9lj\u00fck, hogy kellemesen fogj\u00e1k elt\u00f6lteni [&hellip;]\" \/>\n<meta property=\"og:url\" content=\"https:\/\/sportclubhausamwildkogel.eu\/cs\/checkin\/hu\/\" \/>\n<meta property=\"og:site_name\" content=\"sportclubhausamwildkogel\" \/>\n<meta property=\"article:modified_time\" content=\"2023-10-16T18:25:34+00:00\" \/>\n<meta property=\"og:image\" content=\"https:\/\/sportclubhausamwildkogel.eu\/wp-content\/uploads\/2022\/04\/Ludwighaus-fekete-logo-768x256.png\" \/>\n<meta name=\"twitter:card\" content=\"summary_large_image\" \/>\n<meta name=\"twitter:label1\" content=\"Odhadovan\u00e1 doba \u010dten\u00ed\" \/>\n\t<meta name=\"twitter:data1\" content=\"1 minuta\" \/>\n<script type=\"application\/ld+json\" class=\"yoast-schema-graph\">{\"@context\":\"https:\\\/\\\/schema.org\",\"@graph\":[{\"@type\":\"WebPage\",\"@id\":\"https:\\\/\\\/sportclubhausamwildkogel.eu\\\/checkin\\\/hu\\\/\",\"url\":\"https:\\\/\\\/sportclubhausamwildkogel.eu\\\/checkin\\\/hu\\\/\",\"name\":\"Check-In form - Magyar - sportclubhausamwildkogel\",\"isPartOf\":{\"@id\":\"https:\\\/\\\/sportclubhausamwildkogel.eu\\\/#website\"},\"primaryImageOfPage\":{\"@id\":\"https:\\\/\\\/sportclubhausamwildkogel.eu\\\/checkin\\\/hu\\\/#primaryimage\"},\"image\":{\"@id\":\"https:\\\/\\\/sportclubhausamwildkogel.eu\\\/checkin\\\/hu\\\/#primaryimage\"},\"thumbnailUrl\":\"https:\\\/\\\/sportclubhausamwildkogel.eu\\\/wp-content\\\/uploads\\\/2022\\\/04\\\/Ludwighaus-fekete-logo-768x256.png\",\"datePublished\":\"2023-04-03T13:39:39+00:00\",\"dateModified\":\"2023-10-16T18:25:34+00:00\",\"breadcrumb\":{\"@id\":\"https:\\\/\\\/sportclubhausamwildkogel.eu\\\/checkin\\\/hu\\\/#breadcrumb\"},\"inLanguage\":\"cs\",\"potentialAction\":[{\"@type\":\"ReadAction\",\"target\":[\"https:\\\/\\\/sportclubhausamwildkogel.eu\\\/checkin\\\/hu\\\/\"]}]},{\"@type\":\"ImageObject\",\"inLanguage\":\"cs\",\"@id\":\"https:\\\/\\\/sportclubhausamwildkogel.eu\\\/checkin\\\/hu\\\/#primaryimage\",\"url\":\"https:\\\/\\\/sportclubhausamwildkogel.eu\\\/wp-content\\\/uploads\\\/2022\\\/04\\\/Ludwighaus-fekete-logo-768x256.png\",\"contentUrl\":\"https:\\\/\\\/sportclubhausamwildkogel.eu\\\/wp-content\\\/uploads\\\/2022\\\/04\\\/Ludwighaus-fekete-logo-768x256.png\"},{\"@type\":\"BreadcrumbList\",\"@id\":\"https:\\\/\\\/sportclubhausamwildkogel.eu\\\/checkin\\\/hu\\\/#breadcrumb\",\"itemListElement\":[{\"@type\":\"ListItem\",\"position\":1,\"name\":\"Home\",\"item\":\"https:\\\/\\\/sportclubhausamwildkogel.eu\\\/\"},{\"@type\":\"ListItem\",\"position\":2,\"name\":\"Check-In k\u00f6zponti oldal\",\"item\":\"https:\\\/\\\/sportclubhausamwildkogel.eu\\\/checkin\\\/\"},{\"@type\":\"ListItem\",\"position\":3,\"name\":\"Check-In form &#8211; Magyar\"}]},{\"@type\":\"WebSite\",\"@id\":\"https:\\\/\\\/sportclubhausamwildkogel.eu\\\/#website\",\"url\":\"https:\\\/\\\/sportclubhausamwildkogel.eu\\\/\",\"name\":\"sportclubhausamwildkogel\",\"description\":\"\",\"potentialAction\":[{\"@type\":\"SearchAction\",\"target\":{\"@type\":\"EntryPoint\",\"urlTemplate\":\"https:\\\/\\\/sportclubhausamwildkogel.eu\\\/?s={search_term_string}\"},\"query-input\":{\"@type\":\"PropertyValueSpecification\",\"valueRequired\":true,\"valueName\":\"search_term_string\"}}],\"inLanguage\":\"cs\"}]}<\/script>\n<!-- \/ Yoast SEO Premium plugin. -->","yoast_head_json":{"title":"P\u0159ihla\u0161ovac\u00ed formul\u00e1\u0159 - \u010de\u0161tina - sportclubhausamwildkogel","robots":{"index":"noindex","follow":"nofollow"},"og_locale":"cs_CZ","og_type":"article","og_title":"Check-In form - Magyar","og_description":"Kedves Vend\u00e9g\u00fcnk! Szeretn\u00e9nk felh\u00edvni figyelm\u00e9t, hogy a sz\u00e1ll\u00e1sunkon val\u00f3 tart\u00f3zkod\u00e1shoz minden 18 \u00e9v f\u00f6l\u00f6tti szem\u00e9lynek k\u00f6telez\u0151 kit\u00f6ltenie a lentebb tal\u00e1lhat\u00f3 bejelentkez\u00e9si \u0171rlapunkat! Fontos tudni, hogy az \u0171rlap kit\u00f6lt\u00e9se ut\u00e1n\u00a0a megadott email c\u00edmre k\u00fcld\u00fcnk egy visszaigazol\u00f3 emailt, ami tartalmazza a WIFI ingyenes haszn\u00e1lat\u00e1hoz sz\u00fcks\u00e9ges jelsz\u00f3t. K\u00f6sz\u00f6nj\u00fck, hogy n\u00e1lunk foglalt sz\u00e1ll\u00e1st, \u00e9s rem\u00e9lj\u00fck, hogy kellemesen fogj\u00e1k elt\u00f6lteni [&hellip;]","og_url":"https:\/\/sportclubhausamwildkogel.eu\/cs\/checkin\/hu\/","og_site_name":"sportclubhausamwildkogel","article_modified_time":"2023-10-16T18:25:34+00:00","og_image":[{"url":"https:\/\/sportclubhausamwildkogel.eu\/wp-content\/uploads\/2022\/04\/Ludwighaus-fekete-logo-768x256.png","type":"","width":"","height":""}],"twitter_card":"summary_large_image","twitter_misc":{"Odhadovan\u00e1 doba \u010dten\u00ed":"1 minuta"},"schema":{"@context":"https:\/\/schema.org","@graph":[{"@type":"WebPage","@id":"https:\/\/sportclubhausamwildkogel.eu\/checkin\/hu\/","url":"https:\/\/sportclubhausamwildkogel.eu\/checkin\/hu\/","name":"P\u0159ihla\u0161ovac\u00ed formul\u00e1\u0159 - \u010de\u0161tina - sportclubhausamwildkogel","isPartOf":{"@id":"https:\/\/sportclubhausamwildkogel.eu\/#website"},"primaryImageOfPage":{"@id":"https:\/\/sportclubhausamwildkogel.eu\/checkin\/hu\/#primaryimage"},"image":{"@id":"https:\/\/sportclubhausamwildkogel.eu\/checkin\/hu\/#primaryimage"},"thumbnailUrl":"https:\/\/sportclubhausamwildkogel.eu\/wp-content\/uploads\/2022\/04\/Ludwighaus-fekete-logo-768x256.png","datePublished":"2023-04-03T13:39:39+00:00","dateModified":"2023-10-16T18:25:34+00:00","breadcrumb":{"@id":"https:\/\/sportclubhausamwildkogel.eu\/checkin\/hu\/#breadcrumb"},"inLanguage":"cs","potentialAction":[{"@type":"ReadAction","target":["https:\/\/sportclubhausamwildkogel.eu\/checkin\/hu\/"]}]},{"@type":"ImageObject","inLanguage":"cs","@id":"https:\/\/sportclubhausamwildkogel.eu\/checkin\/hu\/#primaryimage","url":"https:\/\/sportclubhausamwildkogel.eu\/wp-content\/uploads\/2022\/04\/Ludwighaus-fekete-logo-768x256.png","contentUrl":"https:\/\/sportclubhausamwildkogel.eu\/wp-content\/uploads\/2022\/04\/Ludwighaus-fekete-logo-768x256.png"},{"@type":"BreadcrumbList","@id":"https:\/\/sportclubhausamwildkogel.eu\/checkin\/hu\/#breadcrumb","itemListElement":[{"@type":"ListItem","position":1,"name":"Home","item":"https:\/\/sportclubhausamwildkogel.eu\/"},{"@type":"ListItem","position":2,"name":"Check-In k\u00f6zponti oldal","item":"https:\/\/sportclubhausamwildkogel.eu\/checkin\/"},{"@type":"ListItem","position":3,"name":"Check-In form &#8211; Magyar"}]},{"@type":"WebSite","@id":"https:\/\/sportclubhausamwildkogel.eu\/#website","url":"https:\/\/sportclubhausamwildkogel.eu\/","name":"sportclubhausamwildkogel","description":"","potentialAction":[{"@type":"SearchAction","target":{"@type":"EntryPoint","urlTemplate":"https:\/\/sportclubhausamwildkogel.eu\/?s={search_term_string}"},"query-input":{"@type":"PropertyValueSpecification","valueRequired":true,"valueName":"search_term_string"}}],"inLanguage":"cs"}]}},"_links":{"self":[{"href":"https:\/\/sportclubhausamwildkogel.eu\/cs\/wp-json\/wp\/v2\/pages\/5888","targetHints":{"allow":["GET"]}}],"collection":[{"href":"https:\/\/sportclubhausamwildkogel.eu\/cs\/wp-json\/wp\/v2\/pages"}],"about":[{"href":"https:\/\/sportclubhausamwildkogel.eu\/cs\/wp-json\/wp\/v2\/types\/page"}],"author":[{"embeddable":true,"href":"https:\/\/sportclubhausamwildkogel.eu\/cs\/wp-json\/wp\/v2\/users\/1"}],"replies":[{"embeddable":true,"href":"https:\/\/sportclubhausamwildkogel.eu\/cs\/wp-json\/wp\/v2\/comments?post=5888"}],"version-history":[{"count":138,"href":"https:\/\/sportclubhausamwildkogel.eu\/cs\/wp-json\/wp\/v2\/pages\/5888\/revisions"}],"predecessor-version":[{"id":6518,"href":"https:\/\/sportclubhausamwildkogel.eu\/cs\/wp-json\/wp\/v2\/pages\/5888\/revisions\/6518"}],"up":[{"embeddable":true,"href":"https:\/\/sportclubhausamwildkogel.eu\/cs\/wp-json\/wp\/v2\/pages\/5786"}],"wp:attachment":[{"href":"https:\/\/sportclubhausamwildkogel.eu\/cs\/wp-json\/wp\/v2\/media?parent=5888"}],"curies":[{"name":"wp","href":"https:\/\/api.w.org\/{rel}","templated":true}]}}