{"id":543,"date":"2022-02-18T01:31:58","date_gmt":"2022-02-18T01:31:58","guid":{"rendered":"http:\/\/sportclubhausamwildkogel.eu\/?page_id=543"},"modified":"2024-07-11T07:54:53","modified_gmt":"2024-07-11T07:54:53","slug":"wildkogelarenaneukirchen","status":"publish","type":"page","link":"https:\/\/sportclubhausamwildkogel.eu\/cs\/wildkogelarenaneukirchen\/","title":{"rendered":"Neukirchen"},"content":{"rendered":"<div data-elementor-type=\"wp-page\" data-elementor-id=\"543\" class=\"elementor elementor-543\" data-elementor-post-type=\"page\">\n\t\t\t\t\t\t<section class=\"elementor-section elementor-top-section elementor-element elementor-element-27c3d89 elementor-section-boxed elementor-section-height-default elementor-section-height-default\" data-id=\"27c3d89\" data-element_type=\"section\" data-e-type=\"section\">\n\t\t\t\t\t\t<div class=\"elementor-container elementor-column-gap-default\">\n\t\t\t\t\t<div class=\"elementor-column elementor-col-100 elementor-top-column elementor-element elementor-element-a7e2993\" data-id=\"a7e2993\" data-element_type=\"column\" data-e-type=\"column\">\n\t\t\t<div class=\"elementor-widget-wrap\">\n\t\t\t\t\t\t\t<\/div>\n\t\t<\/div>\n\t\t\t\t\t<\/div>\n\t\t<\/section>\n\t\t\t\t<section class=\"elementor-section elementor-top-section elementor-element elementor-element-6ab8cb3 elementor-section-full_width elementor-section-content-middle elementor-section-height-full elementor-section-height-default elementor-section-items-middle\" data-id=\"6ab8cb3\" data-element_type=\"section\" data-e-type=\"section\" data-settings=\"{&quot;background_background&quot;:&quot;classic&quot;}\">\n\t\t\t\t\t\t\t<div class=\"elementor-background-overlay\"><\/div>\n\t\t\t\t\t\t\t<div class=\"elementor-container elementor-column-gap-no\">\n\t\t\t\t\t<div class=\"elementor-column elementor-col-100 elementor-top-column elementor-element elementor-element-4ae9acd\" data-id=\"4ae9acd\" data-element_type=\"column\" data-e-type=\"column\">\n\t\t\t<div class=\"elementor-widget-wrap elementor-element-populated\">\n\t\t\t\t\t\t<div class=\"elementor-element elementor-element-dd5f932 elementor-widget elementor-widget-spacer\" data-id=\"dd5f932\" data-element_type=\"widget\" data-e-type=\"widget\" data-widget_type=\"spacer.default\">\n\t\t\t\t<div class=\"elementor-widget-container\">\n\t\t\t\t\t\t\t<div class=\"elementor-spacer\">\n\t\t\t<div class=\"elementor-spacer-inner\"><\/div>\n\t\t<\/div>\n\t\t\t\t\t\t<\/div>\n\t\t\t\t<\/div>\n\t\t\t\t\t<\/div>\n\t\t<\/div>\n\t\t\t\t\t<\/div>\n\t\t<\/section>\n\t\t\t\t<section class=\"elementor-section elementor-top-section elementor-element elementor-element-fe00d1a elementor-section-boxed elementor-section-height-default elementor-section-height-default\" data-id=\"fe00d1a\" data-element_type=\"section\" data-e-type=\"section\" data-settings=\"{&quot;background_background&quot;:&quot;classic&quot;}\">\n\t\t\t\t\t\t<div class=\"elementor-container elementor-column-gap-default\">\n\t\t\t\t\t<div class=\"elementor-column elementor-col-100 elementor-top-column elementor-element elementor-element-bf32b82\" data-id=\"bf32b82\" data-element_type=\"column\" data-e-type=\"column\" data-settings=\"{&quot;background_background&quot;:&quot;classic&quot;}\">\n\t\t\t<div class=\"elementor-widget-wrap elementor-element-populated\">\n\t\t\t\t\t\t<div class=\"elementor-element elementor-element-83961f4 elementor-widget elementor-widget-heading\" data-id=\"83961f4\" data-element_type=\"widget\" data-e-type=\"widget\" data-widget_type=\"heading.default\">\n\t\t\t\t<div class=\"elementor-widget-container\">\n\t\t\t\t\t<h2 class=\"elementor-heading-title elementor-size-default\">Neukirchen am Gro\u00dfvenediger<\/h2>\t\t\t\t<\/div>\n\t\t\t\t<\/div>\n\t\t\t\t<div class=\"elementor-element elementor-element-3f9e736 elementor-widget elementor-widget-text-editor\" data-id=\"3f9e736\" data-element_type=\"widget\" data-e-type=\"widget\" data-widget_type=\"text-editor.default\">\n\t\t\t\t<div class=\"elementor-widget-container\">\n\t\t\t\t\t\t\t\t\t<p>V srdci Salcburku se nach\u00e1z\u00ed Widkogel-Arena s t\u00e9m\u011b\u0159 400 km sjezdovek a nejdel\u0161\u00ed osv\u011btlenou s\u00e1\u0148ka\u0159skou dr\u00e1hou na sv\u011bt\u011b!<\/p>\t\t\t\t\t\t\t\t<\/div>\n\t\t\t\t<\/div>\n\t\t\t\t\t<\/div>\n\t\t<\/div>\n\t\t\t\t\t<\/div>\n\t\t<\/section>\n\t\t\t\t<section class=\"elementor-section elementor-top-section elementor-element elementor-element-6cd47a3 elementor-section-boxed elementor-section-height-default elementor-section-height-default\" data-id=\"6cd47a3\" data-element_type=\"section\" data-e-type=\"section\">\n\t\t\t\t\t\t<div class=\"elementor-container elementor-column-gap-default\">\n\t\t\t\t\t<div class=\"elementor-column elementor-col-100 elementor-top-column elementor-element elementor-element-d9bbd24\" data-id=\"d9bbd24\" data-element_type=\"column\" data-e-type=\"column\">\n\t\t\t<div class=\"elementor-widget-wrap elementor-element-populated\">\n\t\t\t\t\t\t<div class=\"elementor-element elementor-element-e9bafd3 elementor-widget-divider--view-line elementor-widget elementor-widget-divider\" data-id=\"e9bafd3\" data-element_type=\"widget\" data-e-type=\"widget\" data-widget_type=\"divider.default\">\n\t\t\t\t<div class=\"elementor-widget-container\">\n\t\t\t\t\t\t\t<div class=\"elementor-divider\">\n\t\t\t<span class=\"elementor-divider-separator\">\n\t\t\t\t\t\t<\/span>\n\t\t<\/div>\n\t\t\t\t\t\t<\/div>\n\t\t\t\t<\/div>\n\t\t\t\t\t<\/div>\n\t\t<\/div>\n\t\t\t\t\t<\/div>\n\t\t<\/section>\n\t\t\t\t<section class=\"elementor-section elementor-top-section elementor-element elementor-element-e1d5409 elementor-hidden-tablet elementor-section-boxed elementor-section-height-default elementor-section-height-default\" data-id=\"e1d5409\" data-element_type=\"section\" data-e-type=\"section\">\n\t\t\t\t\t\t<div class=\"elementor-container elementor-column-gap-default\">\n\t\t\t\t\t<div class=\"elementor-column elementor-col-50 elementor-top-column elementor-element elementor-element-3a27ca2\" data-id=\"3a27ca2\" data-element_type=\"column\" data-e-type=\"column\">\n\t\t\t<div class=\"elementor-widget-wrap elementor-element-populated\">\n\t\t\t\t\t\t<div class=\"elementor-element elementor-element-8696e96 elementor-widget elementor-widget-text-editor\" data-id=\"8696e96\" data-element_type=\"widget\" data-e-type=\"widget\" data-widget_type=\"text-editor.default\">\n\t\t\t\t<div class=\"elementor-widget-container\">\n\t\t\t\t\t\t\t\t\t<p>Po opu\u0161t\u011bn\u00ed Zell- am See pokra\u010dujte sm\u011brem na Kaprun do Neukirchenu am Gro\u00dfvenediger, p\u0159i\u010dem\u017e m\u016f\u017eete sledovat vrcholy Gro\u00dfglockner a Gro\u00dfvenediger.<\/p><p>Nach\u00e1z\u00ed se v nejv\u011bt\u0161\u00edm st\u0159edoevropsk\u00e9m n\u00e1rodn\u00edm parku Hohen Tauern, kter\u00fd le\u017e\u00ed na rozhran\u00ed t\u0159\u00ed rakousk\u00fdch spolkov\u00fdch zem\u00ed Salcbursko, Korutany a Tyrolsko, nedaleko italsk\u00fdch hranic.<\/p><p>Tato oblast s v\u00edce ne\u017e 300 horsk\u00fdmi masivy, z nich\u017e nejvy\u0161\u0161\u00ed jsou Gro\u00dfglockner (3798 m) a Gro\u00dfvenediger (3662 m), ledovci a vodop\u00e1dy je jedn\u00edm z nejrozmanit\u011bj\u0161\u00edch p\u0159\u00edrodn\u00edch div\u016f Evropy.<\/p><p>Gro\u00dfvenediger, b\u00edl\u00fd obr v\u00fdchodn\u00edch Alp, je vysn\u011bn\u00fdm c\u00edlem mnoha ly\u017ea\u0159sk\u00fdch cestovatel\u016f.<\/p><p>Ludwighaus se nach\u00e1z\u00ed na hlavn\u00ed ulici obce a n\u00e1\u0161 neust\u00e1le obnovovan\u00fd penzion m\u00e1 12 pokoj\u016f, ve kter\u00fdch se m\u016f\u017ee ubytovat celkem 45 host\u016f.<\/p>\t\t\t\t\t\t\t\t<\/div>\n\t\t\t\t<\/div>\n\t\t\t\t\t<\/div>\n\t\t<\/div>\n\t\t\t\t<div class=\"elementor-column elementor-col-50 elementor-top-column elementor-element elementor-element-cbe4cec\" data-id=\"cbe4cec\" data-element_type=\"column\" data-e-type=\"column\">\n\t\t\t<div class=\"elementor-widget-wrap elementor-element-populated\">\n\t\t\t\t\t\t<div class=\"elementor-element elementor-element-9ad3c37 elementor-widget elementor-widget-image\" data-id=\"9ad3c37\" data-element_type=\"widget\" data-e-type=\"widget\" data-widget_type=\"image.default\">\n\t\t\t\t<div class=\"elementor-widget-container\">\n\t\t\t\t\t\t\t\t\t\t\t\t\t\t\t<img fetchpriority=\"high\" decoding=\"async\" width=\"500\" height=\"700\" src=\"https:\/\/sportclubhausamwildkogel.eu\/wp-content\/uploads\/2022\/07\/Rajztabla-2.png\" class=\"attachment-large size-large wp-image-3079\" alt=\"\" srcset=\"https:\/\/sportclubhausamwildkogel.eu\/wp-content\/uploads\/2022\/07\/Rajztabla-2.png 500w, https:\/\/sportclubhausamwildkogel.eu\/wp-content\/uploads\/2022\/07\/Rajztabla-2-214x300.png 214w\" sizes=\"(max-width: 500px) 100vw, 500px\" \/>\t\t\t\t\t\t\t\t\t\t\t\t\t\t\t<\/div>\n\t\t\t\t<\/div>\n\t\t\t\t\t<\/div>\n\t\t<\/div>\n\t\t\t\t\t<\/div>\n\t\t<\/section>\n\t\t\t\t<section class=\"elementor-section elementor-top-section elementor-element elementor-element-06deae5 elementor-hidden-desktop elementor-hidden-mobile elementor-section-boxed elementor-section-height-default elementor-section-height-default\" data-id=\"06deae5\" data-element_type=\"section\" data-e-type=\"section\">\n\t\t\t\t\t\t<div class=\"elementor-container elementor-column-gap-default\">\n\t\t\t\t\t<div class=\"elementor-column elementor-col-100 elementor-top-column elementor-element elementor-element-19ebc5b\" data-id=\"19ebc5b\" data-element_type=\"column\" data-e-type=\"column\">\n\t\t\t<div class=\"elementor-widget-wrap elementor-element-populated\">\n\t\t\t\t\t\t<div class=\"elementor-element elementor-element-af898cd elementor-widget elementor-widget-text-editor\" data-id=\"af898cd\" data-element_type=\"widget\" data-e-type=\"widget\" data-widget_type=\"text-editor.default\">\n\t\t\t\t<div class=\"elementor-widget-container\">\n\t\t\t\t\t\t\t\t\t<p>Po opu\u0161t\u011bn\u00ed Zell- am See pokra\u010dujte sm\u011brem na Kaprun do Neukirchenu am Gro\u00dfvenediger, p\u0159i\u010dem\u017e m\u016f\u017eete sledovat vrcholy Gro\u00dfglockner a Gro\u00dfvenediger.<\/p><p>Nach\u00e1z\u00ed se v nejv\u011bt\u0161\u00edm st\u0159edoevropsk\u00e9m n\u00e1rodn\u00edm parku Hohen Tauern, kter\u00fd le\u017e\u00ed na rozhran\u00ed t\u0159\u00ed rakousk\u00fdch spolkov\u00fdch zem\u00ed Salcbursko, Korutany a Tyrolsko, nedaleko italsk\u00fdch hranic.<\/p><p>Tato oblast s v\u00edce ne\u017e 300 horsk\u00fdmi masivy, z nich\u017e nejvy\u0161\u0161\u00ed jsou Gro\u00dfglockner (3798 m) a Gro\u00dfvenediger (3662 m), ledovci a vodop\u00e1dy je jedn\u00edm z nejrozmanit\u011bj\u0161\u00edch p\u0159\u00edrodn\u00edch div\u016f Evropy.<\/p><p>Gro\u00dfvenediger, b\u00edl\u00fd obr v\u00fdchodn\u00edch Alp, je vysn\u011bn\u00fdm c\u00edlem mnoha ly\u017ea\u0159sk\u00fdch cestovatel\u016f.<\/p><p>Ludwighaus se nach\u00e1z\u00ed na hlavn\u00ed ulici obce a n\u00e1\u0161 neust\u00e1le obnovovan\u00fd penzion m\u00e1 12 pokoj\u016f, ve kter\u00fdch se m\u016f\u017ee ubytovat celkem 45 host\u016f.<\/p>\t\t\t\t\t\t\t\t<\/div>\n\t\t\t\t<\/div>\n\t\t\t\t\t<\/div>\n\t\t<\/div>\n\t\t\t\t\t<\/div>\n\t\t<\/section>\n\t\t\t\t<section class=\"elementor-section elementor-top-section elementor-element elementor-element-32f1fe4 elementor-section-boxed elementor-section-height-default elementor-section-height-default\" data-id=\"32f1fe4\" data-element_type=\"section\" data-e-type=\"section\">\n\t\t\t\t\t\t<div class=\"elementor-container elementor-column-gap-default\">\n\t\t\t\t\t<div class=\"elementor-column elementor-col-100 elementor-top-column elementor-element elementor-element-e1c33c6\" data-id=\"e1c33c6\" data-element_type=\"column\" data-e-type=\"column\">\n\t\t\t<div class=\"elementor-widget-wrap elementor-element-populated\">\n\t\t\t\t\t\t<div class=\"elementor-element elementor-element-dc76207 elementor-align-center elementor-widget elementor-widget-button\" data-id=\"dc76207\" data-element_type=\"widget\" data-e-type=\"widget\" data-widget_type=\"button.default\">\n\t\t\t\t<div class=\"elementor-widget-container\">\n\t\t\t\t\t\t\t\t\t<div class=\"elementor-button-wrapper\">\n\t\t\t\t\t<a class=\"elementor-button elementor-button-link elementor-size-md\" href=\"https:\/\/sportclubhausamwildkogel.eu\/cs\/rooms\/\">\n\t\t\t\t\t\t<span class=\"elementor-button-content-wrapper\">\n\t\t\t\t\t\t\t\t\t<span class=\"elementor-button-text\">Zobrazit pokoje<\/span>\n\t\t\t\t\t<\/span>\n\t\t\t\t\t<\/a>\n\t\t\t\t<\/div>\n\t\t\t\t\t\t\t\t<\/div>\n\t\t\t\t<\/div>\n\t\t\t\t<div class=\"elementor-element elementor-element-9baaed8 elementor-widget elementor-widget-spacer\" data-id=\"9baaed8\" data-element_type=\"widget\" data-e-type=\"widget\" data-widget_type=\"spacer.default\">\n\t\t\t\t<div class=\"elementor-widget-container\">\n\t\t\t\t\t\t\t<div class=\"elementor-spacer\">\n\t\t\t<div class=\"elementor-spacer-inner\"><\/div>\n\t\t<\/div>\n\t\t\t\t\t\t<\/div>\n\t\t\t\t<\/div>\n\t\t\t\t\t<\/div>\n\t\t<\/div>\n\t\t\t\t\t<\/div>\n\t\t<\/section>\n\t\t\t\t<\/div>","protected":false},"excerpt":{"rendered":"<p>Neukirchen am Gro\u00dfvenediger\u200b Salzburg sz\u00edv\u00e9ben k\u00f6zel 400 km-es s\u00edp\u00e1ly\u00e1val \u00e9s a vil\u00e1g leghosszabb kivil\u00e1g\u00edtott sz\u00e1nk\u00f3p\u00e1ly\u00e1j\u00e1val b\u00fcszk\u00e9lkedhet a Widkogel-Arena! Zell- am Seet\u00a0elhagyva Kaprun fel\u00e9 tov\u00e1bbhaladva \u00e9rhet\u0151 el Neukirchen am Gro\u00dfvenediger, mik\u00f6zben a Gro\u00dfglockner \u00e9s\u00a0 a Gro\u00dfvenediger\u00a0ormait k\u00f6vethetj\u00fck v\u00e9gig. A telep\u00fcl\u00e9s K\u00f6z\u00e9p-Eur\u00f3pa legnagyobb nemzeti parkj\u00e1ban, a Hohen Tauern Nemzeti Parkban tal\u00e1lhat\u00f3, amely Ausztria h\u00e1rom tartom\u00e1ny\u00e1nak, Salzburg, Karintia [&hellip;]<\/p>\n","protected":false},"author":1,"featured_media":0,"parent":0,"menu_order":0,"comment_status":"closed","ping_status":"closed","template":"elementor_header_footer","meta":{"site-sidebar-layout":"no-sidebar","site-content-layout":"page-builder","ast-site-content-layout":"default","site-content-style":"default","site-sidebar-style":"default","ast-global-header-display":"","ast-banner-title-visibility":"","ast-main-header-display":"disabled","ast-hfb-above-header-display":"disabled","ast-hfb-below-header-display":"disabled","ast-hfb-mobile-header-display":"disabled","site-post-title":"disabled","ast-breadcrumbs-content":"disabled","ast-featured-img":"disabled","footer-sml-layout":"disabled","ast-disable-related-posts":"","theme-transparent-header-meta":"","adv-header-id-meta":"","stick-header-meta":"","header-above-stick-meta":"","header-main-stick-meta":"","header-below-stick-meta":"","astra-migrate-meta-layouts":"default","ast-page-background-enabled":"default","ast-page-background-meta":{"desktop":{"background-color":"var(--ast-global-color-4)","background-image":"","background-repeat":"repeat","background-position":"center center","background-size":"auto","background-attachment":"scroll","background-type":"","background-media":"","overlay-type":"","overlay-color":"","overlay-opacity":"","overlay-gradient":""},"tablet":{"background-color":"","background-image":"","background-repeat":"repeat","background-position":"center center","background-size":"auto","background-attachment":"scroll","background-type":"","background-media":"","overlay-type":"","overlay-color":"","overlay-opacity":"","overlay-gradient":""},"mobile":{"background-color":"","background-image":"","background-repeat":"repeat","background-position":"center center","background-size":"auto","background-attachment":"scroll","background-type":"","background-media":"","overlay-type":"","overlay-color":"","overlay-opacity":"","overlay-gradient":""}},"ast-content-background-meta":{"desktop":{"background-color":"var(--ast-global-color-5)","background-image":"","background-repeat":"repeat","background-position":"center center","background-size":"auto","background-attachment":"scroll","background-type":"","background-media":"","overlay-type":"","overlay-color":"","overlay-opacity":"","overlay-gradient":""},"tablet":{"background-color":"var(--ast-global-color-5)","background-image":"","background-repeat":"repeat","background-position":"center center","background-size":"auto","background-attachment":"scroll","background-type":"","background-media":"","overlay-type":"","overlay-color":"","overlay-opacity":"","overlay-gradient":""},"mobile":{"background-color":"var(--ast-global-color-5)","background-image":"","background-repeat":"repeat","background-position":"center center","background-size":"auto","background-attachment":"scroll","background-type":"","background-media":"","overlay-type":"","overlay-color":"","overlay-opacity":"","overlay-gradient":""}},"footnotes":""},"class_list":["post-543","page","type-page","status-publish","hentry"],"yoast_head":"<!-- This site is optimized with the Yoast SEO Premium plugin v25.6 (Yoast SEO v27.4) - https:\/\/yoast.com\/product\/yoast-seo-premium-wordpress\/ -->\n<title>Neukirchen - sportclubhausamwildkogel<\/title>\n<meta name=\"robots\" content=\"index, follow, max-snippet:-1, max-image-preview:large, max-video-preview:-1\" \/>\n<link rel=\"canonical\" href=\"https:\/\/sportclubhausamwildkogel.eu\/cs\/wildkogelarenaneukirchen\/\" \/>\n<meta property=\"og:locale\" content=\"cs_CZ\" \/>\n<meta property=\"og:type\" content=\"article\" \/>\n<meta property=\"og:title\" content=\"Neukirchen\" \/>\n<meta property=\"og:description\" content=\"Neukirchen am Gro\u00dfvenediger\u200b Salzburg sz\u00edv\u00e9ben k\u00f6zel 400 km-es s\u00edp\u00e1ly\u00e1val \u00e9s a vil\u00e1g leghosszabb kivil\u00e1g\u00edtott sz\u00e1nk\u00f3p\u00e1ly\u00e1j\u00e1val b\u00fcszk\u00e9lkedhet a Widkogel-Arena! Zell- am Seet\u00a0elhagyva Kaprun fel\u00e9 tov\u00e1bbhaladva \u00e9rhet\u0151 el Neukirchen am Gro\u00dfvenediger, mik\u00f6zben a Gro\u00dfglockner \u00e9s\u00a0 a Gro\u00dfvenediger\u00a0ormait k\u00f6vethetj\u00fck v\u00e9gig. A telep\u00fcl\u00e9s K\u00f6z\u00e9p-Eur\u00f3pa legnagyobb nemzeti parkj\u00e1ban, a Hohen Tauern Nemzeti Parkban tal\u00e1lhat\u00f3, amely Ausztria h\u00e1rom tartom\u00e1ny\u00e1nak, Salzburg, Karintia [&hellip;]\" \/>\n<meta property=\"og:url\" content=\"https:\/\/sportclubhausamwildkogel.eu\/cs\/wildkogelarenaneukirchen\/\" \/>\n<meta property=\"og:site_name\" content=\"sportclubhausamwildkogel\" \/>\n<meta property=\"article:modified_time\" content=\"2024-07-11T07:54:53+00:00\" \/>\n<meta property=\"og:image\" content=\"https:\/\/sportclubhausamwildkogel.eu\/wp-content\/uploads\/2022\/07\/Rajztabla-2.png\" \/>\n<meta name=\"twitter:card\" content=\"summary_large_image\" \/>\n<meta name=\"twitter:label1\" content=\"Odhadovan\u00e1 doba \u010dten\u00ed\" \/>\n\t<meta name=\"twitter:data1\" content=\"2 minuty\" \/>\n<script type=\"application\/ld+json\" class=\"yoast-schema-graph\">{\"@context\":\"https:\\\/\\\/schema.org\",\"@graph\":[{\"@type\":\"WebPage\",\"@id\":\"https:\\\/\\\/sportclubhausamwildkogel.eu\\\/wildkogelarenaneukirchen\\\/\",\"url\":\"https:\\\/\\\/sportclubhausamwildkogel.eu\\\/wildkogelarenaneukirchen\\\/\",\"name\":\"Neukirchen - sportclubhausamwildkogel\",\"isPartOf\":{\"@id\":\"https:\\\/\\\/sportclubhausamwildkogel.eu\\\/#website\"},\"primaryImageOfPage\":{\"@id\":\"https:\\\/\\\/sportclubhausamwildkogel.eu\\\/wildkogelarenaneukirchen\\\/#primaryimage\"},\"image\":{\"@id\":\"https:\\\/\\\/sportclubhausamwildkogel.eu\\\/wildkogelarenaneukirchen\\\/#primaryimage\"},\"thumbnailUrl\":\"https:\\\/\\\/sportclubhausamwildkogel.eu\\\/wp-content\\\/uploads\\\/2022\\\/07\\\/Rajztabla-2.png\",\"datePublished\":\"2022-02-18T01:31:58+00:00\",\"dateModified\":\"2024-07-11T07:54:53+00:00\",\"breadcrumb\":{\"@id\":\"https:\\\/\\\/sportclubhausamwildkogel.eu\\\/wildkogelarenaneukirchen\\\/#breadcrumb\"},\"inLanguage\":\"cs\",\"potentialAction\":[{\"@type\":\"ReadAction\",\"target\":[\"https:\\\/\\\/sportclubhausamwildkogel.eu\\\/wildkogelarenaneukirchen\\\/\"]}]},{\"@type\":\"ImageObject\",\"inLanguage\":\"cs\",\"@id\":\"https:\\\/\\\/sportclubhausamwildkogel.eu\\\/wildkogelarenaneukirchen\\\/#primaryimage\",\"url\":\"https:\\\/\\\/sportclubhausamwildkogel.eu\\\/wp-content\\\/uploads\\\/2022\\\/07\\\/Rajztabla-2.png\",\"contentUrl\":\"https:\\\/\\\/sportclubhausamwildkogel.eu\\\/wp-content\\\/uploads\\\/2022\\\/07\\\/Rajztabla-2.png\"},{\"@type\":\"BreadcrumbList\",\"@id\":\"https:\\\/\\\/sportclubhausamwildkogel.eu\\\/wildkogelarenaneukirchen\\\/#breadcrumb\",\"itemListElement\":[{\"@type\":\"ListItem\",\"position\":1,\"name\":\"Home\",\"item\":\"https:\\\/\\\/sportclubhausamwildkogel.eu\\\/\"},{\"@type\":\"ListItem\",\"position\":2,\"name\":\"Neukirchen\"}]},{\"@type\":\"WebSite\",\"@id\":\"https:\\\/\\\/sportclubhausamwildkogel.eu\\\/#website\",\"url\":\"https:\\\/\\\/sportclubhausamwildkogel.eu\\\/\",\"name\":\"sportclubhausamwildkogel\",\"description\":\"\",\"potentialAction\":[{\"@type\":\"SearchAction\",\"target\":{\"@type\":\"EntryPoint\",\"urlTemplate\":\"https:\\\/\\\/sportclubhausamwildkogel.eu\\\/?s={search_term_string}\"},\"query-input\":{\"@type\":\"PropertyValueSpecification\",\"valueRequired\":true,\"valueName\":\"search_term_string\"}}],\"inLanguage\":\"cs\"}]}<\/script>\n<!-- \/ Yoast SEO Premium plugin. -->","yoast_head_json":{"title":"Neukirchen - sportclubhausamwildkogel","robots":{"index":"index","follow":"follow","max-snippet":"max-snippet:-1","max-image-preview":"max-image-preview:large","max-video-preview":"max-video-preview:-1"},"canonical":"https:\/\/sportclubhausamwildkogel.eu\/cs\/wildkogelarenaneukirchen\/","og_locale":"cs_CZ","og_type":"article","og_title":"Neukirchen","og_description":"Neukirchen am Gro\u00dfvenediger\u200b Salzburg sz\u00edv\u00e9ben k\u00f6zel 400 km-es s\u00edp\u00e1ly\u00e1val \u00e9s a vil\u00e1g leghosszabb kivil\u00e1g\u00edtott sz\u00e1nk\u00f3p\u00e1ly\u00e1j\u00e1val b\u00fcszk\u00e9lkedhet a Widkogel-Arena! Zell- am Seet\u00a0elhagyva Kaprun fel\u00e9 tov\u00e1bbhaladva \u00e9rhet\u0151 el Neukirchen am Gro\u00dfvenediger, mik\u00f6zben a Gro\u00dfglockner \u00e9s\u00a0 a Gro\u00dfvenediger\u00a0ormait k\u00f6vethetj\u00fck v\u00e9gig. A telep\u00fcl\u00e9s K\u00f6z\u00e9p-Eur\u00f3pa legnagyobb nemzeti parkj\u00e1ban, a Hohen Tauern Nemzeti Parkban tal\u00e1lhat\u00f3, amely Ausztria h\u00e1rom tartom\u00e1ny\u00e1nak, Salzburg, Karintia [&hellip;]","og_url":"https:\/\/sportclubhausamwildkogel.eu\/cs\/wildkogelarenaneukirchen\/","og_site_name":"sportclubhausamwildkogel","article_modified_time":"2024-07-11T07:54:53+00:00","og_image":[{"url":"https:\/\/sportclubhausamwildkogel.eu\/wp-content\/uploads\/2022\/07\/Rajztabla-2.png","type":"","width":"","height":""}],"twitter_card":"summary_large_image","twitter_misc":{"Odhadovan\u00e1 doba \u010dten\u00ed":"2 minuty"},"schema":{"@context":"https:\/\/schema.org","@graph":[{"@type":"WebPage","@id":"https:\/\/sportclubhausamwildkogel.eu\/wildkogelarenaneukirchen\/","url":"https:\/\/sportclubhausamwildkogel.eu\/wildkogelarenaneukirchen\/","name":"Neukirchen - sportclubhausamwildkogel","isPartOf":{"@id":"https:\/\/sportclubhausamwildkogel.eu\/#website"},"primaryImageOfPage":{"@id":"https:\/\/sportclubhausamwildkogel.eu\/wildkogelarenaneukirchen\/#primaryimage"},"image":{"@id":"https:\/\/sportclubhausamwildkogel.eu\/wildkogelarenaneukirchen\/#primaryimage"},"thumbnailUrl":"https:\/\/sportclubhausamwildkogel.eu\/wp-content\/uploads\/2022\/07\/Rajztabla-2.png","datePublished":"2022-02-18T01:31:58+00:00","dateModified":"2024-07-11T07:54:53+00:00","breadcrumb":{"@id":"https:\/\/sportclubhausamwildkogel.eu\/wildkogelarenaneukirchen\/#breadcrumb"},"inLanguage":"cs","potentialAction":[{"@type":"ReadAction","target":["https:\/\/sportclubhausamwildkogel.eu\/wildkogelarenaneukirchen\/"]}]},{"@type":"ImageObject","inLanguage":"cs","@id":"https:\/\/sportclubhausamwildkogel.eu\/wildkogelarenaneukirchen\/#primaryimage","url":"https:\/\/sportclubhausamwildkogel.eu\/wp-content\/uploads\/2022\/07\/Rajztabla-2.png","contentUrl":"https:\/\/sportclubhausamwildkogel.eu\/wp-content\/uploads\/2022\/07\/Rajztabla-2.png"},{"@type":"BreadcrumbList","@id":"https:\/\/sportclubhausamwildkogel.eu\/wildkogelarenaneukirchen\/#breadcrumb","itemListElement":[{"@type":"ListItem","position":1,"name":"Home","item":"https:\/\/sportclubhausamwildkogel.eu\/"},{"@type":"ListItem","position":2,"name":"Neukirchen"}]},{"@type":"WebSite","@id":"https:\/\/sportclubhausamwildkogel.eu\/#website","url":"https:\/\/sportclubhausamwildkogel.eu\/","name":"sportclubhausamwildkogel","description":"","potentialAction":[{"@type":"SearchAction","target":{"@type":"EntryPoint","urlTemplate":"https:\/\/sportclubhausamwildkogel.eu\/?s={search_term_string}"},"query-input":{"@type":"PropertyValueSpecification","valueRequired":true,"valueName":"search_term_string"}}],"inLanguage":"cs"}]}},"_links":{"self":[{"href":"https:\/\/sportclubhausamwildkogel.eu\/cs\/wp-json\/wp\/v2\/pages\/543","targetHints":{"allow":["GET"]}}],"collection":[{"href":"https:\/\/sportclubhausamwildkogel.eu\/cs\/wp-json\/wp\/v2\/pages"}],"about":[{"href":"https:\/\/sportclubhausamwildkogel.eu\/cs\/wp-json\/wp\/v2\/types\/page"}],"author":[{"embeddable":true,"href":"https:\/\/sportclubhausamwildkogel.eu\/cs\/wp-json\/wp\/v2\/users\/1"}],"replies":[{"embeddable":true,"href":"https:\/\/sportclubhausamwildkogel.eu\/cs\/wp-json\/wp\/v2\/comments?post=543"}],"version-history":[{"count":155,"href":"https:\/\/sportclubhausamwildkogel.eu\/cs\/wp-json\/wp\/v2\/pages\/543\/revisions"}],"predecessor-version":[{"id":6932,"href":"https:\/\/sportclubhausamwildkogel.eu\/cs\/wp-json\/wp\/v2\/pages\/543\/revisions\/6932"}],"wp:attachment":[{"href":"https:\/\/sportclubhausamwildkogel.eu\/cs\/wp-json\/wp\/v2\/media?parent=543"}],"curies":[{"name":"wp","href":"https:\/\/api.w.org\/{rel}","templated":true}]}}