{"id":2531,"date":"2022-07-12T09:01:49","date_gmt":"2022-07-12T09:01:49","guid":{"rendered":"https:\/\/sportclubhausamwildkogel.eu\/?page_id=2531"},"modified":"2023-10-16T20:40:21","modified_gmt":"2023-10-16T20:40:21","slug":"appointment","status":"publish","type":"page","link":"https:\/\/sportclubhausamwildkogel.eu\/cs\/appointment\/","title":{"rendered":"rezervace"},"content":{"rendered":"<div data-elementor-type=\"wp-page\" data-elementor-id=\"2531\" class=\"elementor elementor-2531\" data-elementor-post-type=\"page\">\n\t\t\t\t\t\t<section class=\"elementor-section elementor-top-section elementor-element elementor-element-55ea449 elementor-section-boxed elementor-section-height-default elementor-section-height-default\" data-id=\"55ea449\" data-element_type=\"section\" data-e-type=\"section\">\n\t\t\t\t\t\t<div class=\"elementor-container elementor-column-gap-default\">\n\t\t\t\t\t<div class=\"elementor-column elementor-col-100 elementor-top-column elementor-element elementor-element-a5fcbb9\" data-id=\"a5fcbb9\" data-element_type=\"column\" data-e-type=\"column\">\n\t\t\t<div class=\"elementor-widget-wrap\">\n\t\t\t\t\t\t\t<\/div>\n\t\t<\/div>\n\t\t\t\t\t<\/div>\n\t\t<\/section>\n\t\t\t\t<section class=\"elementor-section elementor-top-section elementor-element elementor-element-ef8eedc elementor-section-boxed elementor-section-height-default elementor-section-height-default\" data-id=\"ef8eedc\" data-element_type=\"section\" data-e-type=\"section\">\n\t\t\t\t\t\t<div class=\"elementor-container elementor-column-gap-default\">\n\t\t\t\t\t<div class=\"elementor-column elementor-col-100 elementor-top-column elementor-element elementor-element-166326d\" data-id=\"166326d\" data-element_type=\"column\" data-e-type=\"column\">\n\t\t\t<div class=\"elementor-widget-wrap elementor-element-populated\">\n\t\t\t\t\t\t<div class=\"elementor-element elementor-element-7fd2c89 elementor-widget elementor-widget-spacer\" data-id=\"7fd2c89\" data-element_type=\"widget\" data-e-type=\"widget\" data-widget_type=\"spacer.default\">\n\t\t\t\t<div class=\"elementor-widget-container\">\n\t\t\t\t\t\t\t<div class=\"elementor-spacer\">\n\t\t\t<div class=\"elementor-spacer-inner\"><\/div>\n\t\t<\/div>\n\t\t\t\t\t\t<\/div>\n\t\t\t\t<\/div>\n\t\t\t\t\t<\/div>\n\t\t<\/div>\n\t\t\t\t\t<\/div>\n\t\t<\/section>\n\t\t\t\t<section class=\"elementor-section elementor-top-section elementor-element elementor-element-5810d64 elementor-section-boxed elementor-section-height-default elementor-section-height-default\" data-id=\"5810d64\" data-element_type=\"section\" data-e-type=\"section\">\n\t\t\t\t\t\t<div class=\"elementor-container elementor-column-gap-default\">\n\t\t\t\t\t<div class=\"elementor-column elementor-col-100 elementor-top-column elementor-element elementor-element-661c1ce\" data-id=\"661c1ce\" data-element_type=\"column\" data-e-type=\"column\">\n\t\t\t<div class=\"elementor-widget-wrap elementor-element-populated\">\n\t\t\t\t\t\t<div class=\"elementor-element elementor-element-e59c1da elementor-hidden-tablet elementor-hidden-mobile elementor-widget elementor-widget-spacer\" data-id=\"e59c1da\" data-element_type=\"widget\" data-e-type=\"widget\" data-widget_type=\"spacer.default\">\n\t\t\t\t<div class=\"elementor-widget-container\">\n\t\t\t\t\t\t\t<div class=\"elementor-spacer\">\n\t\t\t<div class=\"elementor-spacer-inner\"><\/div>\n\t\t<\/div>\n\t\t\t\t\t\t<\/div>\n\t\t\t\t<\/div>\n\t\t\t\t<div class=\"elementor-element elementor-element-edee08c elementor-widget elementor-widget-heading\" data-id=\"edee08c\" data-element_type=\"widget\" data-e-type=\"widget\" data-widget_type=\"heading.default\">\n\t\t\t\t<div class=\"elementor-widget-container\">\n\t\t\t\t\t<h2 class=\"elementor-heading-title elementor-size-default\">Informace o rezervaci<\/h2>\t\t\t\t<\/div>\n\t\t\t\t<\/div>\n\t\t\t\t<div class=\"elementor-element elementor-element-4696bfc elementor-widget elementor-widget-spacer\" data-id=\"4696bfc\" data-element_type=\"widget\" data-e-type=\"widget\" data-widget_type=\"spacer.default\">\n\t\t\t\t<div class=\"elementor-widget-container\">\n\t\t\t\t\t\t\t<div class=\"elementor-spacer\">\n\t\t\t<div class=\"elementor-spacer-inner\"><\/div>\n\t\t<\/div>\n\t\t\t\t\t\t<\/div>\n\t\t\t\t<\/div>\n\t\t\t\t\t<\/div>\n\t\t<\/div>\n\t\t\t\t\t<\/div>\n\t\t<\/section>\n\t\t\t\t<section class=\"elementor-section elementor-top-section elementor-element elementor-element-21ab877 elementor-section-boxed elementor-section-height-default elementor-section-height-default\" data-id=\"21ab877\" data-element_type=\"section\" data-e-type=\"section\">\n\t\t\t\t\t\t<div class=\"elementor-container elementor-column-gap-default\">\n\t\t\t\t\t<div class=\"elementor-column elementor-col-100 elementor-top-column elementor-element elementor-element-b081122\" data-id=\"b081122\" data-element_type=\"column\" data-e-type=\"column\">\n\t\t\t<div class=\"elementor-widget-wrap elementor-element-populated\">\n\t\t\t\t\t\t<div class=\"elementor-element elementor-element-049e696 elementor-widget elementor-widget-text-editor\" data-id=\"049e696\" data-element_type=\"widget\" data-e-type=\"widget\" data-widget_type=\"text-editor.default\">\n\t\t\t\t<div class=\"elementor-widget-container\">\n\t\t\t\t\t\t\t\t\t<p>O rezervaci pokoje se m\u016f\u017eete informovat vypln\u011bn\u00edm n\u00ed\u017ee uveden\u00e9ho formul\u00e1\u0159e nebo n\u00e1s kontaktujte na kontaktn\u00edch \u00fadaj\u00edch v sekci Kontakt!<\/p><p>Cena ubytov\u00e1n\u00ed nezahrnuje turistickou da\u0148, kterou je t\u0159eba uhradit na m\u00edst\u011b: 2 \u20ac na osobu a den.<\/p><p>Jednor\u00e1zov\u00fd poplatek za \u00faklid nen\u00ed zahrnut v cen\u011b a \u010din\u00ed 25 \u20ac na osobu a rezervaci.<\/p><p><b>D\u016eLE\u017dIT\u00c9<\/b>: Nab\u00edz\u00edme rezervaci cel\u00e9ho domu pro skupiny a\u017e 45 osob. V takov\u00e9m p\u0159\u00edpad\u011b pros\u00edm p\u0159i vypl\u0148ov\u00e1n\u00ed rezerva\u010dn\u00edho formul\u00e1\u0159e vyberte mo\u017enost \"cel\u00fd d\u016fm\"!<\/p><p>P\u0159i rezervaci cel\u00e9ho domu je t\u0159eba slo\u017eit z\u00e1lohu ve v\u00fd\u0161i 500 \u20ac (p\u011bt set eur), kter\u00e1 se plat\u00ed v hotovosti p\u0159i p\u0159\u00edjezdu. Z\u00e1loha bude automaticky vr\u00e1cena p\u0159i odjezdu, pokud bude pou\u017eit\u00e9 vybaven\u00ed shled\u00e1no v po\u0159\u00e1dku.<\/p>\t\t\t\t\t\t\t\t<\/div>\n\t\t\t\t<\/div>\n\t\t\t\t\t<\/div>\n\t\t<\/div>\n\t\t\t\t\t<\/div>\n\t\t<\/section>\n\t\t\t\t<section class=\"elementor-section elementor-top-section elementor-element elementor-element-9736ddc elementor-section-full_width elementor-section-height-default elementor-section-height-default\" data-id=\"9736ddc\" data-element_type=\"section\" data-e-type=\"section\">\n\t\t\t\t\t\t<div class=\"elementor-container elementor-column-gap-no\">\n\t\t\t\t\t<div class=\"elementor-column elementor-col-100 elementor-top-column elementor-element elementor-element-40e6ce5\" data-id=\"40e6ce5\" data-element_type=\"column\" data-e-type=\"column\">\n\t\t\t<div class=\"elementor-widget-wrap elementor-element-populated\">\n\t\t\t\t\t\t<div class=\"elementor-element elementor-element-48c85ac elementor-widget elementor-widget-template\" data-id=\"48c85ac\" data-element_type=\"widget\" data-e-type=\"widget\" data-widget_type=\"template.default\">\n\t\t\t\t<div class=\"elementor-widget-container\">\n\t\t\t\t\t\t\t<div class=\"elementor-template\">\n\t\t\t\t\t<div data-elementor-type=\"section\" data-elementor-id=\"4202\" class=\"elementor elementor-4202\" data-elementor-post-type=\"elementor_library\">\n\t\t\t\t\t<section class=\"elementor-section elementor-inner-section elementor-element elementor-element-63b98b23 elementor-section-full_width elementor-section-height-default elementor-section-height-default\" data-id=\"63b98b23\" data-element_type=\"section\" data-e-type=\"section\">\n\t\t\t\t\t\t<div class=\"elementor-container elementor-column-gap-no\">\n\t\t\t\t\t<div class=\"elementor-column elementor-col-33 elementor-inner-column elementor-element elementor-element-15b322fb\" data-id=\"15b322fb\" data-element_type=\"column\" data-e-type=\"column\">\n\t\t\t<div class=\"elementor-widget-wrap elementor-element-populated\">\n\t\t\t\t\t\t<div class=\"elementor-element elementor-element-10d9d7af elementor-widget elementor-widget-spacer\" data-id=\"10d9d7af\" data-element_type=\"widget\" data-e-type=\"widget\" data-widget_type=\"spacer.default\">\n\t\t\t\t<div class=\"elementor-widget-container\">\n\t\t\t\t\t\t\t<div class=\"elementor-spacer\">\n\t\t\t<div class=\"elementor-spacer-inner\"><\/div>\n\t\t<\/div>\n\t\t\t\t\t\t<\/div>\n\t\t\t\t<\/div>\n\t\t\t\t\t<\/div>\n\t\t<\/div>\n\t\t\t\t<div class=\"elementor-column elementor-col-33 elementor-inner-column elementor-element elementor-element-264b1cb1\" data-id=\"264b1cb1\" data-element_type=\"column\" data-e-type=\"column\">\n\t\t\t<div class=\"elementor-widget-wrap elementor-element-populated\">\n\t\t\t\t\t\t<div class=\"elementor-element elementor-element-25bbdac elementor-align-center elementor-widget elementor-widget-button\" data-id=\"25bbdac\" data-element_type=\"widget\" data-e-type=\"widget\" data-widget_type=\"button.default\">\n\t\t\t\t<div class=\"elementor-widget-container\">\n\t\t\t\t\t\t\t\t\t<div class=\"elementor-button-wrapper\">\n\t\t\t\t\t<a class=\"elementor-button elementor-button-link elementor-size-md\" href=\"https:\/\/www.digithotel.eu\/booking_new\/index.php?code=b2da24fe814373677772107f6c0058943b&#038;lang=EN\">\n\t\t\t\t\t\t<span class=\"elementor-button-content-wrapper\">\n\t\t\t\t\t\t\t\t\t<span class=\"elementor-button-text\">R\u00e1d bych z\u016fstal v tomto pokoji<\/span>\n\t\t\t\t\t<\/span>\n\t\t\t\t\t<\/a>\n\t\t\t\t<\/div>\n\t\t\t\t\t\t\t\t<\/div>\n\t\t\t\t<\/div>\n\t\t\t\t<div class=\"elementor-element elementor-element-bf57364 elementor-widget elementor-widget-spacer\" data-id=\"bf57364\" data-element_type=\"widget\" data-e-type=\"widget\" data-widget_type=\"spacer.default\">\n\t\t\t\t<div class=\"elementor-widget-container\">\n\t\t\t\t\t\t\t<div class=\"elementor-spacer\">\n\t\t\t<div class=\"elementor-spacer-inner\"><\/div>\n\t\t<\/div>\n\t\t\t\t\t\t<\/div>\n\t\t\t\t<\/div>\n\t\t\t\t\t<\/div>\n\t\t<\/div>\n\t\t\t\t<div class=\"elementor-column elementor-col-33 elementor-inner-column elementor-element elementor-element-38de24d9\" data-id=\"38de24d9\" data-element_type=\"column\" data-e-type=\"column\">\n\t\t\t<div class=\"elementor-widget-wrap elementor-element-populated\">\n\t\t\t\t\t\t<div class=\"elementor-element elementor-element-1686c00b elementor-widget elementor-widget-spacer\" data-id=\"1686c00b\" data-element_type=\"widget\" data-e-type=\"widget\" data-widget_type=\"spacer.default\">\n\t\t\t\t<div class=\"elementor-widget-container\">\n\t\t\t\t\t\t\t<div class=\"elementor-spacer\">\n\t\t\t<div class=\"elementor-spacer-inner\"><\/div>\n\t\t<\/div>\n\t\t\t\t\t\t<\/div>\n\t\t\t\t<\/div>\n\t\t\t\t\t<\/div>\n\t\t<\/div>\n\t\t\t\t\t<\/div>\n\t\t<\/section>\n\t\t\t\t<\/div>\n\t\t\t\t<\/div>\n\t\t\t\t\t\t<\/div>\n\t\t\t\t<\/div>\n\t\t\t\t\t<\/div>\n\t\t<\/div>\n\t\t\t\t\t<\/div>\n\t\t<\/section>\n\t\t\t\t<section class=\"elementor-section elementor-top-section elementor-element elementor-element-39f30ea elementor-section-boxed elementor-section-height-default elementor-section-height-default\" data-id=\"39f30ea\" data-element_type=\"section\" data-e-type=\"section\">\n\t\t\t\t\t\t<div class=\"elementor-container elementor-column-gap-default\">\n\t\t\t\t\t<div class=\"elementor-column elementor-col-100 elementor-top-column elementor-element elementor-element-6c22eba\" data-id=\"6c22eba\" data-element_type=\"column\" data-e-type=\"column\">\n\t\t\t<div class=\"elementor-widget-wrap elementor-element-populated\">\n\t\t\t\t\t\t<div class=\"elementor-element elementor-element-036fb95 elementor-widget elementor-widget-spacer\" data-id=\"036fb95\" data-element_type=\"widget\" data-e-type=\"widget\" data-widget_type=\"spacer.default\">\n\t\t\t\t<div class=\"elementor-widget-container\">\n\t\t\t\t\t\t\t<div class=\"elementor-spacer\">\n\t\t\t<div class=\"elementor-spacer-inner\"><\/div>\n\t\t<\/div>\n\t\t\t\t\t\t<\/div>\n\t\t\t\t<\/div>\n\t\t\t\t\t<\/div>\n\t\t<\/div>\n\t\t\t\t\t<\/div>\n\t\t<\/section>\n\t\t\t\t<\/div>","protected":false},"excerpt":{"rendered":"<p>Szobafoglal\u00e1si tudnival\u00f3k Szobafoglal\u00e1ssal kapcsolatosan \u00e9rdekl\u0151dhet a lentebb tal\u00e1lhat\u00f3 \u0171rlap kit\u00f6lt\u00e9s\u00e9vel \u00e9s a kapcsolatfelv\u00e9tel men\u00fcpontban tal\u00e1lhat\u00f3 el\u00e9rhet\u0151s\u00e9geinken! A sz\u00e1ll\u00e1s \u00e1ra nem tartalmazza az idegenforgalmi ad\u00f3t, amit majd a helysz\u00ednen kell fizetni: \u20ac2 \/ f\u0151 \/ nap. Az egyszeri takar\u00edt\u00e1si k\u00f6lts\u00e9get nem tartalmazza az \u00e1r, ami \u20ac25 \/ f\u0151 \/ foglal\u00e1s. FONTOS: Lehet\u0151s\u00e9get biztos\u00edtunk teljes h\u00e1z foglal\u00e1sra [&hellip;]<\/p>\n","protected":false},"author":1,"featured_media":0,"parent":0,"menu_order":0,"comment_status":"closed","ping_status":"closed","template":"","meta":{"site-sidebar-layout":"no-sidebar","site-content-layout":"page-builder","ast-site-content-layout":"default","site-content-style":"default","site-sidebar-style":"default","ast-global-header-display":"","ast-banner-title-visibility":"","ast-main-header-display":"","ast-hfb-above-header-display":"","ast-hfb-below-header-display":"","ast-hfb-mobile-header-display":"","site-post-title":"disabled","ast-breadcrumbs-content":"","ast-featured-img":"disabled","footer-sml-layout":"","ast-disable-related-posts":"","theme-transparent-header-meta":"","adv-header-id-meta":"","stick-header-meta":"","header-above-stick-meta":"","header-main-stick-meta":"","header-below-stick-meta":"","astra-migrate-meta-layouts":"default","ast-page-background-enabled":"default","ast-page-background-meta":{"desktop":{"background-color":"var(--ast-global-color-4)","background-image":"","background-repeat":"repeat","background-position":"center center","background-size":"auto","background-attachment":"scroll","background-type":"","background-media":"","overlay-type":"","overlay-color":"","overlay-opacity":"","overlay-gradient":""},"tablet":{"background-color":"","background-image":"","background-repeat":"repeat","background-position":"center center","background-size":"auto","background-attachment":"scroll","background-type":"","background-media":"","overlay-type":"","overlay-color":"","overlay-opacity":"","overlay-gradient":""},"mobile":{"background-color":"","background-image":"","background-repeat":"repeat","background-position":"center center","background-size":"auto","background-attachment":"scroll","background-type":"","background-media":"","overlay-type":"","overlay-color":"","overlay-opacity":"","overlay-gradient":""}},"ast-content-background-meta":{"desktop":{"background-color":"var(--ast-global-color-5)","background-image":"","background-repeat":"repeat","background-position":"center center","background-size":"auto","background-attachment":"scroll","background-type":"","background-media":"","overlay-type":"","overlay-color":"","overlay-opacity":"","overlay-gradient":""},"tablet":{"background-color":"var(--ast-global-color-5)","background-image":"","background-repeat":"repeat","background-position":"center center","background-size":"auto","background-attachment":"scroll","background-type":"","background-media":"","overlay-type":"","overlay-color":"","overlay-opacity":"","overlay-gradient":""},"mobile":{"background-color":"var(--ast-global-color-5)","background-image":"","background-repeat":"repeat","background-position":"center center","background-size":"auto","background-attachment":"scroll","background-type":"","background-media":"","overlay-type":"","overlay-color":"","overlay-opacity":"","overlay-gradient":""}},"footnotes":""},"class_list":["post-2531","page","type-page","status-publish","hentry"],"yoast_head":"<!-- This site is optimized with the Yoast SEO Premium plugin v25.6 (Yoast SEO v27.4) - https:\/\/yoast.com\/product\/yoast-seo-premium-wordpress\/ -->\n<title>reservation - sportclubhausamwildkogel<\/title>\n<meta name=\"robots\" content=\"noindex, follow\" \/>\n<meta property=\"og:locale\" content=\"cs_CZ\" \/>\n<meta property=\"og:type\" content=\"article\" \/>\n<meta property=\"og:title\" content=\"reservation\" \/>\n<meta property=\"og:description\" content=\"Szobafoglal\u00e1si tudnival\u00f3k Szobafoglal\u00e1ssal kapcsolatosan \u00e9rdekl\u0151dhet a lentebb tal\u00e1lhat\u00f3 \u0171rlap kit\u00f6lt\u00e9s\u00e9vel \u00e9s a kapcsolatfelv\u00e9tel men\u00fcpontban tal\u00e1lhat\u00f3 el\u00e9rhet\u0151s\u00e9geinken! A sz\u00e1ll\u00e1s \u00e1ra nem tartalmazza az idegenforgalmi ad\u00f3t, amit majd a helysz\u00ednen kell fizetni: \u20ac2 \/ f\u0151 \/ nap. Az egyszeri takar\u00edt\u00e1si k\u00f6lts\u00e9get nem tartalmazza az \u00e1r, ami \u20ac25 \/ f\u0151 \/ foglal\u00e1s. FONTOS: Lehet\u0151s\u00e9get biztos\u00edtunk teljes h\u00e1z foglal\u00e1sra [&hellip;]\" \/>\n<meta property=\"og:url\" content=\"https:\/\/sportclubhausamwildkogel.eu\/cs\/appointment\/\" \/>\n<meta property=\"og:site_name\" content=\"sportclubhausamwildkogel\" \/>\n<meta property=\"article:modified_time\" content=\"2023-10-16T20:40:21+00:00\" \/>\n<meta name=\"twitter:card\" content=\"summary_large_image\" \/>\n<meta name=\"twitter:label1\" content=\"Odhadovan\u00e1 doba \u010dten\u00ed\" \/>\n\t<meta name=\"twitter:data1\" content=\"2 minuty\" \/>\n<script type=\"application\/ld+json\" class=\"yoast-schema-graph\">{\"@context\":\"https:\\\/\\\/schema.org\",\"@graph\":[{\"@type\":\"WebPage\",\"@id\":\"https:\\\/\\\/sportclubhausamwildkogel.eu\\\/appointment\\\/\",\"url\":\"https:\\\/\\\/sportclubhausamwildkogel.eu\\\/appointment\\\/\",\"name\":\"reservation - sportclubhausamwildkogel\",\"isPartOf\":{\"@id\":\"https:\\\/\\\/sportclubhausamwildkogel.eu\\\/#website\"},\"datePublished\":\"2022-07-12T09:01:49+00:00\",\"dateModified\":\"2023-10-16T20:40:21+00:00\",\"breadcrumb\":{\"@id\":\"https:\\\/\\\/sportclubhausamwildkogel.eu\\\/appointment\\\/#breadcrumb\"},\"inLanguage\":\"cs\",\"potentialAction\":[{\"@type\":\"ReadAction\",\"target\":[\"https:\\\/\\\/sportclubhausamwildkogel.eu\\\/appointment\\\/\"]}]},{\"@type\":\"BreadcrumbList\",\"@id\":\"https:\\\/\\\/sportclubhausamwildkogel.eu\\\/appointment\\\/#breadcrumb\",\"itemListElement\":[{\"@type\":\"ListItem\",\"position\":1,\"name\":\"Home\",\"item\":\"https:\\\/\\\/sportclubhausamwildkogel.eu\\\/\"},{\"@type\":\"ListItem\",\"position\":2,\"name\":\"reservation\"}]},{\"@type\":\"WebSite\",\"@id\":\"https:\\\/\\\/sportclubhausamwildkogel.eu\\\/#website\",\"url\":\"https:\\\/\\\/sportclubhausamwildkogel.eu\\\/\",\"name\":\"sportclubhausamwildkogel\",\"description\":\"\",\"potentialAction\":[{\"@type\":\"SearchAction\",\"target\":{\"@type\":\"EntryPoint\",\"urlTemplate\":\"https:\\\/\\\/sportclubhausamwildkogel.eu\\\/?s={search_term_string}\"},\"query-input\":{\"@type\":\"PropertyValueSpecification\",\"valueRequired\":true,\"valueName\":\"search_term_string\"}}],\"inLanguage\":\"cs\"}]}<\/script>\n<!-- \/ Yoast SEO Premium plugin. -->","yoast_head_json":{"title":"rezervace - sportclubhausamwildkogel","robots":{"index":"noindex","follow":"follow"},"og_locale":"cs_CZ","og_type":"article","og_title":"reservation","og_description":"Szobafoglal\u00e1si tudnival\u00f3k Szobafoglal\u00e1ssal kapcsolatosan \u00e9rdekl\u0151dhet a lentebb tal\u00e1lhat\u00f3 \u0171rlap kit\u00f6lt\u00e9s\u00e9vel \u00e9s a kapcsolatfelv\u00e9tel men\u00fcpontban tal\u00e1lhat\u00f3 el\u00e9rhet\u0151s\u00e9geinken! A sz\u00e1ll\u00e1s \u00e1ra nem tartalmazza az idegenforgalmi ad\u00f3t, amit majd a helysz\u00ednen kell fizetni: \u20ac2 \/ f\u0151 \/ nap. Az egyszeri takar\u00edt\u00e1si k\u00f6lts\u00e9get nem tartalmazza az \u00e1r, ami \u20ac25 \/ f\u0151 \/ foglal\u00e1s. FONTOS: Lehet\u0151s\u00e9get biztos\u00edtunk teljes h\u00e1z foglal\u00e1sra [&hellip;]","og_url":"https:\/\/sportclubhausamwildkogel.eu\/cs\/appointment\/","og_site_name":"sportclubhausamwildkogel","article_modified_time":"2023-10-16T20:40:21+00:00","twitter_card":"summary_large_image","twitter_misc":{"Odhadovan\u00e1 doba \u010dten\u00ed":"2 minuty"},"schema":{"@context":"https:\/\/schema.org","@graph":[{"@type":"WebPage","@id":"https:\/\/sportclubhausamwildkogel.eu\/appointment\/","url":"https:\/\/sportclubhausamwildkogel.eu\/appointment\/","name":"rezervace - sportclubhausamwildkogel","isPartOf":{"@id":"https:\/\/sportclubhausamwildkogel.eu\/#website"},"datePublished":"2022-07-12T09:01:49+00:00","dateModified":"2023-10-16T20:40:21+00:00","breadcrumb":{"@id":"https:\/\/sportclubhausamwildkogel.eu\/appointment\/#breadcrumb"},"inLanguage":"cs","potentialAction":[{"@type":"ReadAction","target":["https:\/\/sportclubhausamwildkogel.eu\/appointment\/"]}]},{"@type":"BreadcrumbList","@id":"https:\/\/sportclubhausamwildkogel.eu\/appointment\/#breadcrumb","itemListElement":[{"@type":"ListItem","position":1,"name":"Home","item":"https:\/\/sportclubhausamwildkogel.eu\/"},{"@type":"ListItem","position":2,"name":"reservation"}]},{"@type":"WebSite","@id":"https:\/\/sportclubhausamwildkogel.eu\/#website","url":"https:\/\/sportclubhausamwildkogel.eu\/","name":"sportclubhausamwildkogel","description":"","potentialAction":[{"@type":"SearchAction","target":{"@type":"EntryPoint","urlTemplate":"https:\/\/sportclubhausamwildkogel.eu\/?s={search_term_string}"},"query-input":{"@type":"PropertyValueSpecification","valueRequired":true,"valueName":"search_term_string"}}],"inLanguage":"cs"}]}},"_links":{"self":[{"href":"https:\/\/sportclubhausamwildkogel.eu\/cs\/wp-json\/wp\/v2\/pages\/2531","targetHints":{"allow":["GET"]}}],"collection":[{"href":"https:\/\/sportclubhausamwildkogel.eu\/cs\/wp-json\/wp\/v2\/pages"}],"about":[{"href":"https:\/\/sportclubhausamwildkogel.eu\/cs\/wp-json\/wp\/v2\/types\/page"}],"author":[{"embeddable":true,"href":"https:\/\/sportclubhausamwildkogel.eu\/cs\/wp-json\/wp\/v2\/users\/1"}],"replies":[{"embeddable":true,"href":"https:\/\/sportclubhausamwildkogel.eu\/cs\/wp-json\/wp\/v2\/comments?post=2531"}],"version-history":[{"count":74,"href":"https:\/\/sportclubhausamwildkogel.eu\/cs\/wp-json\/wp\/v2\/pages\/2531\/revisions"}],"predecessor-version":[{"id":6577,"href":"https:\/\/sportclubhausamwildkogel.eu\/cs\/wp-json\/wp\/v2\/pages\/2531\/revisions\/6577"}],"wp:attachment":[{"href":"https:\/\/sportclubhausamwildkogel.eu\/cs\/wp-json\/wp\/v2\/media?parent=2531"}],"curies":[{"name":"wp","href":"https:\/\/api.w.org\/{rel}","templated":true}]}}